{"id":9889,"date":"2025-07-01T10:22:55","date_gmt":"2025-07-01T08:22:55","guid":{"rendered":"https:\/\/www.piquant.me\/?page_id=9889"},"modified":"2025-07-01T11:24:29","modified_gmt":"2025-07-01T09:24:29","slug":"aufbau-einer-internen-infrastruktur","status":"publish","type":"page","link":"https:\/\/www.piquant.me\/en\/aufbau-einer-internen-infrastruktur\/","title":{"rendered":"Aufbau einer internen Infrastruktur"},"content":{"rendered":"<div data-elementor-type=\"wp-page\" data-elementor-id=\"9889\" class=\"elementor elementor-9889\">\n\t\t\t\t<div class=\"elementor-element elementor-element-31d9b399 e-flex e-con-boxed e-con e-parent\" data-id=\"31d9b399\" data-element_type=\"container\">\n\t\t\t\t\t<div class=\"e-con-inner\">\n\t\t\t\t<div class=\"elementor-element elementor-element-7494dea7 image-width-full elementor-widget elementor-widget-mae-gallery-stack\" data-id=\"7494dea7\" data-element_type=\"widget\" data-widget_type=\"mae-gallery-stack.default\">\n\t\t\t\t<div class=\"elementor-widget-container\">\n\t\t\t\t\t\t\t<div class=\"master-gallery-stack\">\n\t\t\t<div class=\"master-fancy-image elementor-repeater-item-6081b5b\" data-top=\"-40px\">\n\t\t\t\t\t\t\t\t\t\t<div class=\"image-wrap\"><img fetchpriority=\"high\" decoding=\"async\" width=\"1170\" height=\"799\" src=\"https:\/\/www.piquant.me\/wp-content\/uploads\/2021\/07\/blog-51.jpg\" class=\"attachment-full size-full\" alt=\"image\" srcset=\"https:\/\/www.piquant.me\/wp-content\/uploads\/2021\/07\/blog-51.jpg 1170w, https:\/\/www.piquant.me\/wp-content\/uploads\/2021\/07\/blog-51-300x205.jpg 300w, https:\/\/www.piquant.me\/wp-content\/uploads\/2021\/07\/blog-51-1024x699.jpg 1024w, https:\/\/www.piquant.me\/wp-content\/uploads\/2021\/07\/blog-51-768x524.jpg 768w\" sizes=\"(max-width: 1170px) 100vw, 1170px\" \/><\/div>\n\t\t\t\t\t\t\t\t\t<\/div><div class=\"master-fancy-image elementor-repeater-item-a893af9\" data-top=\"0px\">\n\t\t\t\t\t\t\t\t\t\t<div class=\"image-wrap\"><img decoding=\"async\" width=\"947\" height=\"917\" src=\"https:\/\/www.piquant.me\/wp-content\/uploads\/2025\/07\/Screenshot-2025-07-01-103704.png\" class=\"attachment-full size-full\" alt=\"\" srcset=\"https:\/\/www.piquant.me\/wp-content\/uploads\/2025\/07\/Screenshot-2025-07-01-103704.png 947w, https:\/\/www.piquant.me\/wp-content\/uploads\/2025\/07\/Screenshot-2025-07-01-103704-300x290.png 300w, https:\/\/www.piquant.me\/wp-content\/uploads\/2025\/07\/Screenshot-2025-07-01-103704-768x744.png 768w, https:\/\/www.piquant.me\/wp-content\/uploads\/2025\/07\/Screenshot-2025-07-01-103704-12x12.png 12w\" sizes=\"(max-width: 947px) 100vw, 947px\" \/><\/div>\n\t\t\t\t\t\t\t\t\t<\/div>\t\t<\/div>\n\t    \t\t\t\t<\/div>\n\t\t\t\t<\/div>\n\t\t\t\t\t<\/div>\n\t\t\t\t<\/div>\n\t\t<div class=\"elementor-element elementor-element-779f9202 e-flex e-con-boxed e-con e-parent\" data-id=\"779f9202\" data-element_type=\"container\">\n\t\t\t\t\t<div class=\"e-con-inner\">\n\t\t\t\t<div class=\"elementor-element elementor-element-1c92eb54 elementor-widget elementor-widget-mae-headings\" data-id=\"1c92eb54\" data-element_type=\"widget\" data-widget_type=\"mae-headings.default\">\n\t\t\t\t<div class=\"elementor-widget-container\">\n\t\t\t\t\t\t\t<div class=\"master-heading sep-top\">\n\t\t\t<div class=\"sep\"><\/div>\t        \n\t        \n\t        \t        <h2 class=\"main-heading\">Aufbau einer internen Infrastruktur<\/h2>\n\t        \n\t        \n\t        \t            <div class=\"sub-heading\">\n<\/div>\n\t        \t    <\/div>\n\t    \t\t\t\t<\/div>\n\t\t\t\t<\/div>\n\t\t\t\t<div class=\"elementor-element elementor-element-05417fa elementor-widget elementor-widget-text-editor\" data-id=\"05417fa\" data-element_type=\"widget\" data-widget_type=\"text-editor.default\">\n\t\t\t\t<div class=\"elementor-widget-container\">\n\t\t\t\t\t\t\t\t\t<p align=\"left\"><span style=\"font-size: medium;\">Ausgangssituation:<br \/>Im Rahmen des Trainee-Programms bei Piquant wurde ein internes Infrastrukturprojekt ins Leben gerufen, um eine selbstverwaltete Cloud- und E-Mail-L\u00f6sung zu schaffen. Zuvor existierten keine einheitlichen internen Kommunikations- oder Speicherplattformen. Die Anforderungen umfassten die Einf\u00fchrung einer stabilen, datenschutzkonformen Umgebung f\u00fcr E-Mails und Dateiaustausch, die unabh\u00e4ngig von externen Cloud-Anbietern betrieben werden kann. Zus\u00e4tzlich sollte eine Ausfallsicherheit gew\u00e4hrleistet werden, um kritische Dienste durchgehend verf\u00fcgbar zu halten. <\/span><\/p>\t\t\t\t\t\t\t\t<\/div>\n\t\t\t\t<\/div>\n\t\t\t\t\t<\/div>\n\t\t\t\t<\/div>\n\t\t<div class=\"elementor-element elementor-element-b8d0b26 e-flex e-con-boxed e-con e-parent\" data-id=\"b8d0b26\" data-element_type=\"container\">\n\t\t\t\t\t<div class=\"e-con-inner\">\n\t\t\t\t<div class=\"elementor-element elementor-element-1362f3f2 elementor-widget-divider--view-line elementor-widget elementor-widget-divider\" data-id=\"1362f3f2\" data-element_type=\"widget\" data-widget_type=\"divider.default\">\n\t\t\t\t<div class=\"elementor-widget-container\">\n\t\t\t\t\t\t\t<div class=\"elementor-divider\">\n\t\t\t<span class=\"elementor-divider-separator\">\n\t\t\t\t\t\t<\/span>\n\t\t<\/div>\n\t\t\t\t\t\t<\/div>\n\t\t\t\t<\/div>\n\t\t\t\t<div class=\"elementor-element elementor-element-7d9115c3 elementor-widget elementor-widget-text-editor\" data-id=\"7d9115c3\" data-element_type=\"widget\" data-widget_type=\"text-editor.default\">\n\t\t\t\t<div class=\"elementor-widget-container\">\n\t\t\t\t\t\t\t\t\t<p align=\"left\"><span style=\"font-size: medium;\">Unsere Herangehensweise:<br \/><\/span><span style=\"font-size: medium;\">Die gesamte Infrastruktur wurde auf zwei gesonderten Servern bei unterschiedlichen Anbietern realisiert. Beide Server erhielten identische Docker-Container-Setups f\u00fcr den Mailserver und den Cloud-Dienst Seafile. Beide Dienste wurden mit einem Webinterface ausgestattet, um die Benutzerfreundlichkeit zu erh\u00f6hen. Die Systeme werden regelm\u00e4\u00dfig manuell synchronisiert, damit bei einem Ausfall der Betrieb auf dem jeweils anderen Server \u00fcbernommen werden kann.<br \/>Zus\u00e4tzlich wurde LDAP eingerichtet, um zentrale Nutzerverwaltung zu erm\u00f6glichen. Aufgrund fehlender automatischer Synchronisation zwischen den LDAP-Instanzen wurde eine manuelle Datenpflege als praktikable Zwischenl\u00f6sung etabliert. Die Migration alter E-Mail-Daten sowie die Einbindung eines neuen, funktionalen Webclients wurden erfolgreich umgesetzt. Bei der L\u00f6sungsfindung wurde sich viel an bestehenden Ideen und Best Practices orientiert, welche an die konkreten Anforderungen des Unternehmens angepasst wurden.<\/span><\/p>\t\t\t\t\t\t\t\t<\/div>\n\t\t\t\t<\/div>\n\t\t<div class=\"elementor-element elementor-element-3edf37a1 e-con-full e-flex e-con e-child\" data-id=\"3edf37a1\" data-element_type=\"container\">\n\t\t\t\t<div class=\"elementor-element elementor-element-4d597b69 elementor-widget-divider--view-line elementor-widget elementor-widget-divider\" data-id=\"4d597b69\" data-element_type=\"widget\" data-widget_type=\"divider.default\">\n\t\t\t\t<div class=\"elementor-widget-container\">\n\t\t\t\t\t\t\t<div class=\"elementor-divider\">\n\t\t\t<span class=\"elementor-divider-separator\">\n\t\t\t\t\t\t<\/span>\n\t\t<\/div>\n\t\t\t\t\t\t<\/div>\n\t\t\t\t<\/div>\n\t\t\t\t<\/div>\n\t\t\t\t\t<\/div>\n\t\t\t\t<\/div>\n\t\t<div class=\"elementor-element elementor-element-68bf5072 e-flex e-con-boxed e-con e-parent\" data-id=\"68bf5072\" data-element_type=\"container\" data-settings=\"{&quot;background_background&quot;:&quot;classic&quot;}\">\n\t\t\t\t\t<div class=\"e-con-inner\">\n\t\t<div class=\"elementor-element elementor-element-203cd2e8 e-con-full e-flex e-con e-child\" data-id=\"203cd2e8\" data-element_type=\"container\" data-settings=\"{&quot;background_background&quot;:&quot;classic&quot;}\">\n\t\t\t\t<div class=\"elementor-element elementor-element-2dc144e6 elementor-view-default elementor-widget elementor-widget-icon\" data-id=\"2dc144e6\" data-element_type=\"widget\" data-widget_type=\"icon.default\">\n\t\t\t\t<div class=\"elementor-widget-container\">\n\t\t\t\t\t\t\t<div class=\"elementor-icon-wrapper\">\n\t\t\t<div class=\"elementor-icon\">\n\t\t\t<i aria-hidden=\"true\" class=\"ins ins-trade\"><\/i>\t\t\t<\/div>\n\t\t<\/div>\n\t\t\t\t\t\t<\/div>\n\t\t\t\t<\/div>\n\t\t\t\t<div class=\"elementor-element elementor-element-d1a1018 elementor-widget elementor-widget-text-editor\" data-id=\"d1a1018\" data-element_type=\"widget\" data-widget_type=\"text-editor.default\">\n\t\t\t\t<div class=\"elementor-widget-container\">\n\t\t\t\t\t\t\t\t\t<ul>\n \t<li>Modulare Docker-basierte Containerisierung der Mail- und Cloudserver<\/li>\n \t<li>\nStrukturierte Nutzung von Jira und Confluence zur Projektdokumentation\n<\/li>\n \t<li>Implementierung der Cloudspeicherl\u00f6sung Seafile mit intuitivem Webinterface<\/li>\n \t<li>Sorgf\u00e4ltige Einrichtung und Konfiguration eines LDAP-Servers<\/li>\n \t<li>Umfassende Sicherheitsma\u00dfnahmen inklusive Reverse-Proxy-Setup<\/li>\n<\/ul>\t\t\t\t\t\t\t\t<\/div>\n\t\t\t\t<\/div>\n\t\t\t\t<\/div>\n\t\t<div class=\"elementor-element elementor-element-1d900145 e-con-full e-flex e-con e-child\" data-id=\"1d900145\" data-element_type=\"container\">\n\t\t\t\t<\/div>\n\t\t<div class=\"elementor-element elementor-element-5076001b e-con-full e-flex e-con e-child\" data-id=\"5076001b\" data-element_type=\"container\">\n\t\t\t\t<div class=\"elementor-element elementor-element-16aef66a elementor-widget elementor-widget-text-editor\" data-id=\"16aef66a\" data-element_type=\"widget\" data-widget_type=\"text-editor.default\">\n\t\t\t\t<div class=\"elementor-widget-container\">\n\t\t\t\t\t\t\t\t\t<p align=\"left\"><span style=\"font-size: medium;\">Ergebnis:<br \/><\/span><span style=\"font-size: medium;\">Die Infrastruktur ist seit Projektende im produktiven Einsatz und erf\u00fcllt zuverl\u00e4ssig die Anforderungen des Unternehmens. Der Umstieg auf die neue Umgebung erfolgte reibungslos dank eines zuvor erstellten Migrationsplans. R\u00fcckblickend h\u00e4tten einige Prozesse, wie etwa die LDAP-Synchronisation, weiter automatisiert werden k\u00f6nnen, was bei einem gr\u00f6\u00dferen Unternehmen zwingend erforderlich w\u00e4re. F\u00fcr die aktuelle Gr\u00f6\u00dfe und Nutzung bei Piquant ist die L\u00f6sung jedoch effizient und wartbar. Das Projekt wurde intern positiv bewertet und zeigt, dass mit \u00fcberschaubarem Aufwand eine professionelle, selbstverwaltete Infrastruktur aufgebaut werden kann. <\/span><\/p>\t\t\t\t\t\t\t\t<\/div>\n\t\t\t\t<\/div>\n\t\t\t\t<\/div>\n\t\t\t\t\t<\/div>\n\t\t\t\t<\/div>\n\t\t\t\t<\/div>","protected":false},"excerpt":{"rendered":"<p>Aufbau einer internen Infrastruktur Ausgangssituation:Im Rahmen des Trainee-Programms bei Piquant wurde ein internes Infrastrukturprojekt ins Leben gerufen, um eine selbstverwaltete Cloud- und E-Mail-L\u00f6sung zu schaffen. Zuvor existierten keine einheitlichen internen Kommunikations- oder Speicherplattformen. Die Anforderungen umfassten die Einf\u00fchrung einer stabilen, datenschutzkonformen Umgebung f\u00fcr E-Mails und Dateiaustausch, die unabh\u00e4ngig von externen<\/p>","protected":false},"author":2,"featured_media":0,"parent":0,"menu_order":0,"comment_status":"closed","ping_status":"closed","template":"","meta":{"_monsterinsights_skip_tracking":false,"_monsterinsights_sitenote_active":false,"_monsterinsights_sitenote_note":"","_monsterinsights_sitenote_category":0,"footnotes":""},"class_list":["post-9889","page","type-page","status-publish","hentry"],"aioseo_notices":[],"_links":{"self":[{"href":"https:\/\/www.piquant.me\/en\/wp-json\/wp\/v2\/pages\/9889","targetHints":{"allow":["GET"]}}],"collection":[{"href":"https:\/\/www.piquant.me\/en\/wp-json\/wp\/v2\/pages"}],"about":[{"href":"https:\/\/www.piquant.me\/en\/wp-json\/wp\/v2\/types\/page"}],"author":[{"embeddable":true,"href":"https:\/\/www.piquant.me\/en\/wp-json\/wp\/v2\/users\/2"}],"replies":[{"embeddable":true,"href":"https:\/\/www.piquant.me\/en\/wp-json\/wp\/v2\/comments?post=9889"}],"version-history":[{"count":13,"href":"https:\/\/www.piquant.me\/en\/wp-json\/wp\/v2\/pages\/9889\/revisions"}],"predecessor-version":[{"id":9916,"href":"https:\/\/www.piquant.me\/en\/wp-json\/wp\/v2\/pages\/9889\/revisions\/9916"}],"wp:attachment":[{"href":"https:\/\/www.piquant.me\/en\/wp-json\/wp\/v2\/media?parent=9889"}],"curies":[{"name":"wp","href":"https:\/\/api.w.org\/{rel}","templated":true}]}}