{"id":9880,"date":"2025-07-01T08:52:35","date_gmt":"2025-07-01T06:52:35","guid":{"rendered":"https:\/\/www.piquant.me\/?page_id=9880"},"modified":"2025-07-01T13:40:37","modified_gmt":"2025-07-01T11:40:37","slug":"softwareadministration-in-planungstools","status":"publish","type":"page","link":"https:\/\/www.piquant.me\/en\/softwareadministration-in-planungstools\/","title":{"rendered":"Softwareadministration in Planungstools"},"content":{"rendered":"<div data-elementor-type=\"wp-page\" data-elementor-id=\"9880\" class=\"elementor elementor-9880\">\n\t\t\t\t<div class=\"elementor-element elementor-element-8e8f430 e-flex e-con-boxed e-con e-parent\" data-id=\"8e8f430\" data-element_type=\"container\">\n\t\t\t\t\t<div class=\"e-con-inner\">\n\t\t\t\t<div class=\"elementor-element elementor-element-67369f11 image-width-full elementor-widget elementor-widget-mae-gallery-stack\" data-id=\"67369f11\" data-element_type=\"widget\" data-widget_type=\"mae-gallery-stack.default\">\n\t\t\t\t<div class=\"elementor-widget-container\">\n\t\t\t\t\t\t\t<div class=\"master-gallery-stack\">\n\t\t\t<div class=\"master-fancy-image elementor-repeater-item-6081b5b\" data-top=\"-40px\">\n\t\t\t\t\t\t\t\t\t\t<div class=\"image-wrap\"><img fetchpriority=\"high\" decoding=\"async\" width=\"1170\" height=\"799\" src=\"https:\/\/www.piquant.me\/wp-content\/uploads\/2021\/07\/blog-51.jpg\" class=\"attachment-full size-full\" alt=\"image\" srcset=\"https:\/\/www.piquant.me\/wp-content\/uploads\/2021\/07\/blog-51.jpg 1170w, https:\/\/www.piquant.me\/wp-content\/uploads\/2021\/07\/blog-51-300x205.jpg 300w, https:\/\/www.piquant.me\/wp-content\/uploads\/2021\/07\/blog-51-1024x699.jpg 1024w, https:\/\/www.piquant.me\/wp-content\/uploads\/2021\/07\/blog-51-768x524.jpg 768w\" sizes=\"(max-width: 1170px) 100vw, 1170px\" \/><\/div>\n\t\t\t\t\t\t\t\t\t<\/div><div class=\"master-fancy-image elementor-repeater-item-a893af9\" data-top=\"0px\">\n\t\t\t\t\t\t\t\t\t\t<div class=\"image-wrap\"><img decoding=\"async\" width=\"1490\" height=\"958\" src=\"https:\/\/www.piquant.me\/wp-content\/uploads\/2025\/07\/Screenshot-2025-07-01-112914.png\" class=\"attachment-full size-full\" alt=\"\" srcset=\"https:\/\/www.piquant.me\/wp-content\/uploads\/2025\/07\/Screenshot-2025-07-01-112914.png 1490w, https:\/\/www.piquant.me\/wp-content\/uploads\/2025\/07\/Screenshot-2025-07-01-112914-300x193.png 300w, https:\/\/www.piquant.me\/wp-content\/uploads\/2025\/07\/Screenshot-2025-07-01-112914-1024x658.png 1024w, https:\/\/www.piquant.me\/wp-content\/uploads\/2025\/07\/Screenshot-2025-07-01-112914-768x494.png 768w, https:\/\/www.piquant.me\/wp-content\/uploads\/2025\/07\/Screenshot-2025-07-01-112914-18x12.png 18w\" sizes=\"(max-width: 1490px) 100vw, 1490px\" \/><\/div>\n\t\t\t\t\t\t\t\t\t<\/div>\t\t<\/div>\n\t    \t\t\t\t<\/div>\n\t\t\t\t<\/div>\n\t\t\t\t\t<\/div>\n\t\t\t\t<\/div>\n\t\t<div class=\"elementor-element elementor-element-452a8062 e-flex e-con-boxed e-con e-parent\" data-id=\"452a8062\" data-element_type=\"container\">\n\t\t\t\t\t<div class=\"e-con-inner\">\n\t\t\t\t<div class=\"elementor-element elementor-element-5dc1e932 elementor-widget elementor-widget-mae-headings\" data-id=\"5dc1e932\" data-element_type=\"widget\" data-widget_type=\"mae-headings.default\">\n\t\t\t\t<div class=\"elementor-widget-container\">\n\t\t\t\t\t\t\t<div class=\"master-heading sep-top\">\n\t\t\t<div class=\"sep\"><\/div>\t        \n\t        \n\t        \t        <h2 class=\"main-heading\">Softwareadministration in Planungstools<\/h2>\n\t        \n\t        \n\t        \t            <div class=\"sub-heading\">\n<\/div>\n\t        \t    <\/div>\n\t    \t\t\t\t<\/div>\n\t\t\t\t<\/div>\n\t\t\t\t<div class=\"elementor-element elementor-element-76e30439 elementor-widget elementor-widget-text-editor\" data-id=\"76e30439\" data-element_type=\"widget\" data-widget_type=\"text-editor.default\">\n\t\t\t\t<div class=\"elementor-widget-container\">\n\t\t\t\t\t\t\t\t\t<p align=\"left\"><span style=\"font-size: medium;\">Ausgangssituation:<br \/><\/span><span style=\"font-size: medium;\">Im Rahmen des Projekts wird das bestehende IT-Team eines namhaften Medienhauses durch Piquant mit einem fachkundigen Mitarbeiter unterst\u00fctzt. Die betreuten Applikationen, darunter mehrere interne Themenplanungstools und <\/span><span style=\"font-size: medium;\">zwei<\/span><span style=\"font-size: medium;\"> Bilddatenbank<\/span><span style=\"font-size: medium;\">en<\/span><span style=\"font-size: medium;\">, sind <\/span>gesch\u00e4ftskritisch<span style=\"font-size: medium;\"> f\u00fcr den redaktionellen Alltag. Externe Mitarbeitende m\u00fcssen zun\u00e4chst in firmeneigene Software und Prozesse eingearbeitet werden, bevor sie aktiv unterst\u00fctzen k\u00f6nnen. Die technische Basis besteht \u00fcberwiegend aus Linux-Systemen, jedoch wird auch vereinzelt Support in Windows-Anwendungen <\/span><span style=\"font-size: medium;\">erwartet<\/span><span style=\"font-size: medium;\">. Die Supportprozesse folgen dem ITIL-Framework, was eine strukturierte Bearbeitung sicherstellt.<\/span><\/p>\t\t\t\t\t\t\t\t<\/div>\n\t\t\t\t<\/div>\n\t\t\t\t\t<\/div>\n\t\t\t\t<\/div>\n\t\t<div class=\"elementor-element elementor-element-4a79ae9e e-flex e-con-boxed e-con e-parent\" data-id=\"4a79ae9e\" data-element_type=\"container\">\n\t\t\t\t\t<div class=\"e-con-inner\">\n\t\t\t\t<div class=\"elementor-element elementor-element-2d0342f4 elementor-widget-divider--view-line elementor-widget elementor-widget-divider\" data-id=\"2d0342f4\" data-element_type=\"widget\" data-widget_type=\"divider.default\">\n\t\t\t\t<div class=\"elementor-widget-container\">\n\t\t\t\t\t\t\t<div class=\"elementor-divider\">\n\t\t\t<span class=\"elementor-divider-separator\">\n\t\t\t\t\t\t<\/span>\n\t\t<\/div>\n\t\t\t\t\t\t<\/div>\n\t\t\t\t<\/div>\n\t\t\t\t<div class=\"elementor-element elementor-element-7fa8725a elementor-widget elementor-widget-text-editor\" data-id=\"7fa8725a\" data-element_type=\"widget\" data-widget_type=\"text-editor.default\">\n\t\t\t\t<div class=\"elementor-widget-container\">\n\t\t\t\t\t\t\t\t\t<p align=\"left\"><span style=\"font-size: medium;\">Unsere Herangehensweise:<br \/><\/span><span style=\"font-size: medium;\">Zu Beginn wurden alle relevanten Systeme, Applikationen und Prozesse analysiert, um ein fundiertes Verst\u00e4ndnis f\u00fcr die IT-Umgebung und die Support-Anforderungen zu gewinnen. Die Einarbeitung erfolgte praxisnah durch kollegiale Begleitung im Arbeitsalltag. Ein besonderes Augenmerk liegt auf der Ticketbearbeitung \u00fcber das System Remedy, der Auswertung von komplexen Logfiles sowie dem Umgang mit applikationsspezifischen Fehlerbildern.<br \/><\/span><span style=\"font-size: medium;\">Dar\u00fcber hinaus werden regelm\u00e4\u00dfige Monitoring- und Wartungsaufgaben der Applikationen und zugeh\u00f6rigen Server durchgef\u00fchrt, wodurch eine fr\u00fchzeitige Identifikation von St\u00f6rungen m\u00f6glich ist. Die Anwendungen selbst laufen <\/span><span style=\"font-size: medium;\">teilweise<\/span><span style=\"font-size: medium;\"> in Kubernetes-Clustern, was sowohl Kenntnisse in <\/span><span style=\"font-size: medium;\">Containerisierung <\/span><span style=\"font-size: medium;\">als auch im Umgang mit verteilten Systemen erfordert.<br \/><\/span><span style=\"font-size: medium;\">Ein<\/span><span style=\"font-size: medium;\">er der<\/span><span style=\"font-size: medium;\"> pr\u00e4gnante<\/span><span style=\"font-size: medium;\">n <\/span><span style=\"font-size: medium;\">Moment<\/span><span style=\"font-size: medium;\">e<\/span><span style=\"font-size: medium;\"> war die effiziente L\u00f6sung eines komplexen Update-Problems, das sich \u00fcberraschend durch einen einzigen Codezeilen-Eingriff beheben lie\u00df. Auch das kontrollierte Hoch- und Herunterfahren der Serverinstanzen geh\u00f6rt zu den verantwortungsvollen Aufgaben und tr\u00e4gt bei erfolgreicher Ausf\u00fchrung zu Systemstabilit\u00e4t und Sicherheit bei.<\/span><\/p>\t\t\t\t\t\t\t\t<\/div>\n\t\t\t\t<\/div>\n\t\t<div class=\"elementor-element elementor-element-59a94c6f e-con-full e-flex e-con e-child\" data-id=\"59a94c6f\" data-element_type=\"container\">\n\t\t\t\t<div class=\"elementor-element elementor-element-9dc2adc elementor-widget-divider--view-line elementor-widget elementor-widget-divider\" data-id=\"9dc2adc\" data-element_type=\"widget\" data-widget_type=\"divider.default\">\n\t\t\t\t<div class=\"elementor-widget-container\">\n\t\t\t\t\t\t\t<div class=\"elementor-divider\">\n\t\t\t<span class=\"elementor-divider-separator\">\n\t\t\t\t\t\t<\/span>\n\t\t<\/div>\n\t\t\t\t\t\t<\/div>\n\t\t\t\t<\/div>\n\t\t\t\t<\/div>\n\t\t\t\t\t<\/div>\n\t\t\t\t<\/div>\n\t\t<div class=\"elementor-element elementor-element-5b300993 e-flex e-con-boxed e-con e-parent\" data-id=\"5b300993\" data-element_type=\"container\">\n\t\t\t\t\t<div class=\"e-con-inner\">\n\t\t<div class=\"elementor-element elementor-element-573987e0 e-con-full e-flex e-con e-child\" data-id=\"573987e0\" data-element_type=\"container\" data-settings=\"{&quot;background_background&quot;:&quot;classic&quot;}\">\n\t\t\t\t<div class=\"elementor-element elementor-element-20d2596b elementor-view-default elementor-widget elementor-widget-icon\" data-id=\"20d2596b\" data-element_type=\"widget\" data-widget_type=\"icon.default\">\n\t\t\t\t<div class=\"elementor-widget-container\">\n\t\t\t\t\t\t\t<div class=\"elementor-icon-wrapper\">\n\t\t\t<div class=\"elementor-icon\">\n\t\t\t<i aria-hidden=\"true\" class=\"ins ins-trade\"><\/i>\t\t\t<\/div>\n\t\t<\/div>\n\t\t\t\t\t\t<\/div>\n\t\t\t\t<\/div>\n\t\t\t\t<div class=\"elementor-element elementor-element-1f85d5db elementor-widget elementor-widget-text-editor\" data-id=\"1f85d5db\" data-element_type=\"widget\" data-widget_type=\"text-editor.default\">\n\t\t\t\t<div class=\"elementor-widget-container\">\n\t\t\t\t\t\t\t\t\t<ul><li>Verwendung des etablierten Client-Server-Ticketsystems Remedy<\/li><li>Zuverl\u00e4ssiges Monitoring der IT-Infrastruktur mittels Checkmk<\/li><li>Effiziente Verwaltung containerisierter Anwendungen in Kubernetes-Clustern<\/li><li>Anwendung bew\u00e4hrter ITIL-Prozesse f\u00fcr standardisierte Abl\u00e4ufe im Support<\/li><li>Tiefgehende Logfile-Analyse zur pr\u00e4zisen Fehleridentifikation<\/li><\/ul>\t\t\t\t\t\t\t\t<\/div>\n\t\t\t\t<\/div>\n\t\t\t\t<\/div>\n\t\t<div class=\"elementor-element elementor-element-40587110 e-con-full e-flex e-con e-child\" data-id=\"40587110\" data-element_type=\"container\">\n\t\t\t\t<\/div>\n\t\t<div class=\"elementor-element elementor-element-79515919 e-con-full e-flex e-con e-child\" data-id=\"79515919\" data-element_type=\"container\">\n\t\t\t\t<div class=\"elementor-element elementor-element-7b3477b6 elementor-widget elementor-widget-text-editor\" data-id=\"7b3477b6\" data-element_type=\"widget\" data-widget_type=\"text-editor.default\">\n\t\t\t\t<div class=\"elementor-widget-container\">\n\t\t\t\t\t\t\t\t\t<p align=\"left\"><span style=\"font-size: medium;\">(Vorl\u00e4ufiges) Ergebnis:<br \/><\/span><span style=\"font-size: medium;\">Das Projekt erm\u00f6glicht eine zuverl\u00e4ssige Betreuung der Linux-basierten Applikationen und eine sp\u00fcrbare Entlastung des Teams. <\/span><span style=\"font-size: medium;\">Tickets werden effizient bearbeitet, Fehler z\u00fcgig behoben und ITIL-konforme Prozesse mit h\u00f6chster Sorgfalt umgesetzt. <\/span><span style=\"font-size: medium;\">Diese professionelle Arbeitsweise spiegelt sich auch im positiven Feedback des Kunden wider \u2013 <\/span><span style=\"font-size: medium;\">insbesondere in der Entscheidung, die Zusammenarbeit zu verl\u00e4ngern.<\/span><\/p>\t\t\t\t\t\t\t\t<\/div>\n\t\t\t\t<\/div>\n\t\t\t\t<\/div>\n\t\t\t\t\t<\/div>\n\t\t\t\t<\/div>\n\t\t\t\t<\/div>","protected":false},"excerpt":{"rendered":"<p>Softwareadministration in Planungstools Ausgangssituation:Im Rahmen des Projekts wird das bestehende IT-Team eines namhaften Medienhauses durch Piquant mit einem fachkundigen Mitarbeiter unterst\u00fctzt. Die betreuten Applikationen, darunter mehrere interne Themenplanungstools und zwei Bilddatenbanken, sind gesch\u00e4ftskritisch f\u00fcr den redaktionellen Alltag. Externe Mitarbeitende m\u00fcssen zun\u00e4chst in firmeneigene Software und Prozesse eingearbeitet werden, bevor sie<\/p>","protected":false},"author":2,"featured_media":0,"parent":0,"menu_order":0,"comment_status":"closed","ping_status":"closed","template":"","meta":{"_monsterinsights_skip_tracking":false,"_monsterinsights_sitenote_active":false,"_monsterinsights_sitenote_note":"","_monsterinsights_sitenote_category":0,"footnotes":""},"class_list":["post-9880","page","type-page","status-publish","hentry"],"aioseo_notices":[],"_links":{"self":[{"href":"https:\/\/www.piquant.me\/en\/wp-json\/wp\/v2\/pages\/9880","targetHints":{"allow":["GET"]}}],"collection":[{"href":"https:\/\/www.piquant.me\/en\/wp-json\/wp\/v2\/pages"}],"about":[{"href":"https:\/\/www.piquant.me\/en\/wp-json\/wp\/v2\/types\/page"}],"author":[{"embeddable":true,"href":"https:\/\/www.piquant.me\/en\/wp-json\/wp\/v2\/users\/2"}],"replies":[{"embeddable":true,"href":"https:\/\/www.piquant.me\/en\/wp-json\/wp\/v2\/comments?post=9880"}],"version-history":[{"count":13,"href":"https:\/\/www.piquant.me\/en\/wp-json\/wp\/v2\/pages\/9880\/revisions"}],"predecessor-version":[{"id":9957,"href":"https:\/\/www.piquant.me\/en\/wp-json\/wp\/v2\/pages\/9880\/revisions\/9957"}],"wp:attachment":[{"href":"https:\/\/www.piquant.me\/en\/wp-json\/wp\/v2\/media?parent=9880"}],"curies":[{"name":"wp","href":"https:\/\/api.w.org\/{rel}","templated":true}]}}