{"id":9867,"date":"2025-06-26T13:09:49","date_gmt":"2025-06-26T11:09:49","guid":{"rendered":"https:\/\/www.piquant.me\/?page_id=9867"},"modified":"2025-07-09T14:53:10","modified_gmt":"2025-07-09T12:53:10","slug":"ueber-25-jahre-erfahrung","status":"publish","type":"page","link":"https:\/\/www.piquant.me\/en\/ueber-25-jahre-erfahrung\/","title":{"rendered":"More than 25 years of experience"},"content":{"rendered":"<div data-elementor-type=\"wp-page\" data-elementor-id=\"9867\" class=\"elementor elementor-9867\">\n\t\t\t\t<div class=\"elementor-element elementor-element-796b854 e-flex e-con-boxed e-con e-parent\" data-id=\"796b854\" data-element_type=\"container\">\n\t\t\t\t\t<div class=\"e-con-inner\">\n\t\t<div class=\"elementor-element elementor-element-9882b82 e-con-full e-flex e-con e-child\" data-id=\"9882b82\" data-element_type=\"container\">\n\t\t\t\t<div class=\"elementor-element elementor-element-493e84e elementor-widget elementor-widget-mae-headings\" data-id=\"493e84e\" data-element_type=\"widget\" data-widget_type=\"mae-headings.default\">\n\t\t\t\t<div class=\"elementor-widget-container\">\n\t\t\t\t\t\t\t<div class=\"master-heading sep-top\">\n\t\t\t<div class=\"sep\"><\/div>\t        \n\t        \n\t        \t        <h2 class=\"main-heading\">Mehr als 2 Jahrzehnte Expertise<\/h2>\n\t        \n\t        \n\t        \t            <div class=\"sub-heading\">Power in IT Service Management und IT Infrastructure Management<\/div>\n\t        \t    <\/div>\n\t    \t\t\t\t<\/div>\n\t\t\t\t<\/div>\n\t\t\t\t<\/div>\n\t\t<div class=\"elementor-element elementor-element-42b1e34 e-con-full e-flex e-con e-child\" data-id=\"42b1e34\" data-element_type=\"container\">\n\t\t\t\t<div class=\"elementor-element elementor-element-a890e51 elementor-widget elementor-widget-image\" data-id=\"a890e51\" data-element_type=\"widget\" data-widget_type=\"image.default\">\n\t\t\t\t<div class=\"elementor-widget-container\">\n\t\t\t\t\t\t\t\t\t\t\t\t\t\t\t<img fetchpriority=\"high\" decoding=\"async\" width=\"1024\" height=\"683\" src=\"https:\/\/www.piquant.me\/wp-content\/uploads\/2025\/07\/SEK2024_80205-1024x683.jpg\" class=\"attachment-large size-large wp-image-10411\" alt=\"\" srcset=\"https:\/\/www.piquant.me\/wp-content\/uploads\/2025\/07\/SEK2024_80205-1024x683.jpg 1024w, https:\/\/www.piquant.me\/wp-content\/uploads\/2025\/07\/SEK2024_80205-300x200.jpg 300w, https:\/\/www.piquant.me\/wp-content\/uploads\/2025\/07\/SEK2024_80205-768x512.jpg 768w, https:\/\/www.piquant.me\/wp-content\/uploads\/2025\/07\/SEK2024_80205-1536x1024.jpg 1536w, https:\/\/www.piquant.me\/wp-content\/uploads\/2025\/07\/SEK2024_80205-2048x1365.jpg 2048w, https:\/\/www.piquant.me\/wp-content\/uploads\/2025\/07\/SEK2024_80205-18x12.jpg 18w\" sizes=\"(max-width: 1024px) 100vw, 1024px\" \/>\t\t\t\t\t\t\t\t\t\t\t\t\t\t\t<\/div>\n\t\t\t\t<\/div>\n\t\t\t\t<\/div>\n\t\t<div class=\"elementor-element elementor-element-1418879 e-con-full e-flex e-con e-child\" data-id=\"1418879\" data-element_type=\"container\">\n\t\t\t\t<div class=\"elementor-element elementor-element-d908905 elementor-widget elementor-widget-text-editor\" data-id=\"d908905\" data-element_type=\"widget\" data-widget_type=\"text-editor.default\">\n\t\t\t\t<div class=\"elementor-widget-container\">\n\t\t\t\t\t\t\t\t\t<p><span class=\"accent-color\"><b>What makes us unique?<br \/><\/b><\/span>For 25 years, PIQUANT GmbH has stood for in-depth expertise, customized solutions and genuine customer proximity. Our many years of experience form the foundation for successful partnerships and maximum customer satisfaction.<\/p><p><span class=\"accent-color\"><b>Competence through experience<br \/><\/b><\/span>Mit \u00fcber 25 Jahren Expertise, 14 renommierten Kunden und 21 erfolgreich abgeschlossenen Projekten in mehr als 10 verschiedenen Branchen bieten wir branchen\u00fcbergreifendes Know-how und tiefgehende Einblicke in unterschiedlichste Gesch\u00e4fts- und IT-Prozesse.<\/p>\t\t\t\t\t\t\t\t<\/div>\n\t\t\t\t<\/div>\n\t\t<div class=\"elementor-element elementor-element-109d55d e-grid e-con-full e-con e-child\" data-id=\"109d55d\" data-element_type=\"container\">\n\t\t\t\t<div class=\"elementor-element elementor-element-73a5749 elementor-widget elementor-widget-image\" data-id=\"73a5749\" data-element_type=\"widget\" data-widget_type=\"image.default\">\n\t\t\t\t<div class=\"elementor-widget-container\">\n\t\t\t\t\t\t\t\t\t\t\t\t\t\t\t<img decoding=\"async\" width=\"1024\" height=\"684\" src=\"https:\/\/www.piquant.me\/wp-content\/uploads\/2025\/02\/section-bg-3-1024x684.jpg\" class=\"elementor-animation-grow attachment-large size-large wp-image-9195\" alt=\"\" srcset=\"https:\/\/www.piquant.me\/wp-content\/uploads\/2025\/02\/section-bg-3-1024x684.jpg 1024w, https:\/\/www.piquant.me\/wp-content\/uploads\/2025\/02\/section-bg-3-300x200.jpg 300w, https:\/\/www.piquant.me\/wp-content\/uploads\/2025\/02\/section-bg-3-768x513.jpg 768w, https:\/\/www.piquant.me\/wp-content\/uploads\/2025\/02\/section-bg-3-1536x1025.jpg 1536w, https:\/\/www.piquant.me\/wp-content\/uploads\/2025\/02\/section-bg-3.jpg 2048w\" sizes=\"(max-width: 1024px) 100vw, 1024px\" \/>\t\t\t\t\t\t\t\t\t\t\t\t\t\t\t<\/div>\n\t\t\t\t<\/div>\n\t\t\t\t<div class=\"elementor-element elementor-element-207a966 elementor-widget elementor-widget-text-editor\" data-id=\"207a966\" data-element_type=\"widget\" data-widget_type=\"text-editor.default\">\n\t\t\t\t<div class=\"elementor-widget-container\">\n\t\t\t\t\t\t\t\t\t<p>Our project experience includes the following sectors, among others<br \/>\u2022<span class=\"v1apple-tab-span\">\u00a0\u00a0\u00a0\u00a0\u00a0\u00a0\u00a0\u00a0\u00a0\u00a0\u00a0\u00a0<\/span>Software producers and manufacturers<br \/>\u2022<span class=\"v1apple-tab-span\">\u00a0\u00a0\u00a0\u00a0\u00a0\u00a0\u00a0\u00a0\u00a0\u00a0\u00a0\u00a0<\/span>Energy industry<br \/>\u2022<span class=\"v1apple-tab-span\">\u00a0\u00a0\u00a0\u00a0\u00a0\u00a0\u00a0\u00a0\u00a0\u00a0\u00a0\u00a0<\/span>Public sector (federal and state)<br \/>\u2022<span class=\"v1apple-tab-span\">\u00a0\u00a0\u00a0\u00a0\u00a0\u00a0\u00a0\u00a0\u00a0\u00a0\u00a0\u00a0<\/span>Public service broadcasting<br \/>\u2022<span class=\"v1apple-tab-span\">\u00a0\u00a0\u00a0\u00a0\u00a0\u00a0\u00a0\u00a0\u00a0\u00a0\u00a0\u00a0<\/span>Telecommunications and technology<br \/>\u2022<span class=\"v1apple-tab-span\">\u00a0\u00a0\u00a0\u00a0\u00a0\u00a0\u00a0\u00a0\u00a0\u00a0\u00a0\u00a0<\/span>Pet food and care<br \/>\u2022<span class=\"v1apple-tab-span\">\u00a0\u00a0\u00a0\u00a0\u00a0\u00a0\u00a0\u00a0\u00a0\u00a0\u00a0\u00a0<\/span>Food trade<br \/>\u2022<span class=\"v1apple-tab-span\">\u00a0\u00a0\u00a0\u00a0\u00a0\u00a0\u00a0\u00a0\u00a0\u00a0\u00a0\u00a0<\/span>Pharma &amp; Biotechnology<br \/>\u2022<span class=\"v1apple-tab-span\">\u00a0\u00a0\u00a0\u00a0\u00a0\u00a0\u00a0\u00a0\u00a0\u00a0\u00a0\u00a0<\/span>Gastronomy and catering<br \/>\u2022<span class=\"v1apple-tab-span\">\u00a0\u00a0\u00a0\u00a0\u00a0\u00a0\u00a0\u00a0\u00a0\u00a0\u00a0\u00a0<\/span>Chemical industry<br \/>\u2022<span class=\"v1apple-tab-span\">\u00a0\u00a0\u00a0\u00a0\u00a0\u00a0\u00a0\u00a0\u00a0\u00a0\u00a0\u00a0<\/span>Automotive industry<br \/>\u2022<span class=\"v1apple-tab-span\">\u00a0\u00a0\u00a0\u00a0\u00a0\u00a0\u00a0\u00a0\u00a0\u00a0\u00a0\u00a0<\/span>Banking &amp; Finance<\/p>\t\t\t\t\t\t\t\t<\/div>\n\t\t\t\t<\/div>\n\t\t\t\t<\/div>\n\t\t\t\t<div class=\"elementor-element elementor-element-2b79a67 elementor-widget elementor-widget-text-editor\" data-id=\"2b79a67\" data-element_type=\"widget\" data-widget_type=\"text-editor.default\">\n\t\t\t\t<div class=\"elementor-widget-container\">\n\t\t\t\t\t\t\t\t\t<p><span class=\"accent-color\"><b>Kleines Unternehmen in K\u00f6ln &#8211; gro\u00dfe N\u00e4he zu Kunden<\/b><\/span><br \/>As an owner-managed company, we rely on direct and personal contact. The managing director personally accompanies every project - for a close exchange at eye level and solutions that really fit.<\/p><p>Our customers benefit from the flexibility and reliability of a small company combined with a deep understanding and practical experience of processes and structures in medium-sized and large corporations. This enables us to successfully implement challenging projects for major international companies - including Europe's largest software manufacturer and well-known customers such as\u00a0<b>SAP<\/b>,\u00a0<b>UPS<\/b>\u00a0or\u00a0<b>Credit Suisse<\/b>.<\/p><p><span class=\"accent-color\"><b>The right skills for every project<\/b><\/span><br \/>At PIQUANT, we rely on an experienced team with the right skills to successfully implement your projects. We bring structure, clarity and quality to complex projects - with customized services and many years of project experience.<\/p><p style=\"padding-left: 40px;\">Our key areas at a glance:<br \/>\u2022<span class=\"v1apple-tab-span\">\u00a0\u00a0\u00a0\u00a0\u00a0\u00a0\u00a0\u00a0\u00a0\u00a0\u00a0\u00a0<\/span><span class=\"accent-color\">IT-Notfallmanagement<\/span> \u2013 Planung und Umsetzung individueller IT-Notfallkonzepte zur Risikominimierung<br \/>\u2022<span class=\"v1apple-tab-span\">\u00a0\u00a0\u00a0\u00a0\u00a0\u00a0\u00a0\u00a0\u00a0\u00a0\u00a0\u00a0<\/span><span class=\"accent-color\">IT Service Management<\/span> \u2013 Optimierung Ihrer IT-Dienstleistungen nach etablierten Standards (z.\u202fB. ITIL)<br \/>\u2022<span class=\"v1apple-tab-span\">\u00a0\u00a0\u00a0\u00a0\u00a0\u00a0\u00a0\u00a0\u00a0\u00a0\u00a0\u00a0<\/span><span class=\"accent-color\">IT-Infrastruktur-Management<\/span> \u2013 Sicherstellung einer stabilen, leistungsf\u00e4higen und skalierbaren IT Infrastruktur<br \/>\u2022<span class=\"v1apple-tab-span\">\u00a0\u00a0\u00a0\u00a0\u00a0\u00a0\u00a0\u00a0\u00a0\u00a0\u00a0\u00a0<\/span><span class=\"accent-color\">Business Continuity Management<\/span> \u2013 Entwicklung von Strategien zur Aufrechterhaltung der Gesch\u00e4ftskontinuit\u00e4t\u00a0<br \/>\u2022<span class=\"v1apple-tab-span\">\u00a0\u00a0\u00a0\u00a0\u00a0\u00a0\u00a0\u00a0\u00a0\u00a0\u00a0\u00a0<\/span><span class=\"accent-color\">Projektmanagement<\/span> \u2013 Effiziente Steuerung und Umsetzung Ihrer Projekte, vom Kick-off bis zum Abschluss<br \/>\u2022<span class=\"v1apple-tab-span\">\u00a0\u00a0\u00a0\u00a0\u00a0\u00a0\u00a0\u00a0\u00a0\u00a0\u00a0\u00a0<\/span><span class=\"accent-color\">Project Management Office (PMO)<\/span> \u2013 Unterst\u00fctzung und Standardisierung Ihrer Projektlandschaft durch erfahrene PMO-Spezialisten<\/p>\t\t\t\t\t\t\t\t<\/div>\n\t\t\t\t<\/div>\n\t\t\t\t<div class=\"elementor-element elementor-element-4fb390b elementor-widget elementor-widget-spacer\" data-id=\"4fb390b\" data-element_type=\"widget\" data-widget_type=\"spacer.default\">\n\t\t\t\t<div class=\"elementor-widget-container\">\n\t\t\t\t\t\t\t<div class=\"elementor-spacer\">\n\t\t\t<div class=\"elementor-spacer-inner\"><\/div>\n\t\t<\/div>\n\t\t\t\t\t\t<\/div>\n\t\t\t\t<\/div>\n\t\t<div class=\"elementor-element elementor-element-bab4e4f e-grid e-con-full e-con e-child\" data-id=\"bab4e4f\" data-element_type=\"container\">\n\t\t\t\t<div class=\"elementor-element elementor-element-389a49d elementor-widget elementor-widget-text-editor\" data-id=\"389a49d\" data-element_type=\"widget\" data-widget_type=\"text-editor.default\">\n\t\t\t\t<div class=\"elementor-widget-container\">\n\t\t\t\t\t\t\t\t\t<p>Unser Ziel: Ihre Projekte effizient, sicher und nachhaltig zum Erfolg f\u00fchren. Sprechen Sie uns an!<\/p>\t\t\t\t\t\t\t\t<\/div>\n\t\t\t\t<\/div>\n\t\t\t\t<div class=\"elementor-element elementor-element-4444201 align-center elementor-widget elementor-widget-mae-button\" data-id=\"4444201\" data-element_type=\"widget\" data-widget_type=\"mae-button.default\">\n\t\t\t\t<div class=\"elementor-widget-container\">\n\t\t\t\t\t\n        <a class=\"master-button btn-accent icon-left big\" href=\"https:\/\/www.piquant.me\/en\/kontakt\/\" \n            >\n\n            <span class=\"inner\">\n                <span class=\"content-base\">\n                    <span class=\"icon ci-right-arrow1\"><\/span>                    <span class=\"text\">Jetzt Kontakt aufnehmen<\/span>\n                                    <\/span>\n\n                <span class=\"content-hover\">\n                    <span class=\"icon ci-right-arrow1\"><\/span>                    <span class=\"text\">Jetzt Kontakt aufnehmen<\/span>\n                                    <\/span>\n            <\/span>\n\n            <span class=\"bg-hover\"><\/span>        <\/a>\n\n        \t\t\t\t<\/div>\n\t\t\t\t<\/div>\n\t\t\t\t<\/div>\n\t\t\t\t<\/div>\n\t\t\t\t\t<\/div>\n\t\t\t\t<\/div>\n\t\t<div class=\"elementor-element elementor-element-2a907c8 e-flex e-con-boxed e-con e-parent\" data-id=\"2a907c8\" data-element_type=\"container\">\n\t\t\t\t\t<div class=\"e-con-inner\">\n\t\t<div class=\"elementor-element elementor-element-538e8c2 e-con-full e-flex e-con e-child\" data-id=\"538e8c2\" data-element_type=\"container\">\n\t\t\t\t<div class=\"elementor-element elementor-element-7141962 elementor-widget elementor-widget-spacer\" data-id=\"7141962\" data-element_type=\"widget\" data-widget_type=\"spacer.default\">\n\t\t\t\t<div class=\"elementor-widget-container\">\n\t\t\t\t\t\t\t<div class=\"elementor-spacer\">\n\t\t\t<div class=\"elementor-spacer-inner\"><\/div>\n\t\t<\/div>\n\t\t\t\t\t\t<\/div>\n\t\t\t\t<\/div>\n\t\t<div class=\"elementor-element elementor-element-5a5629d e-con-full e-flex e-con e-child\" data-id=\"5a5629d\" data-element_type=\"container\">\n\t\t\t\t<div class=\"elementor-element elementor-element-a022c15 elementor-widget elementor-widget-image\" data-id=\"a022c15\" data-element_type=\"widget\" data-widget_type=\"image.default\">\n\t\t\t\t<div class=\"elementor-widget-container\">\n\t\t\t\t\t\t\t\t\t\t\t\t\t\t\t<img decoding=\"async\" width=\"300\" height=\"285\" src=\"https:\/\/www.piquant.me\/wp-content\/uploads\/2025\/07\/LPIC-1-300x285.webp\" class=\"attachment-medium size-medium wp-image-10107\" alt=\"\" srcset=\"https:\/\/www.piquant.me\/wp-content\/uploads\/2025\/07\/LPIC-1-300x285.webp 300w, https:\/\/www.piquant.me\/wp-content\/uploads\/2025\/07\/LPIC-1-13x12.webp 13w, https:\/\/www.piquant.me\/wp-content\/uploads\/2025\/07\/LPIC-1.webp 375w\" sizes=\"(max-width: 300px) 100vw, 300px\" \/>\t\t\t\t\t\t\t\t\t\t\t\t\t\t\t<\/div>\n\t\t\t\t<\/div>\n\t\t\t\t<div class=\"elementor-element elementor-element-30715f9 elementor-widget elementor-widget-image\" data-id=\"30715f9\" data-element_type=\"widget\" data-widget_type=\"image.default\">\n\t\t\t\t<div class=\"elementor-widget-container\">\n\t\t\t\t\t\t\t\t\t\t\t\t\t\t\t<img loading=\"lazy\" decoding=\"async\" width=\"291\" height=\"218\" src=\"https:\/\/www.piquant.me\/wp-content\/uploads\/2025\/07\/ITILV3.png\" class=\"attachment-large size-large wp-image-10108\" alt=\"\" srcset=\"https:\/\/www.piquant.me\/wp-content\/uploads\/2025\/07\/ITILV3.png 291w, https:\/\/www.piquant.me\/wp-content\/uploads\/2025\/07\/ITILV3-16x12.png 16w\" sizes=\"(max-width: 291px) 100vw, 291px\" \/>\t\t\t\t\t\t\t\t\t\t\t\t\t\t\t<\/div>\n\t\t\t\t<\/div>\n\t\t\t\t<div class=\"elementor-element elementor-element-751bafc elementor-widget elementor-widget-image\" data-id=\"751bafc\" data-element_type=\"widget\" data-widget_type=\"image.default\">\n\t\t\t\t<div class=\"elementor-widget-container\">\n\t\t\t\t\t\t\t\t\t\t\t\t\t\t\t<img loading=\"lazy\" decoding=\"async\" width=\"1024\" height=\"230\" src=\"https:\/\/www.piquant.me\/wp-content\/uploads\/2025\/07\/Screenshot-2025-07-07-110735-1024x230.png\" class=\"attachment-large size-large wp-image-10112\" alt=\"\" srcset=\"https:\/\/www.piquant.me\/wp-content\/uploads\/2025\/07\/Screenshot-2025-07-07-110735-1024x230.png 1024w, https:\/\/www.piquant.me\/wp-content\/uploads\/2025\/07\/Screenshot-2025-07-07-110735-300x67.png 300w, https:\/\/www.piquant.me\/wp-content\/uploads\/2025\/07\/Screenshot-2025-07-07-110735-768x172.png 768w, https:\/\/www.piquant.me\/wp-content\/uploads\/2025\/07\/Screenshot-2025-07-07-110735-18x4.png 18w, https:\/\/www.piquant.me\/wp-content\/uploads\/2025\/07\/Screenshot-2025-07-07-110735.png 1249w\" sizes=\"(max-width: 1024px) 100vw, 1024px\" \/>\t\t\t\t\t\t\t\t\t\t\t\t\t\t\t<\/div>\n\t\t\t\t<\/div>\n\t\t\t\t<div class=\"elementor-element elementor-element-839a698 elementor-widget elementor-widget-image\" data-id=\"839a698\" data-element_type=\"widget\" data-widget_type=\"image.default\">\n\t\t\t\t<div class=\"elementor-widget-container\">\n\t\t\t\t\t\t\t\t\t\t\t\t\t\t\t<img loading=\"lazy\" decoding=\"async\" width=\"300\" height=\"300\" src=\"https:\/\/www.piquant.me\/wp-content\/uploads\/2025\/07\/scrummaster.png\" class=\"attachment-large size-large wp-image-10109\" alt=\"\" srcset=\"https:\/\/www.piquant.me\/wp-content\/uploads\/2025\/07\/scrummaster.png 300w, https:\/\/www.piquant.me\/wp-content\/uploads\/2025\/07\/scrummaster-150x150.png 150w, https:\/\/www.piquant.me\/wp-content\/uploads\/2025\/07\/scrummaster-12x12.png 12w, https:\/\/www.piquant.me\/wp-content\/uploads\/2025\/07\/scrummaster-60x60.png 60w\" sizes=\"(max-width: 300px) 100vw, 300px\" \/>\t\t\t\t\t\t\t\t\t\t\t\t\t\t\t<\/div>\n\t\t\t\t<\/div>\n\t\t\t\t<div class=\"elementor-element elementor-element-3d2c7b9 elementor-widget elementor-widget-image\" data-id=\"3d2c7b9\" data-element_type=\"widget\" data-widget_type=\"image.default\">\n\t\t\t\t<div class=\"elementor-widget-container\">\n\t\t\t\t\t\t\t\t\t\t\t\t\t\t\t<img loading=\"lazy\" decoding=\"async\" width=\"300\" height=\"300\" src=\"https:\/\/www.piquant.me\/wp-content\/uploads\/2025\/07\/Splunk-300x300.png\" class=\"attachment-medium size-medium wp-image-10110\" alt=\"\" srcset=\"https:\/\/www.piquant.me\/wp-content\/uploads\/2025\/07\/Splunk-300x300.png 300w, https:\/\/www.piquant.me\/wp-content\/uploads\/2025\/07\/Splunk-150x150.png 150w, https:\/\/www.piquant.me\/wp-content\/uploads\/2025\/07\/Splunk-12x12.png 12w, https:\/\/www.piquant.me\/wp-content\/uploads\/2025\/07\/Splunk-60x60.png 60w, https:\/\/www.piquant.me\/wp-content\/uploads\/2025\/07\/Splunk.png 600w\" sizes=\"(max-width: 300px) 100vw, 300px\" \/>\t\t\t\t\t\t\t\t\t\t\t\t\t\t\t<\/div>\n\t\t\t\t<\/div>\n\t\t\t\t<\/div>\n\t\t\t\t<\/div>\n\t\t\t\t\t<\/div>\n\t\t\t\t<\/div>\n\t\t\t\t<\/div>","protected":false},"excerpt":{"rendered":"<p>Mehr als 2 Jahrzehnte Expertise Power in IT Service Management und IT Infrastruktur Management Was macht uns einzigartig?Seit 25 Jahren steht die PIQUANT GmbH f\u00fcr fundiertes Fachwissen, ma\u00dfgeschneiderte L\u00f6sungen und echte Kundenn\u00e4he. Unsere langj\u00e4hrige Erfahrung bildet das Fundament f\u00fcr erfolgreiche Partnerschaften und h\u00f6chste Kundenzufriedenheit. Kompetenz durch ErfahrungMit \u00fcber 25 Jahren<\/p>","protected":false},"author":2,"featured_media":0,"parent":0,"menu_order":0,"comment_status":"closed","ping_status":"closed","template":"","meta":{"_monsterinsights_skip_tracking":false,"_monsterinsights_sitenote_active":false,"_monsterinsights_sitenote_note":"","_monsterinsights_sitenote_category":0,"footnotes":""},"class_list":["post-9867","page","type-page","status-publish","hentry"],"aioseo_notices":[],"_links":{"self":[{"href":"https:\/\/www.piquant.me\/en\/wp-json\/wp\/v2\/pages\/9867","targetHints":{"allow":["GET"]}}],"collection":[{"href":"https:\/\/www.piquant.me\/en\/wp-json\/wp\/v2\/pages"}],"about":[{"href":"https:\/\/www.piquant.me\/en\/wp-json\/wp\/v2\/types\/page"}],"author":[{"embeddable":true,"href":"https:\/\/www.piquant.me\/en\/wp-json\/wp\/v2\/users\/2"}],"replies":[{"embeddable":true,"href":"https:\/\/www.piquant.me\/en\/wp-json\/wp\/v2\/comments?post=9867"}],"version-history":[{"count":83,"href":"https:\/\/www.piquant.me\/en\/wp-json\/wp\/v2\/pages\/9867\/revisions"}],"predecessor-version":[{"id":10503,"href":"https:\/\/www.piquant.me\/en\/wp-json\/wp\/v2\/pages\/9867\/revisions\/10503"}],"wp:attachment":[{"href":"https:\/\/www.piquant.me\/en\/wp-json\/wp\/v2\/media?parent=9867"}],"curies":[{"name":"wp","href":"https:\/\/api.w.org\/{rel}","templated":true}]}}