{"id":9638,"date":"2025-05-21T15:12:38","date_gmt":"2025-05-21T13:12:38","guid":{"rendered":"https:\/\/www.piquant.me\/?page_id=9638"},"modified":"2025-05-21T15:18:32","modified_gmt":"2025-05-21T13:18:32","slug":"impressum","status":"publish","type":"page","link":"https:\/\/www.piquant.me\/en\/impressum\/","title":{"rendered":"Imprint"},"content":{"rendered":"<div data-elementor-type=\"wp-page\" data-elementor-id=\"9638\" class=\"elementor elementor-9638\">\n\t\t\t\t<div class=\"elementor-element elementor-element-baae61c e-flex e-con-boxed e-con e-parent\" data-id=\"baae61c\" data-element_type=\"container\">\n\t\t\t\t\t<div class=\"e-con-inner\">\n\t\t\t\t<div class=\"elementor-element elementor-element-266015b elementor-widget elementor-widget-text-editor\" data-id=\"266015b\" data-element_type=\"widget\" data-widget_type=\"text-editor.default\">\n\t\t\t\t<div class=\"elementor-widget-container\">\n\t\t\t\t\t\t\t\t\t<p><strong>PIQUANT GmbH<\/strong><br \/>Harry-Blum-Platz 2\u00a0<br \/>50678 Cologne<\/p><p><strong>Contact<\/strong><br \/>Email: info@pi-quant.com<br \/>Internet: www.pi-quant.com | cloud.pi-quant.com<br \/>Phone: +49 (0) 221 29436585 | +49 (0) 221 29436586<br \/>Fax: +49 (0) 221 29436587<\/p><p><strong>Register entry<\/strong><br \/>Entry in the commercial register:<br \/>Amtsgericht K\u00f6ln | HRB 77770<\/p><p><strong>Sales tax identification number according to \u00a7 27 a sales tax law<\/strong><br \/>Sales tax ID: DE203362620<\/p><p><strong>Managing directors authorised to represent the company<\/strong><br \/>Dr. Gazi Barut<\/p><p><strong>Responsible for content according to \u00a7 55 Abs. 2 RStV<\/strong><br \/>Dr. Gazi Barut<\/p><p><strong>Disclaimer<\/strong><br \/>Despite careful checking of the content, we accept no liability for<br \/>the content of external links. The operators of the linked pages<br \/>are solely responsible for their content.<\/p><p><strong>Copyright<\/strong><br \/>PIQUANT GmbH 2025<\/p>\t\t\t\t\t\t\t\t<\/div>\n\t\t\t\t<\/div>\n\t\t\t\t\t<\/div>\n\t\t\t\t<\/div>\n\t\t\t\t<\/div>","protected":false},"excerpt":{"rendered":"<p>PIQUANT GmbHHarry-Blum-Platz 2\u00a050678 K\u00f6ln KontaktE-Mail: info@pi-quant.comInternet: www.pi-quant.com | cloud.pi-quant.comTelefon: +49 (0) 221 29436585 | +49 (0) 221 29436586Fax: +49 (0) 221 29436587 RegistereintragEintragung im Handelsregister:Amtsgericht K\u00f6ln | HRB 77770 Umsatzsteueridentifikationsnummer gem\u00e4\u00df \u00a7 27 a UmsatzsteuergesetzUmsatzsteuer-ID: DE203362620 Vertretungsberechtigte Gesch\u00e4ftsf\u00fchrerDr. Gazi Barut Inhaltlich verantwortlich gem\u00e4\u00df \u00a7 55 Abs. 2 RStVDr. Gazi Barut<\/p>","protected":false},"author":2,"featured_media":0,"parent":0,"menu_order":0,"comment_status":"closed","ping_status":"closed","template":"","meta":{"_monsterinsights_skip_tracking":false,"_monsterinsights_sitenote_active":false,"_monsterinsights_sitenote_note":"","_monsterinsights_sitenote_category":0,"footnotes":""},"class_list":["post-9638","page","type-page","status-publish","hentry"],"aioseo_notices":[],"_links":{"self":[{"href":"https:\/\/www.piquant.me\/en\/wp-json\/wp\/v2\/pages\/9638","targetHints":{"allow":["GET"]}}],"collection":[{"href":"https:\/\/www.piquant.me\/en\/wp-json\/wp\/v2\/pages"}],"about":[{"href":"https:\/\/www.piquant.me\/en\/wp-json\/wp\/v2\/types\/page"}],"author":[{"embeddable":true,"href":"https:\/\/www.piquant.me\/en\/wp-json\/wp\/v2\/users\/2"}],"replies":[{"embeddable":true,"href":"https:\/\/www.piquant.me\/en\/wp-json\/wp\/v2\/comments?post=9638"}],"version-history":[{"count":4,"href":"https:\/\/www.piquant.me\/en\/wp-json\/wp\/v2\/pages\/9638\/revisions"}],"predecessor-version":[{"id":9642,"href":"https:\/\/www.piquant.me\/en\/wp-json\/wp\/v2\/pages\/9638\/revisions\/9642"}],"wp:attachment":[{"href":"https:\/\/www.piquant.me\/en\/wp-json\/wp\/v2\/media?parent=9638"}],"curies":[{"name":"wp","href":"https:\/\/api.w.org\/{rel}","templated":true}]}}