{"id":9512,"date":"2025-05-20T13:46:07","date_gmt":"2025-05-20T11:46:07","guid":{"rendered":"https:\/\/www.piquant.me\/?page_id=9512"},"modified":"2025-07-08T10:01:06","modified_gmt":"2025-07-08T08:01:06","slug":"kontakt","status":"publish","type":"page","link":"https:\/\/www.piquant.me\/en\/kontakt\/","title":{"rendered":"Contact"},"content":{"rendered":"<div data-elementor-type=\"wp-page\" data-elementor-id=\"9512\" class=\"elementor elementor-9512\">\n\t\t\t\t<div class=\"elementor-element elementor-element-9618152 e-flex e-con-boxed e-con e-parent\" data-id=\"9618152\" data-element_type=\"container\">\n\t\t\t\t\t<div class=\"e-con-inner\">\n\t\t<div class=\"elementor-element elementor-element-248b692 e-con-full e-flex e-con e-child\" data-id=\"248b692\" data-element_type=\"container\">\n\t\t<div class=\"elementor-element elementor-element-d15ec8c e-con-full e-flex e-con e-child\" data-id=\"d15ec8c\" data-element_type=\"container\">\n\t\t\t\t<div class=\"elementor-element elementor-element-e14aa53 elementor-widget elementor-widget-mae-headings\" data-id=\"e14aa53\" data-element_type=\"widget\" data-widget_type=\"mae-headings.default\">\n\t\t\t\t<div class=\"elementor-widget-container\">\n\t\t\t\t\t\t\t<div class=\"master-heading sep-top\">\n\t\t\t<div class=\"sep\"><\/div>\t        \t        \t<div class=\"pre-heading\">PIQUANT GmbH<\/div>\n\t        \n\t        \n\t        \t        <h2 class=\"main-heading\">Im Rheinauhafen in K\u00f6ln<\/h2>\n\t        \n\t        \n\t        \t    <\/div>\n\t    \t\t\t\t<\/div>\n\t\t\t\t<\/div>\n\t\t\t\t<\/div>\n\t\t<div class=\"elementor-element elementor-element-312f8bb e-con-full e-flex e-con e-child\" data-id=\"312f8bb\" data-element_type=\"container\">\n\t\t\t\t<div class=\"elementor-element elementor-element-22df7cd elementor-widget elementor-widget-text-editor\" data-id=\"22df7cd\" data-element_type=\"widget\" data-widget_type=\"text-editor.default\">\n\t\t\t\t<div class=\"elementor-widget-container\">\n\t\t\t\t\t\t\t\t\t<p>Kontaktieren Sie uns gerne direkt \u00fcber das Formular. Wir werden Ihnen so schnell wie m\u00f6glich eine R\u00fcckmeldung zu Ihrer Thematik geben. Anfragen zu Projekten k\u00f6nnen Sie ebenfalls gerne \u00fcber das folgende Formular absenden. Zu unseren \u00d6ffnungszeiten erreichen Sie uns auch telefonisch.<\/p><p>Falls Sie sich bei uns bewerben m\u00f6chten, kontaktieren Sie uns bitte <a href=\"https:\/\/www.piquant.me\/en\/karriere\/\">hier<\/a>.<\/p>\t\t\t\t\t\t\t\t<\/div>\n\t\t\t\t<\/div>\n\t\t\t\t<\/div>\n\t\t\t\t<\/div>\n\t\t<div class=\"elementor-element elementor-element-ded27ad e-con-full e-flex e-con e-child\" data-id=\"ded27ad\" data-element_type=\"container\">\n\t\t\t\t<div class=\"elementor-element elementor-element-6d589a4 shake-hover icon-has-bg elementor-widget elementor-widget-mae-cta\" data-id=\"6d589a4\" data-element_type=\"widget\" data-widget_type=\"mae-cta.default\">\n\t\t\t\t<div class=\"elementor-widget-container\">\n\t\t\t\t\t\n        <a class=\"master-cta\" href=\"tel:+4922129436585\">\n            <span class=\"image-wrap\"><img fetchpriority=\"high\" decoding=\"async\" width=\"2560\" height=\"1707\" src=\"https:\/\/www.piquant.me\/wp-content\/uploads\/2025\/07\/SEK2024_7686-scaled.jpg\" class=\"attachment-full size-full\" alt=\"\" srcset=\"https:\/\/www.piquant.me\/wp-content\/uploads\/2025\/07\/SEK2024_7686-scaled.jpg 2560w, https:\/\/www.piquant.me\/wp-content\/uploads\/2025\/07\/SEK2024_7686-300x200.jpg 300w, https:\/\/www.piquant.me\/wp-content\/uploads\/2025\/07\/SEK2024_7686-1024x683.jpg 1024w, https:\/\/www.piquant.me\/wp-content\/uploads\/2025\/07\/SEK2024_7686-768x512.jpg 768w, https:\/\/www.piquant.me\/wp-content\/uploads\/2025\/07\/SEK2024_7686-1536x1024.jpg 1536w, https:\/\/www.piquant.me\/wp-content\/uploads\/2025\/07\/SEK2024_7686-2048x1365.jpg 2048w, https:\/\/www.piquant.me\/wp-content\/uploads\/2025\/07\/SEK2024_7686-18x12.jpg 18w\" sizes=\"(max-width: 2560px) 100vw, 2560px\" \/><\/span>            <span class=\"content-wrap\">\n                <span class=\"icon\"><i aria-hidden=\"true\" class=\"ci-phone-call\"><\/i><\/span>\n                <span class=\"texts\">\n                    <span class=\"text\">Rufen Sie uns an!<\/span>                    <span class=\"phone\">+49 221 29436585<\/span>                <\/span>\n            <\/span>\n        <\/a>\n\n        \t\t\t\t<\/div>\n\t\t\t\t<\/div>\n\t\t\t\t<\/div>\n\t\t\t\t\t<\/div>\n\t\t\t\t<\/div>\n\t\t<div class=\"elementor-element elementor-element-88170a7 e-flex e-con-boxed e-con e-parent\" data-id=\"88170a7\" data-element_type=\"container\">\n\t\t\t\t\t<div class=\"e-con-inner\">\n\t\t\t\t<div class=\"elementor-element elementor-element-bad8b81 elementor-widget elementor-widget-menu-anchor\" data-id=\"bad8b81\" data-element_type=\"widget\" data-widget_type=\"menu-anchor.default\">\n\t\t\t\t<div class=\"elementor-widget-container\">\n\t\t\t\t\t\t\t<div class=\"elementor-menu-anchor\" id=\"contactform\"><\/div>\n\t\t\t\t\t\t<\/div>\n\t\t\t\t<\/div>\n\t\t\t\t\t<\/div>\n\t\t\t\t<\/div>\n\t\t<div class=\"elementor-element elementor-element-79f8164 e-flex e-con-boxed e-con e-parent\" data-id=\"79f8164\" data-element_type=\"container\">\n\t\t\t\t\t<div class=\"e-con-inner\">\n\t\t<div class=\"elementor-element elementor-element-e052679 e-con-full e-flex e-con e-child\" data-id=\"e052679\" data-element_type=\"container\">\n\t\t<div class=\"elementor-element elementor-element-f98f0cb e-con-full e-flex e-con e-child\" data-id=\"f98f0cb\" data-element_type=\"container\" data-settings=\"{&quot;background_background&quot;:&quot;classic&quot;}\">\n\t\t\t\t<div class=\"elementor-element elementor-element-fbbbdbb align-center cf7-style-1 elementor-widget elementor-widget-mae-contact-form-7\" data-id=\"fbbbdbb\" data-element_type=\"widget\" data-widget_type=\"mae-contact-form-7.default\">\n\t\t\t\t<div class=\"elementor-widget-container\">\n\t\t\t\t\t<div class=\"elementor-shortcode ametok-cf7-0\">\n<div class=\"wpcf7 no-js\" id=\"wpcf7-f3720-o1\" lang=\"en-US\" dir=\"ltr\" data-wpcf7-id=\"3720\">\n<div class=\"screen-reader-response\"><p role=\"status\" aria-live=\"polite\" aria-atomic=\"true\"><\/p> <ul><\/ul><\/div>\n<form action=\"\/en\/wp-json\/wp\/v2\/pages\/9512#wpcf7-f3720-o1\" method=\"post\" class=\"wpcf7-form init\" aria-label=\"Contact form\" novalidate=\"novalidate\" data-status=\"init\" data-trp-original-action=\"\/en\/wp-json\/wp\/v2\/pages\/9512#wpcf7-f3720-o1\">\n<fieldset class=\"hidden-fields-container\"><input type=\"hidden\" name=\"_wpcf7\" value=\"3720\" \/><input type=\"hidden\" name=\"_wpcf7_version\" value=\"6.1.3\" \/><input type=\"hidden\" name=\"_wpcf7_locale\" value=\"en_US\" \/><input type=\"hidden\" name=\"_wpcf7_unit_tag\" value=\"wpcf7-f3720-o1\" \/><input type=\"hidden\" name=\"_wpcf7_container_post\" value=\"0\" \/><input type=\"hidden\" name=\"_wpcf7_posted_data_hash\" value=\"\" \/>\n<\/fieldset>\n<span class=\"wpcf7-form-control-wrap\" data-name=\"your-name\"><input size=\"40\" maxlength=\"400\" class=\"wpcf7-form-control wpcf7-text wpcf7-validates-as-required\" aria-required=\"true\" aria-invalid=\"false\" placeholder=\"Name \/ Unternehmen\" value=\"\" type=\"text\" name=\"your-name\" \/><\/span>\n\n<span class=\"wpcf7-form-control-wrap\" data-name=\"your-email\"><input size=\"40\" maxlength=\"400\" class=\"wpcf7-form-control wpcf7-email wpcf7-validates-as-required wpcf7-text wpcf7-validates-as-email\" aria-required=\"true\" aria-invalid=\"false\" placeholder=\"Email Adresse\" value=\"\" type=\"email\" name=\"your-email\" \/><\/span>\n\n<span class=\"input-wrap\"><span class=\"wpcf7-form-control-wrap\" data-name=\"tel-617\"><input size=\"40\" maxlength=\"400\" class=\"wpcf7-form-control wpcf7-tel wpcf7-validates-as-required wpcf7-text wpcf7-validates-as-tel\" aria-required=\"true\" aria-invalid=\"false\" placeholder=\"Phone Number\" value=\"\" type=\"tel\" name=\"tel-617\" \/><\/span><span class=\"wpcf7-form-control-wrap\" data-name=\"your-subject\"><select class=\"wpcf7-form-control wpcf7-select styled\" aria-invalid=\"false\" name=\"your-subject\"><option value=\"\">Serviceauswahl<\/option><option value=\"Projektanfrage\">Projektanfrage<\/option><option value=\"Anderes\">Anderes<\/option><\/select><\/span><\/span>\n\n<span class=\"wpcf7-form-control-wrap\" data-name=\"your-message\"><textarea cols=\"40\" rows=\"10\" maxlength=\"2000\" class=\"wpcf7-form-control wpcf7-textarea wpcf7-validates-as-required\" aria-required=\"true\" aria-invalid=\"false\" placeholder=\"Schreibe eine Nachricht\" name=\"your-message\"><\/textarea><\/span>\n\n\n<input class=\"wpcf7-form-control wpcf7-submit has-spinner\" type=\"submit\" value=\"Senden\" \/><div class=\"wpcf7-response-output\" aria-hidden=\"true\"><\/div>\n<input type=\"hidden\" name=\"trp-form-language\" value=\"en\"\/><\/form>\n<\/div>\n<\/div>\t\t\t\t<\/div>\n\t\t\t\t<\/div>\n\t\t\t\t<\/div>\n\t\t\t\t<\/div>\n\t\t<div class=\"elementor-element elementor-element-615bbc0 e-con-full e-flex e-con e-child\" data-id=\"615bbc0\" data-element_type=\"container\">\n\t\t<div class=\"elementor-element elementor-element-0436743 e-con-full e-flex e-con e-child\" data-id=\"0436743\" data-element_type=\"container\" data-settings=\"{&quot;background_background&quot;:&quot;classic&quot;}\">\n\t\t\t\t<div class=\"elementor-element elementor-element-0f2d9c2 elementor-widget elementor-widget-mae-headings\" data-id=\"0f2d9c2\" data-element_type=\"widget\" data-widget_type=\"mae-headings.default\">\n\t\t\t\t<div class=\"elementor-widget-container\">\n\t\t\t\t\t\t\t<div class=\"master-heading sep-none\">\n\t\t\t\t        \n\t        \n\t        \t        <h2 class=\"main-heading\">K\u00f6ln | Rheinland<\/h2>\n\t        \n\t        \n\t        \t    <\/div>\n\t    \t\t\t\t<\/div>\n\t\t\t\t<\/div>\n\t\t\t\t<div class=\"elementor-element elementor-element-4faf7a8 elementor-widget elementor-widget-text-editor\" data-id=\"4faf7a8\" data-element_type=\"widget\" data-widget_type=\"text-editor.default\">\n\t\t\t\t<div class=\"elementor-widget-container\">\n\t\t\t\t\t\t\t\t\t<p>Harry-Blum-Platz 2<br \/>50678 Cologne<br \/>Tel.: +49 (0) 221 29436585 | 86<br \/>Email: info@pi-quant.com<\/p>\t\t\t\t\t\t\t\t<\/div>\n\t\t\t\t<\/div>\n\t\t\t\t<\/div>\n\t\t\t\t<\/div>\n\t\t\t\t\t<\/div>\n\t\t\t\t<\/div>\n\t\t<div class=\"elementor-element elementor-element-25d2180 e-flex e-con-boxed e-con e-parent\" data-id=\"25d2180\" data-element_type=\"container\">\n\t\t\t\t\t<div class=\"e-con-inner\">\n\t\t\t\t<div class=\"elementor-element elementor-element-a515df2 elementor-widget elementor-widget-spacer\" data-id=\"a515df2\" data-element_type=\"widget\" data-widget_type=\"spacer.default\">\n\t\t\t\t<div class=\"elementor-widget-container\">\n\t\t\t\t\t\t\t<div class=\"elementor-spacer\">\n\t\t\t<div class=\"elementor-spacer-inner\"><\/div>\n\t\t<\/div>\n\t\t\t\t\t\t<\/div>\n\t\t\t\t<\/div>\n\t\t\t\t<div class=\"elementor-element elementor-element-f653ee5 elementor-widget elementor-widget-google_maps\" data-id=\"f653ee5\" data-element_type=\"widget\" data-widget_type=\"google_maps.default\">\n\t\t\t\t<div class=\"elementor-widget-container\">\n\t\t\t\t\t\t\t<div class=\"elementor-custom-embed\">\n\t\t\t<iframe loading=\"lazy\"\n\t\t\t\t\tsrc=\"https:\/\/maps.google.com\/maps?q=K%C3%B6ln%2C%20Harry%20Blum%20Platz%202&#038;t=m&#038;z=11&#038;output=embed&#038;iwloc=near\"\n\t\t\t\t\ttitle=\"K\u00f6ln, Harry Blum Platz 2\"\n\t\t\t\t\taria-label=\"K\u00f6ln, Harry Blum Platz 2\"\n\t\t\t><\/iframe>\n\t\t<\/div>\n\t\t\t\t\t\t<\/div>\n\t\t\t\t<\/div>\n\t\t\t\t\t<\/div>\n\t\t\t\t<\/div>\n\t\t\t\t<\/div>","protected":false},"excerpt":{"rendered":"<p>PIQUANT GmbH Im Rheinauhafen in K\u00f6ln Kontaktieren Sie uns gerne direkt \u00fcber das Formular. Wir werden Ihnen so schnell wie m\u00f6glich eine R\u00fcckmeldung zu Ihrer Thematik geben. Anfragen zu Projekten k\u00f6nnen Sie ebenfalls gerne \u00fcber das folgende Formular absenden. Zu unseren \u00d6ffnungszeiten erreichen Sie uns auch telefonisch. Falls Sie sich<\/p>","protected":false},"author":2,"featured_media":0,"parent":0,"menu_order":0,"comment_status":"closed","ping_status":"closed","template":"","meta":{"_monsterinsights_skip_tracking":false,"_monsterinsights_sitenote_active":false,"_monsterinsights_sitenote_note":"","_monsterinsights_sitenote_category":0,"footnotes":""},"class_list":["post-9512","page","type-page","status-publish","hentry"],"aioseo_notices":[],"_links":{"self":[{"href":"https:\/\/www.piquant.me\/en\/wp-json\/wp\/v2\/pages\/9512","targetHints":{"allow":["GET"]}}],"collection":[{"href":"https:\/\/www.piquant.me\/en\/wp-json\/wp\/v2\/pages"}],"about":[{"href":"https:\/\/www.piquant.me\/en\/wp-json\/wp\/v2\/types\/page"}],"author":[{"embeddable":true,"href":"https:\/\/www.piquant.me\/en\/wp-json\/wp\/v2\/users\/2"}],"replies":[{"embeddable":true,"href":"https:\/\/www.piquant.me\/en\/wp-json\/wp\/v2\/comments?post=9512"}],"version-history":[{"count":41,"href":"https:\/\/www.piquant.me\/en\/wp-json\/wp\/v2\/pages\/9512\/revisions"}],"predecessor-version":[{"id":10504,"href":"https:\/\/www.piquant.me\/en\/wp-json\/wp\/v2\/pages\/9512\/revisions\/10504"}],"wp:attachment":[{"href":"https:\/\/www.piquant.me\/en\/wp-json\/wp\/v2\/media?parent=9512"}],"curies":[{"name":"wp","href":"https:\/\/api.w.org\/{rel}","templated":true}]}}