{"id":9437,"date":"2025-05-16T16:02:59","date_gmt":"2025-05-16T14:02:59","guid":{"rendered":"https:\/\/www.piquant.me\/?page_id=9437"},"modified":"2025-07-18T13:44:08","modified_gmt":"2025-07-18T11:44:08","slug":"aktuelle-projekte","status":"publish","type":"page","link":"https:\/\/www.piquant.me\/en\/aktuelle-projekte\/","title":{"rendered":"Current projects"},"content":{"rendered":"<div data-elementor-type=\"wp-page\" data-elementor-id=\"9437\" class=\"elementor elementor-9437\">\n\t\t\t\t<div class=\"elementor-element elementor-element-ba27e2f e-flex e-con-boxed e-con e-parent\" data-id=\"ba27e2f\" data-element_type=\"container\">\n\t\t\t\t\t<div class=\"e-con-inner\">\n\t\t\t\t<div class=\"elementor-element elementor-element-571b4ff elementor-widget elementor-widget-mae-headings\" data-id=\"571b4ff\" data-element_type=\"widget\" data-widget_type=\"mae-headings.default\">\n\t\t\t\t<div class=\"elementor-widget-container\">\n\t\t\t\t\t\t\t<div class=\"master-heading sep-none\">\n\t\t\t\t        \n\t        \n\t        \t        <h2 class=\"main-heading\">Unsere aktuellen Projekte<\/h2>\n\t        \n\t        \n\t        \t            <div class=\"sub-heading\">In der Regel betreuen wir parallel mehrere Projekte und stellen daf\u00fcr jeweils ein kleines, eingespieltes Team zur Verf\u00fcgung.\nWenn Sie ein neues Vorhaben planen, kommen Sie gerne auf uns zu \u2013 wir freuen uns auf die Zusammenarbeit!<\/div>\n\t        \t    <\/div>\n\t    \t\t\t\t<\/div>\n\t\t\t\t<\/div>\n\t\t<div class=\"elementor-element elementor-element-ca4cc59 e-con-full e-flex e-con e-child\" data-id=\"ca4cc59\" data-element_type=\"container\">\n\t\t\t\t<div class=\"elementor-element elementor-element-34d9cf6 align-center elementor-widget elementor-widget-mae-button\" data-id=\"34d9cf6\" data-element_type=\"widget\" data-widget_type=\"mae-button.default\">\n\t\t\t\t<div class=\"elementor-widget-container\">\n\t\t\t\t\t\n        <a class=\"master-button btn-accent icon-left big\" href=\"https:\/\/www.piquant.me\/en\/kontakt\/\" \n            >\n\n            <span class=\"inner\">\n                <span class=\"content-base\">\n                    <span class=\"icon ci-right-arrow1\"><\/span>                    <span class=\"text\">Individuelle Anfrage senden<\/span>\n                                    <\/span>\n\n                <span class=\"content-hover\">\n                    <span class=\"icon ci-right-arrow1\"><\/span>                    <span class=\"text\">Individuelle Anfrage senden<\/span>\n                                    <\/span>\n            <\/span>\n\n            <span class=\"bg-hover\"><\/span>        <\/a>\n\n        \t\t\t\t<\/div>\n\t\t\t\t<\/div>\n\t\t\t\t<\/div>\n\t\t\t\t\t<\/div>\n\t\t\t\t<\/div>\n\t\t<div class=\"elementor-element elementor-element-673ee55 e-con-full e-flex e-con e-parent\" data-id=\"673ee55\" data-element_type=\"container\">\n\t\t<div class=\"elementor-element elementor-element-11e30a1 e-con-full e-flex e-con e-child\" data-id=\"11e30a1\" data-element_type=\"container\">\n\t\t\t\t<div class=\"elementor-element elementor-element-9bce4fd elementor-widget-divider--view-line elementor-widget elementor-widget-divider\" data-id=\"9bce4fd\" data-element_type=\"widget\" data-widget_type=\"divider.default\">\n\t\t\t\t<div class=\"elementor-widget-container\">\n\t\t\t\t\t\t\t<div class=\"elementor-divider\">\n\t\t\t<span class=\"elementor-divider-separator\">\n\t\t\t\t\t\t<\/span>\n\t\t<\/div>\n\t\t\t\t\t\t<\/div>\n\t\t\t\t<\/div>\n\t\t\t\t<\/div>\n\t\t<div class=\"elementor-element elementor-element-9d10a22 e-con-full e-flex e-con e-child\" data-id=\"9d10a22\" data-element_type=\"container\">\n\t\t<div class=\"elementor-element elementor-element-6249acc e-grid e-con-full e-con e-child\" data-id=\"6249acc\" data-element_type=\"container\">\n\t\t\t\t<div class=\"elementor-element elementor-element-a77db0b elementor-widget elementor-widget-image\" data-id=\"a77db0b\" data-element_type=\"widget\" data-widget_type=\"image.default\">\n\t\t\t\t<div class=\"elementor-widget-container\">\n\t\t\t\t\t\t\t\t\t\t\t\t\t\t\t<img fetchpriority=\"high\" decoding=\"async\" width=\"1024\" height=\"683\" src=\"https:\/\/www.piquant.me\/wp-content\/uploads\/2025\/07\/iStock-Hochhaeuser-1024x683.jpg\" class=\"elementor-animation-grow attachment-large size-large wp-image-10214\" alt=\"\" srcset=\"https:\/\/www.piquant.me\/wp-content\/uploads\/2025\/07\/iStock-Hochhaeuser-1024x683.jpg 1024w, https:\/\/www.piquant.me\/wp-content\/uploads\/2025\/07\/iStock-Hochhaeuser-300x200.jpg 300w, https:\/\/www.piquant.me\/wp-content\/uploads\/2025\/07\/iStock-Hochhaeuser-768x512.jpg 768w, https:\/\/www.piquant.me\/wp-content\/uploads\/2025\/07\/iStock-Hochhaeuser-1536x1024.jpg 1536w, https:\/\/www.piquant.me\/wp-content\/uploads\/2025\/07\/iStock-Hochhaeuser-2048x1365.jpg 2048w, https:\/\/www.piquant.me\/wp-content\/uploads\/2025\/07\/iStock-Hochhaeuser-18x12.jpg 18w\" sizes=\"(max-width: 1024px) 100vw, 1024px\" \/>\t\t\t\t\t\t\t\t\t\t\t\t\t\t\t<\/div>\n\t\t\t\t<\/div>\n\t\t\t\t<div class=\"elementor-element elementor-element-30a939e elementor-widget elementor-widget-mae-project-detail\" data-id=\"30a939e\" data-element_type=\"widget\" data-widget_type=\"mae-project-detail.default\">\n\t\t\t\t<div class=\"elementor-widget-container\">\n\t\t\t\t\t\n        <div class=\"project-info\">\n                            <div class=\"info-wrap\">\n                <span class=\"title\">IT-Notfallplan im Finanzsektor<\/span>\n                <span class=\"info\"><\/span>\n                <\/div>\n                            <div class=\"info-wrap\">\n                <span class=\"title\">Branche:<\/span>\n                <span class=\"info\">Finanzwesen<\/span>\n                <\/div>\n                            <div class=\"info-wrap\">\n                <span class=\"title\">Dauer:<\/span>\n                <span class=\"info\">seit Q2\/2025 (laufend)<\/span>\n                <\/div>\n                            <div class=\"info-wrap\">\n                <span class=\"title\">Projektziel:<\/span>\n                <span class=\"info\">Entwicklung und Implementierung eines IT-Notfallplans zur Minimierung von  Datenverlusten bei unvorhergesehenen Ereignissen und zur Sicherstellung der Gesch\u00e4ftskontinuit\u00e4t<\/span>\n                <\/div>\n                    <\/div>\n\t\t\t\t\t<\/div>\n\t\t\t\t<\/div>\n\t\t\t\t<\/div>\n\t\t\t\t<\/div>\n\t\t\t\t<\/div>\n\t\t<div class=\"elementor-element elementor-element-d6da26c e-con-full e-flex e-con e-parent\" data-id=\"d6da26c\" data-element_type=\"container\">\n\t\t<div class=\"elementor-element elementor-element-dfa2723 e-con-full e-flex e-con e-child\" data-id=\"dfa2723\" data-element_type=\"container\">\n\t\t\t\t<div class=\"elementor-element elementor-element-e6458ca elementor-widget-divider--view-line elementor-widget elementor-widget-divider\" data-id=\"e6458ca\" data-element_type=\"widget\" data-widget_type=\"divider.default\">\n\t\t\t\t<div class=\"elementor-widget-container\">\n\t\t\t\t\t\t\t<div class=\"elementor-divider\">\n\t\t\t<span class=\"elementor-divider-separator\">\n\t\t\t\t\t\t<\/span>\n\t\t<\/div>\n\t\t\t\t\t\t<\/div>\n\t\t\t\t<\/div>\n\t\t\t\t<\/div>\n\t\t<div class=\"elementor-element elementor-element-1cc88a7 e-con-full e-flex e-con e-child\" data-id=\"1cc88a7\" data-element_type=\"container\">\n\t\t<div class=\"elementor-element elementor-element-8943669 e-grid e-con-full e-con e-child\" data-id=\"8943669\" data-element_type=\"container\">\n\t\t\t\t<div class=\"elementor-element elementor-element-ceb671a elementor-widget elementor-widget-mae-project-detail\" data-id=\"ceb671a\" data-element_type=\"widget\" data-widget_type=\"mae-project-detail.default\">\n\t\t\t\t<div class=\"elementor-widget-container\">\n\t\t\t\t\t\n        <div class=\"project-info\">\n                            <div class=\"info-wrap\">\n                <span class=\"title\">Softwareadministration in Planungstools<\/span>\n                <span class=\"info\"><\/span>\n                <\/div>\n                            <div class=\"info-wrap\">\n                <span class=\"title\">Branche:<\/span>\n                <span class=\"info\">Medienbranche<\/span>\n                <\/div>\n                            <div class=\"info-wrap\">\n                <span class=\"title\">Dauer:<\/span>\n                <span class=\"info\">ca. 6 - 12 Monate (laufend)<\/span>\n                <\/div>\n                            <div class=\"info-wrap\">\n                <span class=\"title\">Projektziel:<\/span>\n                <span class=\"info\">Unterst\u00fctzung in der Softwareadministration f\u00fcr Linux-Anwendungen mit Fokus auf Fehleranalyse und System\u00fcberwachung<\/span>\n                <\/div>\n                    <\/div>\n\t\t\t\t\t<\/div>\n\t\t\t\t<\/div>\n\t\t\t\t<div class=\"elementor-element elementor-element-0e7dd14 elementor-widget elementor-widget-image\" data-id=\"0e7dd14\" data-element_type=\"widget\" data-widget_type=\"image.default\">\n\t\t\t\t<div class=\"elementor-widget-container\">\n\t\t\t\t\t\t\t\t\t\t\t\t\t\t\t\t<a href=\"https:\/\/www.piquant.me\/en\/softwareadministration-in-planungstools\/\">\n\t\t\t\t\t\t\t<img decoding=\"async\" width=\"1024\" height=\"683\" src=\"https:\/\/www.piquant.me\/wp-content\/uploads\/2025\/07\/iStock-Softwareadministration-1024x683.jpg\" class=\"elementor-animation-grow attachment-large size-large wp-image-10215\" alt=\"\" srcset=\"https:\/\/www.piquant.me\/wp-content\/uploads\/2025\/07\/iStock-Softwareadministration-1024x683.jpg 1024w, https:\/\/www.piquant.me\/wp-content\/uploads\/2025\/07\/iStock-Softwareadministration-300x200.jpg 300w, https:\/\/www.piquant.me\/wp-content\/uploads\/2025\/07\/iStock-Softwareadministration-768x512.jpg 768w, https:\/\/www.piquant.me\/wp-content\/uploads\/2025\/07\/iStock-Softwareadministration-1536x1024.jpg 1536w, https:\/\/www.piquant.me\/wp-content\/uploads\/2025\/07\/iStock-Softwareadministration-2048x1365.jpg 2048w, https:\/\/www.piquant.me\/wp-content\/uploads\/2025\/07\/iStock-Softwareadministration-18x12.jpg 18w\" sizes=\"(max-width: 1024px) 100vw, 1024px\" \/>\t\t\t\t\t\t\t\t<\/a>\n\t\t\t\t\t\t\t\t\t\t\t\t\t\t\t<\/div>\n\t\t\t\t<\/div>\n\t\t\t\t<\/div>\n\t\t\t\t<\/div>\n\t\t<div class=\"elementor-element elementor-element-b4b3dcc e-con-full e-flex e-con e-child\" data-id=\"b4b3dcc\" data-element_type=\"container\">\n\t\t<div class=\"elementor-element elementor-element-b9f9213 e-grid e-con-full e-con e-child\" data-id=\"b9f9213\" data-element_type=\"container\">\n\t\t\t\t<div class=\"elementor-element elementor-element-47d6f89 elementor-widget elementor-widget-mae-project-detail\" data-id=\"47d6f89\" data-element_type=\"widget\" data-widget_type=\"mae-project-detail.default\">\n\t\t\t\t<div class=\"elementor-widget-container\">\n\t\t\t\t\t\n        <div class=\"project-info\">\n                            <div class=\"info-wrap\">\n                <span class=\"title\">Softwareadministration in Planungstools<\/span>\n                <span class=\"info\"><\/span>\n                <\/div>\n                            <div class=\"info-wrap\">\n                <span class=\"title\">Branche:<\/span>\n                <span class=\"info\">Medienbranche<\/span>\n                <\/div>\n                            <div class=\"info-wrap\">\n                <span class=\"title\">Dauer:<\/span>\n                <span class=\"info\">ca. 6 - 12 Monate (laufend)<\/span>\n                <\/div>\n                            <div class=\"info-wrap\">\n                <span class=\"title\">Projektziel:<\/span>\n                <span class=\"info\">Unterst\u00fctzung in der Softwareadministration f\u00fcr Linux-Anwendungen mit Fokus auf Fehleranalyse und System\u00fcberwachung<\/span>\n                <\/div>\n                    <\/div>\n\t\t\t\t\t<\/div>\n\t\t\t\t<\/div>\n\t\t\t\t<div class=\"elementor-element elementor-element-6a15a32 elementor-widget elementor-widget-image\" data-id=\"6a15a32\" data-element_type=\"widget\" data-widget_type=\"image.default\">\n\t\t\t\t<div class=\"elementor-widget-container\">\n\t\t\t\t\t\t\t\t\t\t\t\t\t\t\t\t<a href=\"https:\/\/www.piquant.me\/en\/softwareadministration-in-planungstools\/\">\n\t\t\t\t\t\t\t<img decoding=\"async\" width=\"1024\" height=\"683\" src=\"https:\/\/www.piquant.me\/wp-content\/uploads\/2025\/07\/iStock-Softwareadministration-1024x683.jpg\" class=\"elementor-animation-grow attachment-large size-large wp-image-10215\" alt=\"\" srcset=\"https:\/\/www.piquant.me\/wp-content\/uploads\/2025\/07\/iStock-Softwareadministration-1024x683.jpg 1024w, https:\/\/www.piquant.me\/wp-content\/uploads\/2025\/07\/iStock-Softwareadministration-300x200.jpg 300w, https:\/\/www.piquant.me\/wp-content\/uploads\/2025\/07\/iStock-Softwareadministration-768x512.jpg 768w, https:\/\/www.piquant.me\/wp-content\/uploads\/2025\/07\/iStock-Softwareadministration-1536x1024.jpg 1536w, https:\/\/www.piquant.me\/wp-content\/uploads\/2025\/07\/iStock-Softwareadministration-2048x1365.jpg 2048w, https:\/\/www.piquant.me\/wp-content\/uploads\/2025\/07\/iStock-Softwareadministration-18x12.jpg 18w\" sizes=\"(max-width: 1024px) 100vw, 1024px\" \/>\t\t\t\t\t\t\t\t<\/a>\n\t\t\t\t\t\t\t\t\t\t\t\t\t\t\t<\/div>\n\t\t\t\t<\/div>\n\t\t\t\t<\/div>\n\t\t\t\t<\/div>\n\t\t\t\t<\/div>\n\t\t<div class=\"elementor-element elementor-element-2818a7a e-con-full e-flex e-con e-parent\" data-id=\"2818a7a\" data-element_type=\"container\">\n\t\t<div class=\"elementor-element elementor-element-36681fd e-con-full e-flex e-con e-child\" data-id=\"36681fd\" data-element_type=\"container\">\n\t\t\t\t<div class=\"elementor-element elementor-element-ee4925e elementor-widget-divider--view-line elementor-widget elementor-widget-divider\" data-id=\"ee4925e\" data-element_type=\"widget\" data-widget_type=\"divider.default\">\n\t\t\t\t<div class=\"elementor-widget-container\">\n\t\t\t\t\t\t\t<div class=\"elementor-divider\">\n\t\t\t<span class=\"elementor-divider-separator\">\n\t\t\t\t\t\t<\/span>\n\t\t<\/div>\n\t\t\t\t\t\t<\/div>\n\t\t\t\t<\/div>\n\t\t\t\t<\/div>\n\t\t<div class=\"elementor-element elementor-element-b6074ed e-con-full e-flex e-con e-child\" data-id=\"b6074ed\" data-element_type=\"container\">\n\t\t<div class=\"elementor-element elementor-element-cab7a92 e-grid e-con-full e-con e-child\" data-id=\"cab7a92\" data-element_type=\"container\">\n\t\t\t\t<div class=\"elementor-element elementor-element-bb3164a elementor-widget elementor-widget-image\" data-id=\"bb3164a\" data-element_type=\"widget\" data-widget_type=\"image.default\">\n\t\t\t\t<div class=\"elementor-widget-container\">\n\t\t\t\t\t\t\t\t\t\t\t\t\t\t\t<img decoding=\"async\" width=\"1024\" height=\"680\" src=\"https:\/\/www.piquant.me\/wp-content\/uploads\/2025\/07\/iStock-PMO-1024x680.jpg\" class=\"elementor-animation-grow attachment-large size-large wp-image-10217\" alt=\"\" srcset=\"https:\/\/www.piquant.me\/wp-content\/uploads\/2025\/07\/iStock-PMO-1024x680.jpg 1024w, https:\/\/www.piquant.me\/wp-content\/uploads\/2025\/07\/iStock-PMO-300x199.jpg 300w, https:\/\/www.piquant.me\/wp-content\/uploads\/2025\/07\/iStock-PMO-768x510.jpg 768w, https:\/\/www.piquant.me\/wp-content\/uploads\/2025\/07\/iStock-PMO-1536x1020.jpg 1536w, https:\/\/www.piquant.me\/wp-content\/uploads\/2025\/07\/iStock-PMO-2048x1360.jpg 2048w, https:\/\/www.piquant.me\/wp-content\/uploads\/2025\/07\/iStock-PMO-18x12.jpg 18w\" sizes=\"(max-width: 1024px) 100vw, 1024px\" \/>\t\t\t\t\t\t\t\t\t\t\t\t\t\t\t<\/div>\n\t\t\t\t<\/div>\n\t\t\t\t<div class=\"elementor-element elementor-element-7d1e154 elementor-widget elementor-widget-mae-project-detail\" data-id=\"7d1e154\" data-element_type=\"widget\" data-widget_type=\"mae-project-detail.default\">\n\t\t\t\t<div class=\"elementor-widget-container\">\n\t\t\t\t\t\n        <div class=\"project-info\">\n                            <div class=\"info-wrap\">\n                <span class=\"title\">Projektmanagement f\u00fcr Softwareadministration<\/span>\n                <span class=\"info\"><\/span>\n                <\/div>\n                            <div class=\"info-wrap\">\n                <span class=\"title\">Branche:<\/span>\n                <span class=\"info\">\u00d6ffentlich-rechtlicher Dienst<\/span>\n                <\/div>\n                            <div class=\"info-wrap\">\n                <span class=\"title\">Dauer:<\/span>\n                <span class=\"info\">ca. 2 - 4 Jahre (laufend)<\/span>\n                <\/div>\n                            <div class=\"info-wrap\">\n                <span class=\"title\">Projektziel:<\/span>\n                <span class=\"info\">Betreuung, Weiterentwicklung und strukturierte Administration einer landesweit eingesetzten Verwaltungssoftware<\/span>\n                <\/div>\n                    <\/div>\n\t\t\t\t\t<\/div>\n\t\t\t\t<\/div>\n\t\t\t\t<\/div>\n\t\t\t\t<\/div>\n\t\t\t\t<\/div>\n\t\t<div class=\"elementor-element elementor-element-43afe6d e-con-full e-flex e-con e-parent\" data-id=\"43afe6d\" data-element_type=\"container\">\n\t\t<div class=\"elementor-element elementor-element-650abcc e-con-full e-flex e-con e-child\" data-id=\"650abcc\" data-element_type=\"container\">\n\t\t\t\t<div class=\"elementor-element elementor-element-64dd408 elementor-widget-divider--view-line elementor-widget elementor-widget-divider\" data-id=\"64dd408\" data-element_type=\"widget\" data-widget_type=\"divider.default\">\n\t\t\t\t<div class=\"elementor-widget-container\">\n\t\t\t\t\t\t\t<div class=\"elementor-divider\">\n\t\t\t<span class=\"elementor-divider-separator\">\n\t\t\t\t\t\t<\/span>\n\t\t<\/div>\n\t\t\t\t\t\t<\/div>\n\t\t\t\t<\/div>\n\t\t\t\t<\/div>\n\t\t<div class=\"elementor-element elementor-element-539006a e-con-full e-flex e-con e-child\" data-id=\"539006a\" data-element_type=\"container\">\n\t\t<div class=\"elementor-element elementor-element-36ecca0 e-grid e-con-full e-con e-child\" data-id=\"36ecca0\" data-element_type=\"container\">\n\t\t\t\t<div class=\"elementor-element elementor-element-8a29cfd elementor-widget elementor-widget-image\" data-id=\"8a29cfd\" data-element_type=\"widget\" data-widget_type=\"image.default\">\n\t\t\t\t<div class=\"elementor-widget-container\">\n\t\t\t\t\t\t\t\t\t\t\t\t<figure class=\"wp-caption\">\n\t\t\t\t\t\t\t\t\t\t\t<a href=\"https:\/\/www.piquant.me\/en\/ueber-25-jahre-erfahrung\/\">\n\t\t\t\t\t\t\t<img loading=\"lazy\" decoding=\"async\" width=\"1024\" height=\"575\" src=\"https:\/\/www.piquant.me\/wp-content\/uploads\/2025\/07\/Screenshot-2025-07-04-105335-1024x575.png\" class=\"elementor-animation-grow attachment-large size-large wp-image-10054\" alt=\"\" srcset=\"https:\/\/www.piquant.me\/wp-content\/uploads\/2025\/07\/Screenshot-2025-07-04-105335-1024x575.png 1024w, https:\/\/www.piquant.me\/wp-content\/uploads\/2025\/07\/Screenshot-2025-07-04-105335-300x168.png 300w, https:\/\/www.piquant.me\/wp-content\/uploads\/2025\/07\/Screenshot-2025-07-04-105335-768x431.png 768w, https:\/\/www.piquant.me\/wp-content\/uploads\/2025\/07\/Screenshot-2025-07-04-105335-1536x862.png 1536w, https:\/\/www.piquant.me\/wp-content\/uploads\/2025\/07\/Screenshot-2025-07-04-105335-18x10.png 18w, https:\/\/www.piquant.me\/wp-content\/uploads\/2025\/07\/Screenshot-2025-07-04-105335.png 1782w\" sizes=\"(max-width: 1024px) 100vw, 1024px\" \/>\t\t\t\t\t\t\t\t<\/a>\n\t\t\t\t\t\t\t\t\t\t\t<figcaption class=\"widget-image-caption wp-caption-text\">hallo<\/figcaption>\n\t\t\t\t\t\t\t\t\t\t<\/figure>\n\t\t\t\t\t\t\t\t\t<\/div>\n\t\t\t\t<\/div>\n\t\t\t\t<div class=\"elementor-element elementor-element-1bfce34 elementor-widget elementor-widget-mae-project-detail\" data-id=\"1bfce34\" data-element_type=\"widget\" data-widget_type=\"mae-project-detail.default\">\n\t\t\t\t<div class=\"elementor-widget-container\">\n\t\t\t\t\t\n        <div class=\"project-info\">\n                            <div class=\"info-wrap\">\n                <span class=\"title\">Projektmanagement f\u00fcr Softwareadministration<\/span>\n                <span class=\"info\"><\/span>\n                <\/div>\n                            <div class=\"info-wrap\">\n                <span class=\"title\">Branche:<\/span>\n                <span class=\"info\">\u00d6ffentlich-rechtlicher Dienst<\/span>\n                <\/div>\n                            <div class=\"info-wrap\">\n                <span class=\"title\">Dauer:<\/span>\n                <span class=\"info\">ca. 2 - 4 Jahre (laufend)<\/span>\n                <\/div>\n                            <div class=\"info-wrap\">\n                <span class=\"title\">Projektziel:<\/span>\n                <span class=\"info\">Betreuung, Weiterentwicklung und strukturierte Administration einer landesweit eingesetzten Verwaltungssoftware<\/span>\n                <\/div>\n                            <div class=\"info-wrap\">\n                <span class=\"title\">Ideas<\/span>\n                <span class=\"info\">Hallo ich bin Mr Piquant<\/span>\n                <\/div>\n                    <\/div>\n\t\t\t\t\t<\/div>\n\t\t\t\t<\/div>\n\t\t\t\t<\/div>\n\t\t\t\t<\/div>\n\t\t\t\t<\/div>\n\t\t<div class=\"elementor-element elementor-element-631987d e-con-full e-flex e-con e-parent\" data-id=\"631987d\" data-element_type=\"container\">\n\t\t<div class=\"elementor-element elementor-element-b093660 e-con-full e-flex e-con e-child\" data-id=\"b093660\" data-element_type=\"container\">\n\t\t\t\t<div class=\"elementor-element elementor-element-c431f82 elementor-widget-divider--view-line elementor-widget elementor-widget-divider\" data-id=\"c431f82\" data-element_type=\"widget\" data-widget_type=\"divider.default\">\n\t\t\t\t<div class=\"elementor-widget-container\">\n\t\t\t\t\t\t\t<div class=\"elementor-divider\">\n\t\t\t<span class=\"elementor-divider-separator\">\n\t\t\t\t\t\t<\/span>\n\t\t<\/div>\n\t\t\t\t\t\t<\/div>\n\t\t\t\t<\/div>\n\t\t\t\t<\/div>\n\t\t<div class=\"elementor-element elementor-element-9e3ef7d e-con-full e-flex e-con e-child\" data-id=\"9e3ef7d\" data-element_type=\"container\">\n\t\t<div class=\"elementor-element elementor-element-c31ce93 e-grid e-con-full e-con e-child\" data-id=\"c31ce93\" data-element_type=\"container\">\n\t\t\t\t<div class=\"elementor-element elementor-element-0eeea4a elementor-widget elementor-widget-mae-project-detail\" data-id=\"0eeea4a\" data-element_type=\"widget\" data-widget_type=\"mae-project-detail.default\">\n\t\t\t\t<div class=\"elementor-widget-container\">\n\t\t\t\t\t\n        <div class=\"project-info\">\n                            <div class=\"info-wrap\">\n                <span class=\"title\">Technische Betreuung modularer Beh\u00f6rdenl\u00f6sung<\/span>\n                <span class=\"info\"><\/span>\n                <\/div>\n                            <div class=\"info-wrap\">\n                <span class=\"title\">Branche:<\/span>\n                <span class=\"info\">\u00d6ffentlich-rechtlicher Dienst<\/span>\n                <\/div>\n                            <div class=\"info-wrap\">\n                <span class=\"title\">Dauer:<\/span>\n                <span class=\"info\">ca. 3 - 4 Jahre (laufend)<\/span>\n                <\/div>\n                            <div class=\"info-wrap\">\n                <span class=\"title\">Projektziel:<\/span>\n                <span class=\"info\">Betreuung, Anpassung und Weiterentwicklung der modularen Anwendungsplattform FISBOX zur Nutzung durch \u00f6ffentliche Beh\u00f6rden<\/span>\n                <\/div>\n                    <\/div>\n\t\t\t\t\t<\/div>\n\t\t\t\t<\/div>\n\t\t\t\t<div class=\"elementor-element elementor-element-5680fb3 elementor-widget elementor-widget-image\" data-id=\"5680fb3\" data-element_type=\"widget\" data-widget_type=\"image.default\">\n\t\t\t\t<div class=\"elementor-widget-container\">\n\t\t\t\t\t\t\t\t\t\t\t\t\t\t\t<img loading=\"lazy\" decoding=\"async\" width=\"1024\" height=\"681\" src=\"https:\/\/www.piquant.me\/wp-content\/uploads\/2025\/07\/iStock-Projektkonzept-1024x681.jpg\" class=\"elementor-animation-grow attachment-large size-large wp-image-10216\" alt=\"\" srcset=\"https:\/\/www.piquant.me\/wp-content\/uploads\/2025\/07\/iStock-Projektkonzept-1024x681.jpg 1024w, https:\/\/www.piquant.me\/wp-content\/uploads\/2025\/07\/iStock-Projektkonzept-300x200.jpg 300w, https:\/\/www.piquant.me\/wp-content\/uploads\/2025\/07\/iStock-Projektkonzept-768x511.jpg 768w, https:\/\/www.piquant.me\/wp-content\/uploads\/2025\/07\/iStock-Projektkonzept-1536x1022.jpg 1536w, https:\/\/www.piquant.me\/wp-content\/uploads\/2025\/07\/iStock-Projektkonzept-2048x1363.jpg 2048w, https:\/\/www.piquant.me\/wp-content\/uploads\/2025\/07\/iStock-Projektkonzept-18x12.jpg 18w\" sizes=\"(max-width: 1024px) 100vw, 1024px\" \/>\t\t\t\t\t\t\t\t\t\t\t\t\t\t\t<\/div>\n\t\t\t\t<\/div>\n\t\t\t\t<\/div>\n\t\t\t\t<\/div>\n\t\t\t\t<\/div>\n\t\t\t\t<\/div>","protected":false},"excerpt":{"rendered":"<p>Unsere aktuellen Projekte In der Regel betreuen wir parallel mehrere Projekte und stellen daf\u00fcr jeweils ein kleines, eingespieltes Team zur Verf\u00fcgung. Wenn Sie ein neues Vorhaben planen, kommen Sie gerne auf uns zu \u2013 wir freuen uns auf die Zusammenarbeit! Individuelle Anfrage senden Individuelle Anfrage senden IT-Notfallplan im Finanzsektor Branche:<\/p>","protected":false},"author":2,"featured_media":0,"parent":0,"menu_order":0,"comment_status":"closed","ping_status":"closed","template":"","meta":{"_monsterinsights_skip_tracking":false,"_monsterinsights_sitenote_active":false,"_monsterinsights_sitenote_note":"","_monsterinsights_sitenote_category":0,"footnotes":""},"class_list":["post-9437","page","type-page","status-publish","hentry"],"aioseo_notices":[],"_links":{"self":[{"href":"https:\/\/www.piquant.me\/en\/wp-json\/wp\/v2\/pages\/9437","targetHints":{"allow":["GET"]}}],"collection":[{"href":"https:\/\/www.piquant.me\/en\/wp-json\/wp\/v2\/pages"}],"about":[{"href":"https:\/\/www.piquant.me\/en\/wp-json\/wp\/v2\/types\/page"}],"author":[{"embeddable":true,"href":"https:\/\/www.piquant.me\/en\/wp-json\/wp\/v2\/users\/2"}],"replies":[{"embeddable":true,"href":"https:\/\/www.piquant.me\/en\/wp-json\/wp\/v2\/comments?post=9437"}],"version-history":[{"count":71,"href":"https:\/\/www.piquant.me\/en\/wp-json\/wp\/v2\/pages\/9437\/revisions"}],"predecessor-version":[{"id":10658,"href":"https:\/\/www.piquant.me\/en\/wp-json\/wp\/v2\/pages\/9437\/revisions\/10658"}],"wp:attachment":[{"href":"https:\/\/www.piquant.me\/en\/wp-json\/wp\/v2\/media?parent=9437"}],"curies":[{"name":"wp","href":"https:\/\/api.w.org\/{rel}","templated":true}]}}