{"id":9417,"date":"2025-05-16T14:56:10","date_gmt":"2025-05-16T12:56:10","guid":{"rendered":"https:\/\/www.piquant.me\/?page_id=9417"},"modified":"2026-03-05T10:06:52","modified_gmt":"2026-03-05T09:06:52","slug":"karriere","status":"publish","type":"page","link":"https:\/\/www.piquant.me\/en\/karriere\/","title":{"rendered":"Careers"},"content":{"rendered":"<div data-elementor-type=\"wp-page\" data-elementor-id=\"9417\" class=\"elementor elementor-9417\">\n\t\t\t\t<div class=\"elementor-element elementor-element-05d118a e-flex e-con-boxed e-con e-parent\" data-id=\"05d118a\" data-element_type=\"container\">\n\t\t\t\t\t<div class=\"e-con-inner\">\n\t\t<div class=\"elementor-element elementor-element-9efd133 e-con-full e-flex e-con e-child\" data-id=\"9efd133\" data-element_type=\"container\">\n\t\t\t\t<div class=\"elementor-element elementor-element-b0132b4 elementor-widget elementor-widget-mae-headings\" data-id=\"b0132b4\" data-element_type=\"widget\" data-widget_type=\"mae-headings.default\">\n\t\t\t\t<div class=\"elementor-widget-container\">\n\t\t\t\t\t\t\t<div class=\"master-heading sep-top\">\n\t\t\t<div class=\"sep\"><\/div>\t        \n\t        \n\t        \t        <h2 class=\"main-heading\">Join our team<\/h2>\n\t        \n\t        \n\t        \t    <\/div>\n\t    \t\t\t\t<\/div>\n\t\t\t\t<\/div>\n\t\t\t\t<\/div>\n\t\t<div class=\"elementor-element elementor-element-98789c0 e-con-full e-flex e-con e-child\" data-id=\"98789c0\" data-element_type=\"container\">\n\t\t\t\t<\/div>\n\t\t<div class=\"elementor-element elementor-element-0721a40 e-con-full e-flex e-con e-child\" data-id=\"0721a40\" data-element_type=\"container\">\n\t\t\t\t<div class=\"elementor-element elementor-element-889c4e6 elementor-widget elementor-widget-text-editor\" data-id=\"889c4e6\" data-element_type=\"widget\" data-widget_type=\"text-editor.default\">\n\t\t\t\t<div class=\"elementor-widget-container\">\n\t\t\t\t\t\t\t\t\t<p>All our IT specialists are trained in-house and possess extensive knowledge in on-premise, cloud, and hybrid infrastructures. Through tailored trainee programs, they learn how to manage project artifacts effectively and efficiently. No IT specialist at PIQUANT GmbH is assigned to a project without the appropriate certifications.<\/p><p>Since our founding, we have been a training company recognized by the Chamber of Industry and Commerce (IHK), with accredited trainers and instructors. We generally hire university graduates \u2013 even without prior project experience. For each new IT specialist, we design a customized trainee program tailored to their qualifications. Our trainee programs have been tested multiple times and proven effective in real-world practice.<\/p><p>If you\u2019d like to become part of PIQUANT GmbH, feel free to contact us using the form provided. Don\u2019t forget to attach your current CV and, optionally, a cover letter. Please also let us know what type of position you\u2019re applying for (internship, working student, part-time, or full-time).<\/p><p>We offer employment opportunities in the following areas:<\/p>\t\t\t\t\t\t\t\t<\/div>\n\t\t\t\t<\/div>\n\t\t\t\t<div class=\"elementor-element elementor-element-a40a674 elementor-widget elementor-widget-spacer\" data-id=\"a40a674\" data-element_type=\"widget\" data-widget_type=\"spacer.default\">\n\t\t\t\t<div class=\"elementor-widget-container\">\n\t\t\t\t\t\t\t<div class=\"elementor-spacer\">\n\t\t\t<div class=\"elementor-spacer-inner\"><\/div>\n\t\t<\/div>\n\t\t\t\t\t\t<\/div>\n\t\t\t\t<\/div>\n\t\t\t\t<div class=\"elementor-element elementor-element-48ce0a3 elementor-icon-list--layout-traditional elementor-list-item-link-full_width elementor-widget elementor-widget-icon-list\" data-id=\"48ce0a3\" data-element_type=\"widget\" data-widget_type=\"icon-list.default\">\n\t\t\t\t<div class=\"elementor-widget-container\">\n\t\t\t\t\t\t\t<ul class=\"elementor-icon-list-items\">\n\t\t\t\t\t\t\t<li class=\"elementor-icon-list-item\">\n\t\t\t\t\t\t\t\t\t\t\t<span class=\"elementor-icon-list-icon\">\n\t\t\t\t\t\t\t<svg aria-hidden=\"true\" class=\"e-font-icon-svg e-fas-check\" viewbox=\"0 0 512 512\" xmlns=\"http:\/\/www.w3.org\/2000\/svg\"><path d=\"M173.898 439.404l-166.4-166.4c-9.997-9.997-9.997-26.206 0-36.204l36.203-36.204c9.997-9.998 26.207-9.998 36.204 0L192 312.69 432.095 72.596c9.997-9.997 26.207-9.997 36.204 0l36.203 36.204c9.997 9.997 9.997 26.206 0 36.204l-294.4 294.401c-9.998 9.997-26.207 9.997-36.204-.001z\"><\/path><\/svg>\t\t\t\t\t\t<\/span>\n\t\t\t\t\t\t\t\t\t\t<span class=\"elementor-icon-list-text\">IT-Consultant mit Spezialisierung in ITIM<\/span>\n\t\t\t\t\t\t\t\t\t<\/li>\n\t\t\t\t\t\t\t\t<li class=\"elementor-icon-list-item\">\n\t\t\t\t\t\t\t\t\t\t\t<span class=\"elementor-icon-list-icon\">\n\t\t\t\t\t\t\t<svg aria-hidden=\"true\" class=\"e-font-icon-svg e-fas-check\" viewbox=\"0 0 512 512\" xmlns=\"http:\/\/www.w3.org\/2000\/svg\"><path d=\"M173.898 439.404l-166.4-166.4c-9.997-9.997-9.997-26.206 0-36.204l36.203-36.204c9.997-9.998 26.207-9.998 36.204 0L192 312.69 432.095 72.596c9.997-9.997 26.207-9.997 36.204 0l36.203 36.204c9.997 9.997 9.997 26.206 0 36.204l-294.4 294.401c-9.998 9.997-26.207 9.997-36.204-.001z\"><\/path><\/svg>\t\t\t\t\t\t<\/span>\n\t\t\t\t\t\t\t\t\t\t<span class=\"elementor-icon-list-text\">IT-Consultant mit Spezialisierung in ITSM<\/span>\n\t\t\t\t\t\t\t\t\t<\/li>\n\t\t\t\t\t\t\t\t<li class=\"elementor-icon-list-item\">\n\t\t\t\t\t\t\t\t\t\t\t<span class=\"elementor-icon-list-icon\">\n\t\t\t\t\t\t\t<svg aria-hidden=\"true\" class=\"e-font-icon-svg e-fas-check\" viewbox=\"0 0 512 512\" xmlns=\"http:\/\/www.w3.org\/2000\/svg\"><path d=\"M173.898 439.404l-166.4-166.4c-9.997-9.997-9.997-26.206 0-36.204l36.203-36.204c9.997-9.998 26.207-9.998 36.204 0L192 312.69 432.095 72.596c9.997-9.997 26.207-9.997 36.204 0l36.203 36.204c9.997 9.997 9.997 26.206 0 36.204l-294.4 294.401c-9.998 9.997-26.207 9.997-36.204-.001z\"><\/path><\/svg>\t\t\t\t\t\t<\/span>\n\t\t\t\t\t\t\t\t\t\t<span class=\"elementor-icon-list-text\">Projektmanagement auf Basis von Scrum<\/span>\n\t\t\t\t\t\t\t\t\t<\/li>\n\t\t\t\t\t\t\t\t<li class=\"elementor-icon-list-item\">\n\t\t\t\t\t\t\t\t\t\t\t<span class=\"elementor-icon-list-icon\">\n\t\t\t\t\t\t\t<svg aria-hidden=\"true\" class=\"e-font-icon-svg e-fas-check\" viewbox=\"0 0 512 512\" xmlns=\"http:\/\/www.w3.org\/2000\/svg\"><path d=\"M173.898 439.404l-166.4-166.4c-9.997-9.997-9.997-26.206 0-36.204l36.203-36.204c9.997-9.998 26.207-9.998 36.204 0L192 312.69 432.095 72.596c9.997-9.997 26.207-9.997 36.204 0l36.203 36.204c9.997 9.997 9.997 26.206 0 36.204l-294.4 294.401c-9.998 9.997-26.207 9.997-36.204-.001z\"><\/path><\/svg>\t\t\t\t\t\t<\/span>\n\t\t\t\t\t\t\t\t\t\t<span class=\"elementor-icon-list-text\">Finance and Accounting<\/span>\n\t\t\t\t\t\t\t\t\t<\/li>\n\t\t\t\t\t\t<\/ul>\n\t\t\t\t\t\t<\/div>\n\t\t\t\t<\/div>\n\t\t\t\t<div class=\"elementor-element elementor-element-484719b elementor-widget elementor-widget-spacer\" data-id=\"484719b\" data-element_type=\"widget\" data-widget_type=\"spacer.default\">\n\t\t\t\t<div class=\"elementor-widget-container\">\n\t\t\t\t\t\t\t<div class=\"elementor-spacer\">\n\t\t\t<div class=\"elementor-spacer-inner\"><\/div>\n\t\t<\/div>\n\t\t\t\t\t\t<\/div>\n\t\t\t\t<\/div>\n\t\t\t\t<div class=\"elementor-element elementor-element-e45a372 elementor-widget elementor-widget-testimonial\" data-id=\"e45a372\" data-element_type=\"widget\" data-widget_type=\"testimonial.default\">\n\t\t\t\t<div class=\"elementor-widget-container\">\n\t\t\t\t\t\t\t<div class=\"elementor-testimonial-wrapper\">\n\t\t\t\t\t\t\t<div class=\"elementor-testimonial-content\">We are excited to meet you!<\/div>\n\t\t\t\n\t\t\t\t\t\t<div class=\"elementor-testimonial-meta elementor-has-image elementor-testimonial-image-position-aside\">\n\t\t\t\t<div class=\"elementor-testimonial-meta-inner\">\n\t\t\t\t\t\t\t\t\t\t\t<div class=\"elementor-testimonial-image\">\n\t\t\t\t\t\t\t<img fetchpriority=\"high\" decoding=\"async\" width=\"512\" height=\"512\" src=\"https:\/\/www.piquant.me\/wp-content\/uploads\/2025\/05\/cropped-Screenshot-11.png\" class=\"attachment-full size-full wp-image-9298\" alt=\"\" srcset=\"https:\/\/www.piquant.me\/wp-content\/uploads\/2025\/05\/cropped-Screenshot-11.png 512w, https:\/\/www.piquant.me\/wp-content\/uploads\/2025\/05\/cropped-Screenshot-11-300x300.png 300w, https:\/\/www.piquant.me\/wp-content\/uploads\/2025\/05\/cropped-Screenshot-11-150x150.png 150w, https:\/\/www.piquant.me\/wp-content\/uploads\/2025\/05\/cropped-Screenshot-11-60x60.png 60w, https:\/\/www.piquant.me\/wp-content\/uploads\/2025\/05\/cropped-Screenshot-11-270x270.png 270w, https:\/\/www.piquant.me\/wp-content\/uploads\/2025\/05\/cropped-Screenshot-11-192x192.png 192w, https:\/\/www.piquant.me\/wp-content\/uploads\/2025\/05\/cropped-Screenshot-11-180x180.png 180w, https:\/\/www.piquant.me\/wp-content\/uploads\/2025\/05\/cropped-Screenshot-11-32x32.png 32w\" sizes=\"(max-width: 512px) 100vw, 512px\" \/>\t\t\t\t\t\t<\/div>\n\t\t\t\t\t\n\t\t\t\t\t\t\t\t\t\t<div class=\"elementor-testimonial-details\">\n\t\t\t\t\t\t\t\t\t\t\t\t\t\t<div class=\"elementor-testimonial-name\">PIQUANT GmbH<\/div>\n\t\t\t\t\t\t\t\t\t\t\t\t\t\t\t\t\t\t\t\t\t\t<div class=\"elementor-testimonial-job\">Power in IT Service Management<\/div>\n\t\t\t\t\t\t\t\t\t\t\t\t\t<\/div>\n\t\t\t\t\t\t\t\t\t<\/div>\n\t\t\t<\/div>\n\t\t\t\t\t<\/div>\n\t\t\t\t\t\t<\/div>\n\t\t\t\t<\/div>\n\t\t\t\t<\/div>\n\t\t<div class=\"elementor-element elementor-element-22fddb7 e-con-full e-flex e-con e-child\" data-id=\"22fddb7\" data-element_type=\"container\" data-settings=\"{&quot;background_background&quot;:&quot;classic&quot;}\">\n\t\t\t\t<div class=\"elementor-element elementor-element-dc4aaf4 cf7-style-1 elementor-widget elementor-widget-mae-contact-form-7\" data-id=\"dc4aaf4\" data-element_type=\"widget\" data-widget_type=\"mae-contact-form-7.default\">\n\t\t\t\t<div class=\"elementor-widget-container\">\n\t\t\t\t\t<div class=\"elementor-shortcode ametok-cf7-0\">\n<div class=\"wpcf7 no-js\" id=\"wpcf7-f9547-o1\" lang=\"de-DE\" dir=\"ltr\" data-wpcf7-id=\"9547\">\n<div class=\"screen-reader-response\"><p role=\"status\" aria-live=\"polite\" aria-atomic=\"true\"><\/p> <ul><\/ul><\/div>\n<form action=\"\/en\/wp-json\/wp\/v2\/pages\/9417#wpcf7-f9547-o1\" method=\"post\" class=\"wpcf7-form init\" aria-label=\"Kontaktformular\" enctype=\"multipart\/form-data\" novalidate=\"novalidate\" data-status=\"init\" data-trp-original-action=\"\/en\/wp-json\/wp\/v2\/pages\/9417#wpcf7-f9547-o1\">\n<fieldset class=\"hidden-fields-container\"><input type=\"hidden\" name=\"_wpcf7\" value=\"9547\" \/><input type=\"hidden\" name=\"_wpcf7_version\" value=\"6.1.3\" \/><input type=\"hidden\" name=\"_wpcf7_locale\" value=\"de_DE\" \/><input type=\"hidden\" name=\"_wpcf7_unit_tag\" value=\"wpcf7-f9547-o1\" \/><input type=\"hidden\" name=\"_wpcf7_container_post\" value=\"0\" \/><input type=\"hidden\" name=\"_wpcf7_posted_data_hash\" value=\"\" \/>\n<\/fieldset>\n<span class=\"wpcf7-form-control-wrap\" data-name=\"your-name\"><input size=\"40\" maxlength=\"400\" class=\"wpcf7-form-control wpcf7-text wpcf7-validates-as-required\" aria-required=\"true\" aria-invalid=\"false\" placeholder=\"Name\" value=\"\" type=\"text\" name=\"your-name\" \/><\/span>\n\n<span class=\"wpcf7-form-control-wrap\" data-name=\"your-email\"><input size=\"40\" maxlength=\"400\" class=\"wpcf7-form-control wpcf7-email wpcf7-validates-as-required wpcf7-text wpcf7-validates-as-email\" aria-required=\"true\" aria-invalid=\"false\" placeholder=\"Email Address\" value=\"\" type=\"email\" name=\"your-email\" \/><\/span>\n\n<label>Lebenslauf, Anschreiben und Zeugnisse (PDF oder ZIP-Datei, max.5MB)<\/label>\n<span class=\"wpcf7-form-control-wrap\" data-name=\"bewerbungsunterlagen\"><input size=\"40\" class=\"wpcf7-form-control wpcf7-file wpcf7-validates-as-required\" accept=\".pdf,.zip\" aria-required=\"true\" aria-invalid=\"false\" type=\"file\" name=\"bewerbungsunterlagen\" \/><\/span>\n\n<input class=\"wpcf7-form-control wpcf7-hidden\" value=\"Bewerbung\" type=\"hidden\" name=\"your-subject\" \/>\n\n<input class=\"wpcf7-form-control wpcf7-submit has-spinner\" type=\"submit\" value=\"Send application\" \/><div class=\"wpcf7-response-output\" aria-hidden=\"true\"><\/div>\n<input type=\"hidden\" name=\"trp-form-language\" value=\"en\"\/><\/form>\n<\/div>\n<\/div>\t\t\t\t<\/div>\n\t\t\t\t<\/div>\n\t\t\t\t<\/div>\n\t\t\t\t\t<\/div>\n\t\t\t\t<\/div>\n\t\t\t\t<\/div>","protected":false},"excerpt":{"rendered":"<p>Werde Teil des Teams Alle unsere IT-Spezialisten sind in unseren R\u00e4umlichkeiten ausgebildet und verf\u00fcgen \u00fcber ein umfassendes Wissen im Bereich On-Premise-, Cloud-oder Hybridsinfrastruktur. Durch ma\u00dfgeschneiderte Trainee-Programme lernen sie, wie sie Projektartefakte effektiv und effizient verwalten. Kein IT-Spezialist der PIQUANT GmbH\u00a0 wird ohne die entsprechenden Zertifikate f\u00fcr Projekte eingesetzt. Seit unserer<\/p>","protected":false},"author":2,"featured_media":0,"parent":0,"menu_order":0,"comment_status":"closed","ping_status":"closed","template":"","meta":{"_monsterinsights_skip_tracking":false,"_monsterinsights_sitenote_active":false,"_monsterinsights_sitenote_note":"","_monsterinsights_sitenote_category":0,"footnotes":""},"class_list":["post-9417","page","type-page","status-publish","hentry"],"aioseo_notices":[],"_links":{"self":[{"href":"https:\/\/www.piquant.me\/en\/wp-json\/wp\/v2\/pages\/9417","targetHints":{"allow":["GET"]}}],"collection":[{"href":"https:\/\/www.piquant.me\/en\/wp-json\/wp\/v2\/pages"}],"about":[{"href":"https:\/\/www.piquant.me\/en\/wp-json\/wp\/v2\/types\/page"}],"author":[{"embeddable":true,"href":"https:\/\/www.piquant.me\/en\/wp-json\/wp\/v2\/users\/2"}],"replies":[{"embeddable":true,"href":"https:\/\/www.piquant.me\/en\/wp-json\/wp\/v2\/comments?post=9417"}],"version-history":[{"count":25,"href":"https:\/\/www.piquant.me\/en\/wp-json\/wp\/v2\/pages\/9417\/revisions"}],"predecessor-version":[{"id":10870,"href":"https:\/\/www.piquant.me\/en\/wp-json\/wp\/v2\/pages\/9417\/revisions\/10870"}],"wp:attachment":[{"href":"https:\/\/www.piquant.me\/en\/wp-json\/wp\/v2\/media?parent=9417"}],"curies":[{"name":"wp","href":"https:\/\/api.w.org\/{rel}","templated":true}]}}