{"id":9343,"date":"2025-05-15T15:35:07","date_gmt":"2025-05-15T13:35:07","guid":{"rendered":"https:\/\/www.piquant.me\/?page_id=9343"},"modified":"2025-07-08T15:27:13","modified_gmt":"2025-07-08T13:27:13","slug":"referenzen","status":"publish","type":"page","link":"https:\/\/www.piquant.me\/en\/referenzen\/","title":{"rendered":"Abgeschlossene Projekte"},"content":{"rendered":"<div data-elementor-type=\"wp-page\" data-elementor-id=\"9343\" class=\"elementor elementor-9343\">\n\t\t\t\t<div class=\"elementor-element elementor-element-8ed32c0 e-flex e-con-boxed e-con e-parent\" data-id=\"8ed32c0\" data-element_type=\"container\">\n\t\t\t\t\t<div class=\"e-con-inner\">\n\t\t<div class=\"elementor-element elementor-element-e659ab3 e-con-full e-flex e-con e-child\" data-id=\"e659ab3\" data-element_type=\"container\">\n\t\t<div class=\"elementor-element elementor-element-5dd6009 e-con-full e-flex e-con e-child\" data-id=\"5dd6009\" data-element_type=\"container\">\n\t\t\t\t<div class=\"elementor-element elementor-element-aa41d05 elementor-widget elementor-widget-mae-headings\" data-id=\"aa41d05\" data-element_type=\"widget\" data-widget_type=\"mae-headings.default\">\n\t\t\t\t<div class=\"elementor-widget-container\">\n\t\t\t\t\t\t\t<div class=\"master-heading sep-top\">\n\t\t\t<div class=\"sep\"><\/div>\t        \t        \t<div class=\"pre-heading\">Im \u00dcberblick<\/div>\n\t        \n\t        \n\t        \t        <h2 class=\"main-heading\">Unsere Erfolge<\/h2>\n\t        \n\t        \n\t        \t            <div class=\"sub-heading\">Ma\u00dfgeschneiderte L\u00f6sungen die \u00fcberzeugen\n<\/div>\n\t        \t    <\/div>\n\t    \t\t\t\t<\/div>\n\t\t\t\t<\/div>\n\t\t\t\t<\/div>\n\t\t<div class=\"elementor-element elementor-element-3521f31 e-con-full e-flex e-con e-child\" data-id=\"3521f31\" data-element_type=\"container\">\n\t\t\t\t<div class=\"elementor-element elementor-element-af8408b elementor-widget elementor-widget-text-editor\" data-id=\"af8408b\" data-element_type=\"widget\" data-widget_type=\"text-editor.default\">\n\t\t\t\t<div class=\"elementor-widget-container\">\n\t\t\t\t\t\t\t\t\t<p>In unserem Projektportfolio finden Sie erfolgreich abgeschlossene Projekte, die wir mit unserem Fachwissen und Engagement realisiert haben. Mit jedem erreichten Ziel konnten wir nicht nur einen Kunden zufrieden stellen, sondern auch unsere spezialisierten Kenntnisse weiter ausbauen. Unsere Referenzen zeigen, was wir leisten k\u00f6nnen und bei welchen Problemstellungen wir bereits ausgezeichnete L\u00f6sungen gefunden haben.<\/p><p>Lassen Sie sich gerne inspirieren oder kommen Sie mit neuen Fragestellungen direkt auf uns zu!<\/p>\t\t\t\t\t\t\t\t<\/div>\n\t\t\t\t<\/div>\n\t\t\t\t<\/div>\n\t\t<div class=\"elementor-element elementor-element-3824cfc e-con-full e-flex e-con e-child\" data-id=\"3824cfc\" data-element_type=\"container\">\n\t\t\t\t<div class=\"elementor-element elementor-element-82c22ba elementor-widget elementor-widget-spacer\" data-id=\"82c22ba\" data-element_type=\"widget\" data-widget_type=\"spacer.default\">\n\t\t\t\t<div class=\"elementor-widget-container\">\n\t\t\t\t\t\t\t<div class=\"elementor-spacer\">\n\t\t\t<div class=\"elementor-spacer-inner\"><\/div>\n\t\t<\/div>\n\t\t\t\t\t\t<\/div>\n\t\t\t\t<\/div>\n\t\t\t\t<\/div>\n\t\t\t\t<\/div>\n\t\t<div class=\"elementor-element elementor-element-4c76f39 e-con-full e-flex e-con e-child\" data-id=\"4c76f39\" data-element_type=\"container\">\n\t\t\t\t<div class=\"elementor-element elementor-element-166eb1d image-width-full elementor-widget elementor-widget-mae-gallery-stack\" data-id=\"166eb1d\" data-element_type=\"widget\" data-widget_type=\"mae-gallery-stack.default\">\n\t\t\t\t<div class=\"elementor-widget-container\">\n\t\t\t\t\t\t\t<div class=\"master-gallery-stack\">\n\t\t\t<div class=\"master-fancy-image elementor-repeater-item-c408c6e\" data-top=\"0px\" data-parallax='{\"x\" : 20, \"y\" : -20, \"smoothness\" : 30}'>\n\t\t\t\t\t\t\t\t\t<div class=\"image-wrap\"><img fetchpriority=\"high\" decoding=\"async\" width=\"2560\" height=\"1708\" src=\"https:\/\/www.piquant.me\/wp-content\/uploads\/2025\/07\/Kranhaeuser-scaled.jpg\" class=\"attachment-full size-full\" alt=\"\" srcset=\"https:\/\/www.piquant.me\/wp-content\/uploads\/2025\/07\/Kranhaeuser-scaled.jpg 2560w, https:\/\/www.piquant.me\/wp-content\/uploads\/2025\/07\/Kranhaeuser-300x200.jpg 300w, https:\/\/www.piquant.me\/wp-content\/uploads\/2025\/07\/Kranhaeuser-1024x683.jpg 1024w, https:\/\/www.piquant.me\/wp-content\/uploads\/2025\/07\/Kranhaeuser-768x513.jpg 768w, https:\/\/www.piquant.me\/wp-content\/uploads\/2025\/07\/Kranhaeuser-1536x1025.jpg 1536w, https:\/\/www.piquant.me\/wp-content\/uploads\/2025\/07\/Kranhaeuser-2048x1367.jpg 2048w, https:\/\/www.piquant.me\/wp-content\/uploads\/2025\/07\/Kranhaeuser-18x12.jpg 18w\" sizes=\"(max-width: 2560px) 100vw, 2560px\" \/><\/div>\n\t\t\t\t\t\t\t\t<\/div><div class=\"master-fancy-image elementor-repeater-item-6e04a0b\" data-top=\"0px\" data-parallax='{\"x\" : -20, \"y\" : 20, \"smoothness\" : 30}'>\n\t\t\t\t\t\t\t\t\t<div class=\"image-wrap\"><img decoding=\"async\" width=\"512\" height=\"512\" src=\"https:\/\/www.piquant.me\/wp-content\/uploads\/2025\/05\/cropped-Screenshot-11.png\" class=\"attachment-full size-full\" alt=\"\" srcset=\"https:\/\/www.piquant.me\/wp-content\/uploads\/2025\/05\/cropped-Screenshot-11.png 512w, https:\/\/www.piquant.me\/wp-content\/uploads\/2025\/05\/cropped-Screenshot-11-300x300.png 300w, https:\/\/www.piquant.me\/wp-content\/uploads\/2025\/05\/cropped-Screenshot-11-150x150.png 150w, https:\/\/www.piquant.me\/wp-content\/uploads\/2025\/05\/cropped-Screenshot-11-60x60.png 60w, https:\/\/www.piquant.me\/wp-content\/uploads\/2025\/05\/cropped-Screenshot-11-270x270.png 270w, https:\/\/www.piquant.me\/wp-content\/uploads\/2025\/05\/cropped-Screenshot-11-192x192.png 192w, https:\/\/www.piquant.me\/wp-content\/uploads\/2025\/05\/cropped-Screenshot-11-180x180.png 180w, https:\/\/www.piquant.me\/wp-content\/uploads\/2025\/05\/cropped-Screenshot-11-32x32.png 32w\" sizes=\"(max-width: 512px) 100vw, 512px\" \/><\/div>\n\t\t\t\t\t\t\t\t<\/div>\t\t<\/div>\n\t    \t\t\t\t<\/div>\n\t\t\t\t<\/div>\n\t\t\t\t<\/div>\n\t\t\t\t\t<\/div>\n\t\t\t\t<\/div>\n\t\t<div class=\"elementor-element elementor-element-1817205 e-con-full e-flex e-con e-parent\" data-id=\"1817205\" data-element_type=\"container\">\n\t\t<div class=\"elementor-element elementor-element-5d3fa1c e-con-full e-flex e-con e-child\" data-id=\"5d3fa1c\" data-element_type=\"container\">\n\t\t\t\t<div class=\"elementor-element elementor-element-d83e2ee elementor-widget elementor-widget-image\" data-id=\"d83e2ee\" data-element_type=\"widget\" data-widget_type=\"image.default\">\n\t\t\t\t<div class=\"elementor-widget-container\">\n\t\t\t\t\t\t\t\t\t\t\t\t\t\t\t<img decoding=\"async\" width=\"1024\" height=\"576\" src=\"https:\/\/www.piquant.me\/wp-content\/uploads\/2025\/07\/iStock-EthicalHacking-1024x576.jpg\" class=\"elementor-animation-grow attachment-large size-large wp-image-10227\" alt=\"\" srcset=\"https:\/\/www.piquant.me\/wp-content\/uploads\/2025\/07\/iStock-EthicalHacking-1024x576.jpg 1024w, https:\/\/www.piquant.me\/wp-content\/uploads\/2025\/07\/iStock-EthicalHacking-300x169.jpg 300w, https:\/\/www.piquant.me\/wp-content\/uploads\/2025\/07\/iStock-EthicalHacking-768x432.jpg 768w, https:\/\/www.piquant.me\/wp-content\/uploads\/2025\/07\/iStock-EthicalHacking-1536x864.jpg 1536w, https:\/\/www.piquant.me\/wp-content\/uploads\/2025\/07\/iStock-EthicalHacking-2048x1152.jpg 2048w, https:\/\/www.piquant.me\/wp-content\/uploads\/2025\/07\/iStock-EthicalHacking-18x10.jpg 18w\" sizes=\"(max-width: 1024px) 100vw, 1024px\" \/>\t\t\t\t\t\t\t\t\t\t\t\t\t\t\t<\/div>\n\t\t\t\t<\/div>\n\t\t\t\t<\/div>\n\t\t<div class=\"elementor-element elementor-element-22a6ccc e-con-full e-flex e-con e-child\" data-id=\"22a6ccc\" data-element_type=\"container\">\n\t\t\t\t<div class=\"elementor-element elementor-element-861f92b align-left elementor-widget elementor-widget-mae-project-detail\" data-id=\"861f92b\" data-element_type=\"widget\" data-widget_type=\"mae-project-detail.default\">\n\t\t\t\t<div class=\"elementor-widget-container\">\n\t\t\t\t\t\n        <div class=\"project-info\">\n                            <div class=\"info-wrap\">\n                <span class=\"title\">Optimierung der internen Netzwerkarchitektur<\/span>\n                <span class=\"info\"><\/span>\n                <\/div>\n                            <div class=\"info-wrap\">\n                <span class=\"title\">Kunde:<\/span>\n                <span class=\"info\">PIQUANT GmbH<\/span>\n                <\/div>\n                            <div class=\"info-wrap\">\n                <span class=\"title\">Branche:<\/span>\n                <span class=\"info\">IT-Consulting<\/span>\n                <\/div>\n                            <div class=\"info-wrap\">\n                <span class=\"title\">Dauer:<\/span>\n                <span class=\"info\">6 Monate<\/span>\n                <\/div>\n                            <div class=\"info-wrap\">\n                <span class=\"title\">Projektziel:<\/span>\n                <span class=\"info\">Optimierung und Erweiterung der internen Netzwerkarchitektur mit Fokus auf Sicherheitsanalyse durch Ethical Hacking<\/span>\n                <\/div>\n                    <\/div>\n\t\t\t\t\t<\/div>\n\t\t\t\t<\/div>\n\t\t\t\t<\/div>\n\t\t\t\t<\/div>\n\t\t<div class=\"elementor-element elementor-element-e10f8db e-flex e-con-boxed e-con e-parent\" data-id=\"e10f8db\" data-element_type=\"container\">\n\t\t\t\t\t<div class=\"e-con-inner\">\n\t\t\t\t<div class=\"elementor-element elementor-element-0c91f9d elementor-widget-divider--view-line elementor-widget elementor-widget-divider\" data-id=\"0c91f9d\" data-element_type=\"widget\" data-widget_type=\"divider.default\">\n\t\t\t\t<div class=\"elementor-widget-container\">\n\t\t\t\t\t\t\t<div class=\"elementor-divider\">\n\t\t\t<span class=\"elementor-divider-separator\">\n\t\t\t\t\t\t<\/span>\n\t\t<\/div>\n\t\t\t\t\t\t<\/div>\n\t\t\t\t<\/div>\n\t\t<div class=\"elementor-element elementor-element-3a39100 e-con-full e-flex e-con e-child\" data-id=\"3a39100\" data-element_type=\"container\">\n\t\t<div class=\"elementor-element elementor-element-807d829 e-con-full e-flex e-con e-child\" data-id=\"807d829\" data-element_type=\"container\">\n\t\t\t\t<div class=\"elementor-element elementor-element-9024065 align-left elementor-widget elementor-widget-mae-project-detail\" data-id=\"9024065\" data-element_type=\"widget\" data-widget_type=\"mae-project-detail.default\">\n\t\t\t\t<div class=\"elementor-widget-container\">\n\t\t\t\t\t\n        <div class=\"project-info\">\n                            <div class=\"info-wrap\">\n                <span class=\"title\">IT-Prozessdesign f\u00fcr Softwareunternehmen<\/span>\n                <span class=\"info\"><\/span>\n                <\/div>\n                            <div class=\"info-wrap\">\n                <span class=\"title\">Branche:<\/span>\n                <span class=\"info\">IT-Dienstleistungsbranche<\/span>\n                <\/div>\n                            <div class=\"info-wrap\">\n                <span class=\"title\">Dauer:<\/span>\n                <span class=\"info\">3 Jahre<\/span>\n                <\/div>\n                            <div class=\"info-wrap\">\n                <span class=\"title\">Projektziel:<\/span>\n                <span class=\"info\">Unterst\u00fctzung beim Aufbau und der Gestaltung einer IT-Prozessmap zur Optimierung interner Abl\u00e4ufe<\/span>\n                <\/div>\n                    <\/div>\n\t\t\t\t\t<\/div>\n\t\t\t\t<\/div>\n\t\t\t\t<\/div>\n\t\t<div class=\"elementor-element elementor-element-9dc9b31 e-con-full e-flex e-con e-child\" data-id=\"9dc9b31\" data-element_type=\"container\">\n\t\t<div class=\"elementor-element elementor-element-3531547 e-con-full e-flex e-con e-child\" data-id=\"3531547\" data-element_type=\"container\">\n\t\t\t\t<div class=\"elementor-element elementor-element-0d41874 elementor-widget elementor-widget-image\" data-id=\"0d41874\" data-element_type=\"widget\" data-widget_type=\"image.default\">\n\t\t\t\t<div class=\"elementor-widget-container\">\n\t\t\t\t\t\t\t\t\t\t\t\t\t\t\t<img loading=\"lazy\" decoding=\"async\" width=\"1024\" height=\"683\" src=\"https:\/\/www.piquant.me\/wp-content\/uploads\/2025\/07\/iStock-Prozessdesign-1024x683.jpg\" class=\"elementor-animation-grow attachment-large size-large wp-image-10226\" alt=\"\" srcset=\"https:\/\/www.piquant.me\/wp-content\/uploads\/2025\/07\/iStock-Prozessdesign-1024x683.jpg 1024w, https:\/\/www.piquant.me\/wp-content\/uploads\/2025\/07\/iStock-Prozessdesign-300x200.jpg 300w, https:\/\/www.piquant.me\/wp-content\/uploads\/2025\/07\/iStock-Prozessdesign-768x512.jpg 768w, https:\/\/www.piquant.me\/wp-content\/uploads\/2025\/07\/iStock-Prozessdesign-1536x1024.jpg 1536w, https:\/\/www.piquant.me\/wp-content\/uploads\/2025\/07\/iStock-Prozessdesign-2048x1365.jpg 2048w, https:\/\/www.piquant.me\/wp-content\/uploads\/2025\/07\/iStock-Prozessdesign-18x12.jpg 18w\" sizes=\"(max-width: 1024px) 100vw, 1024px\" \/>\t\t\t\t\t\t\t\t\t\t\t\t\t\t\t<\/div>\n\t\t\t\t<\/div>\n\t\t\t\t<\/div>\n\t\t\t\t<\/div>\n\t\t\t\t<\/div>\n\t\t\t\t\t<\/div>\n\t\t\t\t<\/div>\n\t\t<div class=\"elementor-element elementor-element-51a5040 e-flex e-con-boxed e-con e-parent\" data-id=\"51a5040\" data-element_type=\"container\">\n\t\t\t\t\t<div class=\"e-con-inner\">\n\t\t\t\t<div class=\"elementor-element elementor-element-669553b elementor-widget-divider--view-line elementor-widget elementor-widget-divider\" data-id=\"669553b\" data-element_type=\"widget\" data-widget_type=\"divider.default\">\n\t\t\t\t<div class=\"elementor-widget-container\">\n\t\t\t\t\t\t\t<div class=\"elementor-divider\">\n\t\t\t<span class=\"elementor-divider-separator\">\n\t\t\t\t\t\t<\/span>\n\t\t<\/div>\n\t\t\t\t\t\t<\/div>\n\t\t\t\t<\/div>\n\t\t<div class=\"elementor-element elementor-element-deeeb5d e-con-full e-flex e-con e-child\" data-id=\"deeeb5d\" data-element_type=\"container\">\n\t\t<div class=\"elementor-element elementor-element-d45ee2d e-con-full e-flex e-con e-child\" data-id=\"d45ee2d\" data-element_type=\"container\">\n\t\t\t\t<div class=\"elementor-element elementor-element-6295b6d elementor-widget elementor-widget-image\" data-id=\"6295b6d\" data-element_type=\"widget\" data-widget_type=\"image.default\">\n\t\t\t\t<div class=\"elementor-widget-container\">\n\t\t\t\t\t\t\t\t\t\t\t\t\t\t\t<img loading=\"lazy\" decoding=\"async\" width=\"1024\" height=\"683\" src=\"https:\/\/www.piquant.me\/wp-content\/uploads\/2025\/07\/iStock-PMOIT-1024x683.jpg\" class=\"elementor-animation-grow attachment-large size-large wp-image-10225\" alt=\"\" srcset=\"https:\/\/www.piquant.me\/wp-content\/uploads\/2025\/07\/iStock-PMOIT-1024x683.jpg 1024w, https:\/\/www.piquant.me\/wp-content\/uploads\/2025\/07\/iStock-PMOIT-300x200.jpg 300w, https:\/\/www.piquant.me\/wp-content\/uploads\/2025\/07\/iStock-PMOIT-768x512.jpg 768w, https:\/\/www.piquant.me\/wp-content\/uploads\/2025\/07\/iStock-PMOIT-1536x1024.jpg 1536w, https:\/\/www.piquant.me\/wp-content\/uploads\/2025\/07\/iStock-PMOIT-2048x1365.jpg 2048w, https:\/\/www.piquant.me\/wp-content\/uploads\/2025\/07\/iStock-PMOIT-18x12.jpg 18w\" sizes=\"(max-width: 1024px) 100vw, 1024px\" \/>\t\t\t\t\t\t\t\t\t\t\t\t\t\t\t<\/div>\n\t\t\t\t<\/div>\n\t\t\t\t<\/div>\n\t\t<div class=\"elementor-element elementor-element-6b14310 e-con-full e-flex e-con e-child\" data-id=\"6b14310\" data-element_type=\"container\">\n\t\t\t\t<div class=\"elementor-element elementor-element-10c9c21 align-left elementor-widget elementor-widget-mae-project-detail\" data-id=\"10c9c21\" data-element_type=\"widget\" data-widget_type=\"mae-project-detail.default\">\n\t\t\t\t<div class=\"elementor-widget-container\">\n\t\t\t\t\t\n        <div class=\"project-info\">\n                            <div class=\"info-wrap\">\n                <span class=\"title\">PMO in der Softwareentwicklung<\/span>\n                <span class=\"info\"><\/span>\n                <\/div>\n                            <div class=\"info-wrap\">\n                <span class=\"title\">Branche:<\/span>\n                <span class=\"info\">IT-Dienstleistungen<\/span>\n                <\/div>\n                            <div class=\"info-wrap\">\n                <span class=\"title\">Dauer:<\/span>\n                <span class=\"info\">3 Monate<\/span>\n                <\/div>\n                            <div class=\"info-wrap\">\n                <span class=\"title\">Projektziel:<\/span>\n                <span class=\"info\">Etablierung einer agilen Arbeitsstruktur zur effizienten Entwicklung einer App durch den Einsatz von Scrum-Methodik<\/span>\n                <\/div>\n                    <\/div>\n\t\t\t\t\t<\/div>\n\t\t\t\t<\/div>\n\t\t\t\t<\/div>\n\t\t\t\t<\/div>\n\t\t\t\t\t<\/div>\n\t\t\t\t<\/div>\n\t\t<div class=\"elementor-element elementor-element-1f55b52 e-flex e-con-boxed e-con e-parent\" data-id=\"1f55b52\" data-element_type=\"container\">\n\t\t\t\t\t<div class=\"e-con-inner\">\n\t\t\t\t<div class=\"elementor-element elementor-element-9670cb8 elementor-widget-divider--view-line elementor-widget elementor-widget-divider\" data-id=\"9670cb8\" data-element_type=\"widget\" data-widget_type=\"divider.default\">\n\t\t\t\t<div class=\"elementor-widget-container\">\n\t\t\t\t\t\t\t<div class=\"elementor-divider\">\n\t\t\t<span class=\"elementor-divider-separator\">\n\t\t\t\t\t\t<\/span>\n\t\t<\/div>\n\t\t\t\t\t\t<\/div>\n\t\t\t\t<\/div>\n\t\t\t\t\t<\/div>\n\t\t\t\t<\/div>\n\t\t<div class=\"elementor-element elementor-element-3469daa e-flex e-con-boxed e-con e-parent\" data-id=\"3469daa\" data-element_type=\"container\">\n\t\t\t\t\t<div class=\"e-con-inner\">\n\t\t<div class=\"elementor-element elementor-element-a8eefbc e-con-full e-flex e-con e-child\" data-id=\"a8eefbc\" data-element_type=\"container\">\n\t\t\t\t<div class=\"elementor-element elementor-element-cd2cfc2 align-left elementor-widget elementor-widget-mae-project-detail\" data-id=\"cd2cfc2\" data-element_type=\"widget\" data-widget_type=\"mae-project-detail.default\">\n\t\t\t\t<div class=\"elementor-widget-container\">\n\t\t\t\t\t\n        <div class=\"project-info\">\n                            <div class=\"info-wrap\">\n                <span class=\"title\">Aufbau einer internen Infrastruktur<\/span>\n                <span class=\"info\"><\/span>\n                <\/div>\n                            <div class=\"info-wrap\">\n                <span class=\"title\">Unternehmen:<\/span>\n                <span class=\"info\">PIQUANT GmbH<\/span>\n                <\/div>\n                            <div class=\"info-wrap\">\n                <span class=\"title\">Branche:<\/span>\n                <span class=\"info\">IT-Consulting<\/span>\n                <\/div>\n                            <div class=\"info-wrap\">\n                <span class=\"title\">Dauer:<\/span>\n                <span class=\"info\">6 Monate<\/span>\n                <\/div>\n                            <div class=\"info-wrap\">\n                <span class=\"title\">Projektziel:<\/span>\n                <span class=\"info\">Aufbau einer internen Infrastruktur zur Bereitstellung von Cloud- und Mailservern auf Docker-Basis<\/span>\n                <\/div>\n                    <\/div>\n\t\t\t\t\t<\/div>\n\t\t\t\t<\/div>\n\t\t\t\t<\/div>\n\t\t<div class=\"elementor-element elementor-element-cdd62aa e-con-full e-flex e-con e-child\" data-id=\"cdd62aa\" data-element_type=\"container\">\n\t\t<div class=\"elementor-element elementor-element-3fb07bc e-con-full e-flex e-con e-child\" data-id=\"3fb07bc\" data-element_type=\"container\">\n\t\t\t\t<div class=\"elementor-element elementor-element-1714fe9 elementor-widget elementor-widget-image\" data-id=\"1714fe9\" data-element_type=\"widget\" data-widget_type=\"image.default\">\n\t\t\t\t<div class=\"elementor-widget-container\">\n\t\t\t\t\t\t\t\t\t\t\t\t\t\t\t<img loading=\"lazy\" decoding=\"async\" width=\"1024\" height=\"583\" src=\"https:\/\/www.piquant.me\/wp-content\/uploads\/2025\/07\/iStock-interneInfrastruktur-1024x583.jpg\" class=\"elementor-animation-grow attachment-large size-large wp-image-10224\" alt=\"\" srcset=\"https:\/\/www.piquant.me\/wp-content\/uploads\/2025\/07\/iStock-interneInfrastruktur-1024x583.jpg 1024w, https:\/\/www.piquant.me\/wp-content\/uploads\/2025\/07\/iStock-interneInfrastruktur-300x171.jpg 300w, https:\/\/www.piquant.me\/wp-content\/uploads\/2025\/07\/iStock-interneInfrastruktur-768x437.jpg 768w, https:\/\/www.piquant.me\/wp-content\/uploads\/2025\/07\/iStock-interneInfrastruktur-1536x875.jpg 1536w, https:\/\/www.piquant.me\/wp-content\/uploads\/2025\/07\/iStock-interneInfrastruktur-2048x1166.jpg 2048w, https:\/\/www.piquant.me\/wp-content\/uploads\/2025\/07\/iStock-interneInfrastruktur-18x10.jpg 18w\" sizes=\"(max-width: 1024px) 100vw, 1024px\" \/>\t\t\t\t\t\t\t\t\t\t\t\t\t\t\t<\/div>\n\t\t\t\t<\/div>\n\t\t\t\t<\/div>\n\t\t\t\t<\/div>\n\t\t\t\t\t<\/div>\n\t\t\t\t<\/div>\n\t\t<div class=\"elementor-element elementor-element-2c19ee2 e-flex e-con-boxed e-con e-parent\" data-id=\"2c19ee2\" data-element_type=\"container\">\n\t\t\t\t\t<div class=\"e-con-inner\">\n\t\t\t\t<div class=\"elementor-element elementor-element-2ee0140 elementor-widget-divider--view-line elementor-widget elementor-widget-divider\" data-id=\"2ee0140\" data-element_type=\"widget\" data-widget_type=\"divider.default\">\n\t\t\t\t<div class=\"elementor-widget-container\">\n\t\t\t\t\t\t\t<div class=\"elementor-divider\">\n\t\t\t<span class=\"elementor-divider-separator\">\n\t\t\t\t\t\t<\/span>\n\t\t<\/div>\n\t\t\t\t\t\t<\/div>\n\t\t\t\t<\/div>\n\t\t<div class=\"elementor-element elementor-element-e326f0e e-con-full e-flex e-con e-child\" data-id=\"e326f0e\" data-element_type=\"container\">\n\t\t<div class=\"elementor-element elementor-element-ae1c612 e-con-full e-flex e-con e-child\" data-id=\"ae1c612\" data-element_type=\"container\">\n\t\t\t\t<div class=\"elementor-element elementor-element-9d81e1a elementor-widget elementor-widget-image\" data-id=\"9d81e1a\" data-element_type=\"widget\" data-widget_type=\"image.default\">\n\t\t\t\t<div class=\"elementor-widget-container\">\n\t\t\t\t\t\t\t\t\t\t\t\t\t\t\t<img loading=\"lazy\" decoding=\"async\" width=\"1024\" height=\"576\" src=\"https:\/\/www.piquant.me\/wp-content\/uploads\/2025\/07\/iStock-Schichtplanung-1024x576.jpg\" class=\"elementor-animation-grow attachment-large size-large wp-image-10223\" alt=\"\" srcset=\"https:\/\/www.piquant.me\/wp-content\/uploads\/2025\/07\/iStock-Schichtplanung-1024x576.jpg 1024w, https:\/\/www.piquant.me\/wp-content\/uploads\/2025\/07\/iStock-Schichtplanung-300x169.jpg 300w, https:\/\/www.piquant.me\/wp-content\/uploads\/2025\/07\/iStock-Schichtplanung-768x432.jpg 768w, https:\/\/www.piquant.me\/wp-content\/uploads\/2025\/07\/iStock-Schichtplanung-1536x864.jpg 1536w, https:\/\/www.piquant.me\/wp-content\/uploads\/2025\/07\/iStock-Schichtplanung-2048x1152.jpg 2048w, https:\/\/www.piquant.me\/wp-content\/uploads\/2025\/07\/iStock-Schichtplanung-18x10.jpg 18w\" sizes=\"(max-width: 1024px) 100vw, 1024px\" \/>\t\t\t\t\t\t\t\t\t\t\t\t\t\t\t<\/div>\n\t\t\t\t<\/div>\n\t\t\t\t<\/div>\n\t\t<div class=\"elementor-element elementor-element-4631a50 e-con-full e-flex e-con e-child\" data-id=\"4631a50\" data-element_type=\"container\">\n\t\t\t\t<div class=\"elementor-element elementor-element-7d153b2 align-left elementor-widget elementor-widget-mae-project-detail\" data-id=\"7d153b2\" data-element_type=\"widget\" data-widget_type=\"mae-project-detail.default\">\n\t\t\t\t<div class=\"elementor-widget-container\">\n\t\t\t\t\t\n        <div class=\"project-info\">\n                            <div class=\"info-wrap\">\n                <span class=\"title\">Entwicklung einer internationalen Schichtplanung<\/span>\n                <span class=\"info\"><\/span>\n                <\/div>\n                            <div class=\"info-wrap\">\n                <span class=\"title\">Branche:<\/span>\n                <span class=\"info\">IT-Dienstleistungsbranche<\/span>\n                <\/div>\n                            <div class=\"info-wrap\">\n                <span class=\"title\">Dauer:<\/span>\n                <span class=\"info\">3 Jahre<\/span>\n                <\/div>\n                            <div class=\"info-wrap\">\n                <span class=\"title\">Projektziel:<\/span>\n                <span class=\"info\">Implementierung eines zeitzonenbasierten Schichtplanungs-Algorithmus zur effizienten 24\/7-Besetzung eines internationalen Kundendienstes<\/span>\n                <\/div>\n                    <\/div>\n\t\t\t\t\t<\/div>\n\t\t\t\t<\/div>\n\t\t\t\t<\/div>\n\t\t\t\t<\/div>\n\t\t\t\t\t<\/div>\n\t\t\t\t<\/div>\n\t\t\t\t<\/div>","protected":false},"excerpt":{"rendered":"<p>Im \u00dcberblick Unsere Erfolge Ma\u00dfgeschneiderte L\u00f6sungen die \u00fcberzeugen In unserem Projektportfolio finden Sie erfolgreich abgeschlossene Projekte, die wir mit unserem Fachwissen und Engagement realisiert haben. Mit jedem erreichten Ziel konnten wir nicht nur einen Kunden zufrieden stellen, sondern auch unsere spezialisierten Kenntnisse weiter ausbauen. Unsere Referenzen zeigen, was wir leisten<\/p>","protected":false},"author":2,"featured_media":0,"parent":0,"menu_order":0,"comment_status":"closed","ping_status":"closed","template":"","meta":{"_monsterinsights_skip_tracking":false,"_monsterinsights_sitenote_active":false,"_monsterinsights_sitenote_note":"","_monsterinsights_sitenote_category":0,"footnotes":""},"class_list":["post-9343","page","type-page","status-publish","hentry"],"aioseo_notices":[],"_links":{"self":[{"href":"https:\/\/www.piquant.me\/en\/wp-json\/wp\/v2\/pages\/9343","targetHints":{"allow":["GET"]}}],"collection":[{"href":"https:\/\/www.piquant.me\/en\/wp-json\/wp\/v2\/pages"}],"about":[{"href":"https:\/\/www.piquant.me\/en\/wp-json\/wp\/v2\/types\/page"}],"author":[{"embeddable":true,"href":"https:\/\/www.piquant.me\/en\/wp-json\/wp\/v2\/users\/2"}],"replies":[{"embeddable":true,"href":"https:\/\/www.piquant.me\/en\/wp-json\/wp\/v2\/comments?post=9343"}],"version-history":[{"count":75,"href":"https:\/\/www.piquant.me\/en\/wp-json\/wp\/v2\/pages\/9343\/revisions"}],"predecessor-version":[{"id":10638,"href":"https:\/\/www.piquant.me\/en\/wp-json\/wp\/v2\/pages\/9343\/revisions\/10638"}],"wp:attachment":[{"href":"https:\/\/www.piquant.me\/en\/wp-json\/wp\/v2\/media?parent=9343"}],"curies":[{"name":"wp","href":"https:\/\/api.w.org\/{rel}","templated":true}]}}