{"id":8062,"date":"2021-08-02T03:25:29","date_gmt":"2021-08-02T03:25:29","guid":{"rendered":"https:\/\/tplabs.co\/ametok\/?page_id=8062"},"modified":"2025-07-11T15:50:27","modified_gmt":"2025-07-11T13:50:27","slug":"services","status":"publish","type":"page","link":"https:\/\/www.piquant.me\/en\/services\/","title":{"rendered":"Offerings"},"content":{"rendered":"<div data-elementor-type=\"wp-page\" data-elementor-id=\"8062\" class=\"elementor elementor-8062\">\n\t\t\t\t\t\t<section class=\"elementor-section elementor-top-section elementor-element elementor-element-bf753cd elementor-section-stretched elementor-section-boxed elementor-section-height-default elementor-section-height-default\" data-id=\"bf753cd\" data-element_type=\"section\" data-settings=\"{&quot;stretch_section&quot;:&quot;section-stretched&quot;,&quot;background_background&quot;:&quot;classic&quot;}\">\n\t\t\t\t\t\t<div class=\"elementor-container elementor-column-gap-no\">\n\t\t\t\t\t<div class=\"elementor-column elementor-col-100 elementor-top-column elementor-element elementor-element-b736d82\" data-id=\"b736d82\" data-element_type=\"column\">\n\t\t\t<div class=\"elementor-widget-wrap elementor-element-populated\">\n\t\t\t\t\t\t<div class=\"elementor-element elementor-element-fe6779e elementor-widget elementor-widget-spacer\" data-id=\"fe6779e\" data-element_type=\"widget\" data-widget_type=\"spacer.default\">\n\t\t\t\t<div class=\"elementor-widget-container\">\n\t\t\t\t\t\t\t<div class=\"elementor-spacer\">\n\t\t\t<div class=\"elementor-spacer-inner\"><\/div>\n\t\t<\/div>\n\t\t\t\t\t\t<\/div>\n\t\t\t\t<\/div>\n\t\t\t\t<section class=\"elementor-section elementor-inner-section elementor-element elementor-element-fa9d176 elementor-section-boxed elementor-section-height-default elementor-section-height-default\" data-id=\"fa9d176\" data-element_type=\"section\">\n\t\t\t\t\t\t<div class=\"elementor-container elementor-column-gap-default\">\n\t\t\t\t\t<div class=\"elementor-column elementor-col-100 elementor-inner-column elementor-element elementor-element-8a40771\" data-id=\"8a40771\" data-element_type=\"column\">\n\t\t\t<div class=\"elementor-widget-wrap elementor-element-populated\">\n\t\t\t\t\t\t<div class=\"elementor-element elementor-element-3138528 align-left elementor-widget elementor-widget-mae-headings\" data-id=\"3138528\" data-element_type=\"widget\" data-widget_type=\"mae-headings.default\">\n\t\t\t\t<div class=\"elementor-widget-container\">\n\t\t\t\t\t\t\t<div class=\"master-heading sep-top\">\n\t\t\t<div class=\"sep\"><\/div>\t        \n\t        \n\t        \t        <h2 class=\"main-heading\">Efficient IT-Solutions for long-term success<\/h2>\n\t        \n\t        \n\t        \t            <div class=\"sub-heading\">\n<\/div>\n\t        \t    <\/div>\n\t    \t\t\t\t<\/div>\n\t\t\t\t<\/div>\n\t\t\t\t<div class=\"elementor-element elementor-element-a9044ab elementor-widget elementor-widget-text-editor\" data-id=\"a9044ab\" data-element_type=\"widget\" data-widget_type=\"text-editor.default\">\n\t\t\t\t<div class=\"elementor-widget-container\">\n\t\t\t\t\t\t\t\t\t<p>In our service portfolio, we offer only those services for which we can confidently deliver optimal results. For all our offerings, we can provide project experience as well as the relevant certificates.<\/p><p>Die PIQUANT GmbH ist Ihr verl\u00e4sslicher Partner f\u00fcr IT-Service-Management (ITSM) und IT-Infrastruktur-Management (ITIM). Seit \u00fcber 12 Jahren begleiten wir Unternehmen von der Strategieentwicklung bis zur erfolgreichen Umsetzung \u2013 effizient, sicher und individuell auf Ihre Bed\u00fcrfnisse abgestimmt.<\/p><p>Whether you need IT specialists on short notice or long-term project support, we provide qualified professionals perfectly matched to your requirements.<\/p>\t\t\t\t\t\t\t\t<\/div>\n\t\t\t\t<\/div>\n\t\t\t\t<div class=\"elementor-element elementor-element-8a6f133 elementor-widget elementor-widget-spacer\" data-id=\"8a6f133\" data-element_type=\"widget\" data-widget_type=\"spacer.default\">\n\t\t\t\t<div class=\"elementor-widget-container\">\n\t\t\t\t\t\t\t<div class=\"elementor-spacer\">\n\t\t\t<div class=\"elementor-spacer-inner\"><\/div>\n\t\t<\/div>\n\t\t\t\t\t\t<\/div>\n\t\t\t\t<\/div>\n\t\t\t\t\t<\/div>\n\t\t<\/div>\n\t\t\t\t\t<\/div>\n\t\t<\/section>\n\t\t\t\t<section class=\"elementor-section elementor-inner-section elementor-element elementor-element-5435d34 elementor-section-boxed elementor-section-height-default elementor-section-height-default\" data-id=\"5435d34\" data-element_type=\"section\">\n\t\t\t\t\t\t<div class=\"elementor-container elementor-column-gap-no\">\n\t\t\t\t\t<div class=\"elementor-column elementor-col-25 elementor-inner-column elementor-element elementor-element-fdecc21\" data-id=\"fdecc21\" data-element_type=\"column\">\n\t\t\t<div class=\"elementor-widget-wrap elementor-element-populated\">\n\t\t\t\t\t\t<div class=\"elementor-element elementor-element-7fff9fa align-center icon-position-top icon-has-bg hover-effect-none elementor-widget elementor-widget-mae-icon-box\" data-id=\"7fff9fa\" data-element_type=\"widget\" data-widget_type=\"mae-icon-box.default\">\n\t\t\t\t<div class=\"elementor-widget-container\">\n\t\t\t\t\t\n        <div class=\"master-icon-box\" >\n                        \n            <div class=\"inner\">\n                <div class=\"icon-wrap\"><div class=\"master-icon\"><i class=\"iv iv-maintenance\"><\/i><\/div><\/div>\n                <div class=\"text-wrap\">\n                    <h2 class=\"headline-2\">More than 25 years <br>of experience<\/h2>                <\/div>\n            <\/div>\n\n            <div class=\"bg-static\"><\/div>        <\/div>\n\n        \t\t\t\t<\/div>\n\t\t\t\t<\/div>\n\t\t\t\t\t<\/div>\n\t\t<\/div>\n\t\t\t\t<div class=\"elementor-column elementor-col-25 elementor-inner-column elementor-element elementor-element-5c88c5b\" data-id=\"5c88c5b\" data-element_type=\"column\">\n\t\t\t<div class=\"elementor-widget-wrap elementor-element-populated\">\n\t\t\t\t\t\t<div class=\"elementor-element elementor-element-ecbda20 align-center icon-position-top icon-has-bg hover-effect-none elementor-widget elementor-widget-mae-icon-box\" data-id=\"ecbda20\" data-element_type=\"widget\" data-widget_type=\"mae-icon-box.default\">\n\t\t\t\t<div class=\"elementor-widget-container\">\n\t\t\t\t\t\n        <div class=\"master-icon-box\" >\n                        \n            <div class=\"inner\">\n                <div class=\"icon-wrap\"><div class=\"master-icon\"><i class=\"iv iv-renovation1\"><\/i><\/div><\/div>\n                <div class=\"text-wrap\">\n                    <h2 class=\"headline-2\">Guidelines <br>  and Standards<\/h2>                <\/div>\n            <\/div>\n\n            <div class=\"bg-static\"><\/div>        <\/div>\n\n        \t\t\t\t<\/div>\n\t\t\t\t<\/div>\n\t\t\t\t\t<\/div>\n\t\t<\/div>\n\t\t\t\t<div class=\"elementor-column elementor-col-25 elementor-inner-column elementor-element elementor-element-6c43336 has-border-right-2\" data-id=\"6c43336\" data-element_type=\"column\">\n\t\t\t<div class=\"elementor-widget-wrap elementor-element-populated\">\n\t\t\t\t\t\t<div class=\"elementor-element elementor-element-81503f4 align-center icon-position-top icon-has-bg hover-effect-none elementor-widget elementor-widget-mae-icon-box\" data-id=\"81503f4\" data-element_type=\"widget\" data-widget_type=\"mae-icon-box.default\">\n\t\t\t\t<div class=\"elementor-widget-container\">\n\t\t\t\t\t\n        <div class=\"master-icon-box\" >\n                        \n            <div class=\"inner\">\n                <div class=\"icon-wrap\"><div class=\"master-icon\"><i class=\"iv iv-hammer\"><\/i><\/div><\/div>\n                <div class=\"text-wrap\">\n                    <h2 class=\"headline-2\">Proven Project <br>experience<\/h2>                <\/div>\n            <\/div>\n\n            <div class=\"bg-static\"><\/div>        <\/div>\n\n        \t\t\t\t<\/div>\n\t\t\t\t<\/div>\n\t\t\t\t\t<\/div>\n\t\t<\/div>\n\t\t\t\t<div class=\"elementor-column elementor-col-25 elementor-inner-column elementor-element elementor-element-4711d38\" data-id=\"4711d38\" data-element_type=\"column\">\n\t\t\t<div class=\"elementor-widget-wrap elementor-element-populated\">\n\t\t\t\t\t\t<div class=\"elementor-element elementor-element-d2fad6f align-center icon-position-top icon-has-bg hover-effect-none elementor-widget elementor-widget-mae-icon-box\" data-id=\"d2fad6f\" data-element_type=\"widget\" data-widget_type=\"mae-icon-box.default\">\n\t\t\t\t<div class=\"elementor-widget-container\">\n\t\t\t\t\t\n        <div class=\"master-icon-box\" >\n                        \n            <div class=\"inner\">\n                <div class=\"icon-wrap\"><div class=\"master-icon\"><i class=\"ins ins-worker\"><\/i><\/div><\/div>\n                <div class=\"text-wrap\">\n                    <h2 class=\"headline-2\">Certified <br> Employees<\/h2>                <\/div>\n            <\/div>\n\n            <div class=\"bg-static\"><\/div>        <\/div>\n\n        \t\t\t\t<\/div>\n\t\t\t\t<\/div>\n\t\t\t\t\t<\/div>\n\t\t<\/div>\n\t\t\t\t\t<\/div>\n\t\t<\/section>\n\t\t\t\t<div class=\"elementor-element elementor-element-f94d169 elementor-widget elementor-widget-spacer\" data-id=\"f94d169\" data-element_type=\"widget\" data-widget_type=\"spacer.default\">\n\t\t\t\t<div class=\"elementor-widget-container\">\n\t\t\t\t\t\t\t<div class=\"elementor-spacer\">\n\t\t\t<div class=\"elementor-spacer-inner\"><\/div>\n\t\t<\/div>\n\t\t\t\t\t\t<\/div>\n\t\t\t\t<\/div>\n\t\t\t\t\t<\/div>\n\t\t<\/div>\n\t\t\t\t\t<\/div>\n\t\t<\/section>\n\t\t\t\t<section class=\"elementor-section elementor-top-section elementor-element elementor-element-5fac208 elementor-section-boxed elementor-section-height-default elementor-section-height-default\" data-id=\"5fac208\" data-element_type=\"section\">\n\t\t\t\t\t\t<div class=\"elementor-container elementor-column-gap-default\">\n\t\t\t\t\t<div class=\"elementor-column elementor-col-100 elementor-top-column elementor-element elementor-element-596d9b4\" data-id=\"596d9b4\" data-element_type=\"column\">\n\t\t\t<div class=\"elementor-widget-wrap elementor-element-populated\">\n\t\t\t\t\t\t<div class=\"elementor-element elementor-element-5496467 elementor-widget elementor-widget-spacer\" data-id=\"5496467\" data-element_type=\"widget\" data-widget_type=\"spacer.default\">\n\t\t\t\t<div class=\"elementor-widget-container\">\n\t\t\t\t\t\t\t<div class=\"elementor-spacer\">\n\t\t\t<div class=\"elementor-spacer-inner\"><\/div>\n\t\t<\/div>\n\t\t\t\t\t\t<\/div>\n\t\t\t\t<\/div>\n\t\t\t\t\t<\/div>\n\t\t<\/div>\n\t\t\t\t\t<\/div>\n\t\t<\/section>\n\t\t<div class=\"elementor-element elementor-element-a229c0d e-con-full e-flex e-con e-parent\" data-id=\"a229c0d\" data-element_type=\"container\">\n\t\t<div class=\"elementor-element elementor-element-1158155 e-con-full e-flex e-con e-child\" data-id=\"1158155\" data-element_type=\"container\">\n\t\t\t\t<div class=\"elementor-element elementor-element-21cf8d4 elementor-widget elementor-widget-mae-headings\" data-id=\"21cf8d4\" data-element_type=\"widget\" data-widget_type=\"mae-headings.default\">\n\t\t\t\t<div class=\"elementor-widget-container\">\n\t\t\t\t\t\t\t<div class=\"master-heading sep-top\">\n\t\t\t<div class=\"sep\"><\/div>\t        \n\t        \n\t        \t        <h2 class=\"main-heading\">IT-Service-Management (ITSM)<\/h2>\n\t        \n\t        \n\t        \t    <\/div>\n\t    \t\t\t\t<\/div>\n\t\t\t\t<\/div>\n\t\t\t\t<div class=\"elementor-element elementor-element-d2948ee elementor-widget elementor-widget-text-editor\" data-id=\"d2948ee\" data-element_type=\"widget\" data-widget_type=\"text-editor.default\">\n\t\t\t\t<div class=\"elementor-widget-container\">\n\t\t\t\t\t\t\t\t\t<p>Effective IT Service Management is essential for maintaining clarity in increasingly complex IT environments and esuring the reliable delivery of IT services. To enable IT departments to optimally support business processes, companies need a structured ITSM approach based on recognized standards.<\/p>\t\t\t\t\t\t\t\t<\/div>\n\t\t\t\t<\/div>\n\t\t\t\t<div class=\"elementor-element elementor-element-5fac520 elementor-widget elementor-widget-text-editor\" data-id=\"5fac520\" data-element_type=\"widget\" data-widget_type=\"text-editor.default\">\n\t\t\t\t<div class=\"elementor-widget-container\">\n\t\t\t\t\t\t\t\t\t<p>Von Softwareanwendungen \u00fcber Cloud-Speicher bis hin zu virtuellen Servern \u2013 ein leistungsf\u00e4higes ITSM tr\u00e4gt ma\u00dfgeblich zur Steigerung von Effizienz, Servicequalit\u00e4t und Kundenzufriedenheit bei. Wir unterst\u00fctzen Sie bei der Analyse, Strukturierung und Weiterentwicklung Ihrer ITSM-Strategie \u2013 basierend auf Best Practices wie ITIL. Unsere IT-Experten begleiten Sie bei der Implementierung und Optimierung bew\u00e4hrter Plattformen wie ServiceNow oder JIRA sowie bei der Automatisierung zentraler Service-Prozesse.<\/p>\t\t\t\t\t\t\t\t<\/div>\n\t\t\t\t<\/div>\n\t\t\t\t<div class=\"elementor-element elementor-element-39f8218 elementor-widget elementor-widget-text-editor\" data-id=\"39f8218\" data-element_type=\"widget\" data-widget_type=\"text-editor.default\">\n\t\t\t\t<div class=\"elementor-widget-container\">\n\t\t\t\t\t\t\t\t\t<p>Dar\u00fcber hinaus entwickeln wir mit Ihnen praxisnahe Notfall- und Wiederanlaufpl\u00e4ne, die im Ernstfall wertvolle Zeit sparen und Ausfallrisiken minimieren. Mit einem zukunftsorientierten ITSM schaffen Sie die Grundlage f\u00fcr skalierbare IT-Prozesse, reibungslose Abl\u00e4ufe und eine nachhaltige Entlastung Ihres IT-Teams.<\/p>\t\t\t\t\t\t\t\t<\/div>\n\t\t\t\t<\/div>\n\t\t\t\t<\/div>\n\t\t<div class=\"elementor-element elementor-element-789bc70 e-con-full e-flex e-con e-child\" data-id=\"789bc70\" data-element_type=\"container\">\n\t\t\t\t<div class=\"elementor-element elementor-element-8f6775b e-transform elementor-widget elementor-widget-image\" data-id=\"8f6775b\" data-element_type=\"widget\" data-settings=\"{&quot;_transform_rotateZ_effect&quot;:{&quot;unit&quot;:&quot;px&quot;,&quot;size&quot;:&quot;&quot;,&quot;sizes&quot;:[]},&quot;_transform_rotateZ_effect_tablet&quot;:{&quot;unit&quot;:&quot;deg&quot;,&quot;size&quot;:&quot;&quot;,&quot;sizes&quot;:[]},&quot;_transform_rotateZ_effect_mobile&quot;:{&quot;unit&quot;:&quot;deg&quot;,&quot;size&quot;:&quot;&quot;,&quot;sizes&quot;:[]}}\" data-widget_type=\"image.default\">\n\t\t\t\t<div class=\"elementor-widget-container\">\n\t\t\t\t\t\t\t\t\t\t\t\t\t\t\t<img fetchpriority=\"high\" decoding=\"async\" width=\"836\" height=\"1024\" src=\"https:\/\/www.piquant.me\/wp-content\/uploads\/2025\/07\/iStock-ITSMCloud-836x1024.jpg\" class=\"attachment-large size-large wp-image-10205\" alt=\"\" srcset=\"https:\/\/www.piquant.me\/wp-content\/uploads\/2025\/07\/iStock-ITSMCloud-836x1024.jpg 836w, https:\/\/www.piquant.me\/wp-content\/uploads\/2025\/07\/iStock-ITSMCloud-245x300.jpg 245w, https:\/\/www.piquant.me\/wp-content\/uploads\/2025\/07\/iStock-ITSMCloud-768x940.jpg 768w, https:\/\/www.piquant.me\/wp-content\/uploads\/2025\/07\/iStock-ITSMCloud-1254x1536.jpg 1254w, https:\/\/www.piquant.me\/wp-content\/uploads\/2025\/07\/iStock-ITSMCloud-1673x2048.jpg 1673w, https:\/\/www.piquant.me\/wp-content\/uploads\/2025\/07\/iStock-ITSMCloud-10x12.jpg 10w\" sizes=\"(max-width: 836px) 100vw, 836px\" \/>\t\t\t\t\t\t\t\t\t\t\t\t\t\t\t<\/div>\n\t\t\t\t<\/div>\n\t\t\t\t<\/div>\n\t\t\t\t<\/div>\n\t\t<div class=\"elementor-element elementor-element-8529f85 e-flex e-con-boxed e-con e-parent\" data-id=\"8529f85\" data-element_type=\"container\">\n\t\t\t\t\t<div class=\"e-con-inner\">\n\t\t\t\t<div class=\"elementor-element elementor-element-1a13d1d elementor-widget elementor-widget-spacer\" data-id=\"1a13d1d\" data-element_type=\"widget\" data-widget_type=\"spacer.default\">\n\t\t\t\t<div class=\"elementor-widget-container\">\n\t\t\t\t\t\t\t<div class=\"elementor-spacer\">\n\t\t\t<div class=\"elementor-spacer-inner\"><\/div>\n\t\t<\/div>\n\t\t\t\t\t\t<\/div>\n\t\t\t\t<\/div>\n\t\t\t\t\t<\/div>\n\t\t\t\t<\/div>\n\t\t<div class=\"elementor-element elementor-element-e70f9ef e-flex e-con-boxed e-con e-parent\" data-id=\"e70f9ef\" data-element_type=\"container\">\n\t\t\t\t\t<div class=\"e-con-inner\">\n\t\t<div class=\"elementor-element elementor-element-362d171 e-con-full e-flex e-con e-child\" data-id=\"362d171\" data-element_type=\"container\">\n\t\t\t\t<div class=\"elementor-element elementor-element-0439963 elementor-widget elementor-widget-image\" data-id=\"0439963\" data-element_type=\"widget\" data-widget_type=\"image.default\">\n\t\t\t\t<div class=\"elementor-widget-container\">\n\t\t\t\t\t\t\t\t\t\t\t\t\t\t\t<img decoding=\"async\" width=\"703\" height=\"1024\" src=\"https:\/\/www.piquant.me\/wp-content\/uploads\/2025\/07\/iStock-ITIMKabel-scaled-e1751899524667-703x1024.jpg\" class=\"attachment-large size-large wp-image-10208\" alt=\"\" srcset=\"https:\/\/www.piquant.me\/wp-content\/uploads\/2025\/07\/iStock-ITIMKabel-scaled-e1751899524667-703x1024.jpg 703w, https:\/\/www.piquant.me\/wp-content\/uploads\/2025\/07\/iStock-ITIMKabel-scaled-e1751899524667-206x300.jpg 206w, https:\/\/www.piquant.me\/wp-content\/uploads\/2025\/07\/iStock-ITIMKabel-scaled-e1751899524667-768x1119.jpg 768w, https:\/\/www.piquant.me\/wp-content\/uploads\/2025\/07\/iStock-ITIMKabel-scaled-e1751899524667-1054x1536.jpg 1054w, https:\/\/www.piquant.me\/wp-content\/uploads\/2025\/07\/iStock-ITIMKabel-scaled-e1751899524667-8x12.jpg 8w, https:\/\/www.piquant.me\/wp-content\/uploads\/2025\/07\/iStock-ITIMKabel-scaled-e1751899524667.jpg 1338w\" sizes=\"(max-width: 703px) 100vw, 703px\" \/>\t\t\t\t\t\t\t\t\t\t\t\t\t\t\t<\/div>\n\t\t\t\t<\/div>\n\t\t\t\t<\/div>\n\t\t<div class=\"elementor-element elementor-element-046dffd e-con-full e-flex e-con e-child\" data-id=\"046dffd\" data-element_type=\"container\">\n\t\t\t\t<div class=\"elementor-element elementor-element-b6dd399 align-left elementor-widget elementor-widget-mae-headings\" data-id=\"b6dd399\" data-element_type=\"widget\" data-widget_type=\"mae-headings.default\">\n\t\t\t\t<div class=\"elementor-widget-container\">\n\t\t\t\t\t\t\t<div class=\"master-heading sep-top\">\n\t\t\t<div class=\"sep\"><\/div>\t        \n\t        \n\t        \t        <h2 class=\"main-heading\">IT-Infrastruktur-Management (ITIM)<\/h2>\n\t        \n\t        \n\t        \t    <\/div>\n\t    \t\t\t\t<\/div>\n\t\t\t\t<\/div>\n\t\t\t\t<div class=\"elementor-element elementor-element-fb80c21 elementor-widget elementor-widget-text-editor\" data-id=\"fb80c21\" data-element_type=\"widget\" data-widget_type=\"text-editor.default\">\n\t\t\t\t<div class=\"elementor-widget-container\">\n\t\t\t\t\t\t\t\t\t<p>Eine leistungsf\u00e4hige IT-Infrastruktur ist heute f\u00fcr Unternehmen jeder Gr\u00f6\u00dfe unverzichtbar \u2013 sie steigert die Effizienz, senkt Kosten und erh\u00f6ht die Sicherheit. Moderne IT-Umgebungen werden zunehmend komplexer und potenzielle Risiken wie Cyberangriffe, Datenlecks oder Systemausf\u00e4lle machen die Einf\u00fchrung zuverl\u00e4ssiger L\u00f6sungen unerl\u00e4sslich.<\/p>\t\t\t\t\t\t\t\t<\/div>\n\t\t\t\t<\/div>\n\t\t\t\t<div class=\"elementor-element elementor-element-2e6269b elementor-widget elementor-widget-text-editor\" data-id=\"2e6269b\" data-element_type=\"widget\" data-widget_type=\"text-editor.default\">\n\t\t\t\t<div class=\"elementor-widget-container\">\n\t\t\t\t\t\t\t\t\t<p>Auch die kontinuierliche Wartung darf nicht untersch\u00e4tzt werden. Nur regelm\u00e4\u00dfig aktualisierte Systeme entsprechen aktuellen Standards und bieten optimalen Schutz.<\/p><p>Von der Planung \u00fcber die Implementierung bis hin zur Wartung, wir sind Ihr Partner f\u00fcr eine skalierbare und zukunftssichere IT-Infrastruktur. Unsere Leistungen umfassen Netzwerke, Serverlandschaften, Cloud-Technologien und hybride IT-Umgebungen. Gemeinsam entwickeln wir eine passgenaue L\u00f6sung f\u00fcr Ihre individuellen Anforderungen.<\/p>\t\t\t\t\t\t\t\t<\/div>\n\t\t\t\t<\/div>\n\t\t\t\t<\/div>\n\t\t\t\t\t<\/div>\n\t\t\t\t<\/div>\n\t\t<div class=\"elementor-element elementor-element-920df15 e-flex e-con-boxed e-con e-parent\" data-id=\"920df15\" data-element_type=\"container\">\n\t\t\t\t\t<div class=\"e-con-inner\">\n\t\t\t\t<div class=\"elementor-element elementor-element-5fb34cb elementor-widget elementor-widget-spacer\" data-id=\"5fb34cb\" data-element_type=\"widget\" data-widget_type=\"spacer.default\">\n\t\t\t\t<div class=\"elementor-widget-container\">\n\t\t\t\t\t\t\t<div class=\"elementor-spacer\">\n\t\t\t<div class=\"elementor-spacer-inner\"><\/div>\n\t\t<\/div>\n\t\t\t\t\t\t<\/div>\n\t\t\t\t<\/div>\n\t\t\t\t\t<\/div>\n\t\t\t\t<\/div>\n\t\t<div class=\"elementor-element elementor-element-54b4599 e-flex e-con-boxed e-con e-parent\" data-id=\"54b4599\" data-element_type=\"container\">\n\t\t\t\t\t<div class=\"e-con-inner\">\n\t\t<div class=\"elementor-element elementor-element-c28ac70 e-con-full e-flex e-con e-child\" data-id=\"c28ac70\" data-element_type=\"container\">\n\t\t\t\t<div class=\"elementor-element elementor-element-116ae82 elementor-widget elementor-widget-mae-headings\" data-id=\"116ae82\" data-element_type=\"widget\" id=\"leistungen-pm\" data-widget_type=\"mae-headings.default\">\n\t\t\t\t<div class=\"elementor-widget-container\">\n\t\t\t\t\t\t\t<div class=\"master-heading sep-top\">\n\t\t\t<div class=\"sep\"><\/div>\t        \n\t        \n\t        \t        <h2 class=\"main-heading\">Projektmanagement (PM)<\/h2>\n\t        \n\t        \n\t        \t    <\/div>\n\t    \t\t\t\t<\/div>\n\t\t\t\t<\/div>\n\t\t\t\t<div class=\"elementor-element elementor-element-560bfd4 elementor-widget elementor-widget-text-editor\" data-id=\"560bfd4\" data-element_type=\"widget\" data-widget_type=\"text-editor.default\">\n\t\t\t\t<div class=\"elementor-widget-container\">\n\t\t\t\t\t\t\t\t\t<p>Effizientes Projektmanagement ist der Schl\u00fcssel, um komplexe Vorhaben zielgerichtet und termingerecht umzusetzen. Wir begleiten Ihr Projekt von der Initiierung \u00fcber die Planung und Steuerung bis hin zur Kontrolle und dem erfolgreichen Abschluss. Dabei setzen wir auf etablierte Methoden und standardisierte Verfahren, die sich \u00fcber den gesamten Projektlebenszyklus hinweg bew\u00e4hrt haben. Unser Fokus liegt auf der Erreichung Ihrer Projektziele im Hinblick auf Zeit, Kosten, Qualit\u00e4t und Nutzen.<\/p><p>Wir entwickeln klare Projektarbeitspl\u00e4ne, stimmen Anforderungen mit allen relevanten Interessengruppen ab und stellen sicher, dass Ressourcen \u2013 ob Personal oder Materialien \u2013 effizient eingesetzt werden. Mit Hilfe von SMART formulierten Zielen sorgen wir f\u00fcr Transparenz, Nachvollziehbarkeit und messbaren Fortschritt. Durch regelm\u00e4\u00dfige Status\u00fcberpr\u00fcfungen und eine strukturierte Kommunikation zwischen allen Beteiligten behalten wir jederzeit den \u00dcberblick. Vertrauen Sie auf unsere Expertise, um Ihr Projekt strukturiert, planbar und erfolgreich umzusetzen.<\/p>\t\t\t\t\t\t\t\t<\/div>\n\t\t\t\t<\/div>\n\t\t\t\t<\/div>\n\t\t<div class=\"elementor-element elementor-element-43da75a e-con-full e-flex e-con e-child\" data-id=\"43da75a\" data-element_type=\"container\">\n\t\t\t\t<div class=\"elementor-element elementor-element-35a6933 elementor-widget elementor-widget-image\" data-id=\"35a6933\" data-element_type=\"widget\" data-widget_type=\"image.default\">\n\t\t\t\t<div class=\"elementor-widget-container\">\n\t\t\t\t\t\t\t\t\t\t\t\t\t\t\t<img decoding=\"async\" width=\"683\" height=\"1024\" src=\"https:\/\/www.piquant.me\/wp-content\/uploads\/2025\/07\/iStock-Projektmanagement-683x1024.jpg\" class=\"attachment-large size-large wp-image-10209\" alt=\"\" srcset=\"https:\/\/www.piquant.me\/wp-content\/uploads\/2025\/07\/iStock-Projektmanagement-683x1024.jpg 683w, https:\/\/www.piquant.me\/wp-content\/uploads\/2025\/07\/iStock-Projektmanagement-200x300.jpg 200w, https:\/\/www.piquant.me\/wp-content\/uploads\/2025\/07\/iStock-Projektmanagement-768x1152.jpg 768w, https:\/\/www.piquant.me\/wp-content\/uploads\/2025\/07\/iStock-Projektmanagement-1024x1536.jpg 1024w, https:\/\/www.piquant.me\/wp-content\/uploads\/2025\/07\/iStock-Projektmanagement-1365x2048.jpg 1365w, https:\/\/www.piquant.me\/wp-content\/uploads\/2025\/07\/iStock-Projektmanagement-8x12.jpg 8w, https:\/\/www.piquant.me\/wp-content\/uploads\/2025\/07\/iStock-Projektmanagement-scaled.jpg 1707w\" sizes=\"(max-width: 683px) 100vw, 683px\" \/>\t\t\t\t\t\t\t\t\t\t\t\t\t\t\t<\/div>\n\t\t\t\t<\/div>\n\t\t\t\t<\/div>\n\t\t\t\t\t<\/div>\n\t\t\t\t<\/div>\n\t\t\t\t<\/div>","protected":false},"excerpt":{"rendered":"<p>Effiziente IT-L\u00f6sungen f\u00fcr nachhaltigen Erfolg In unserem Service-Portfolio bieten wir nur Dienstleistungen an, von denen wir sicher sind, Ihnen ein optimales Ergebnis zu liefern. F\u00fcr all unsere Angebote k\u00f6nnen wir Projekterfahrungen sowie entsprechende Zertifikate nachweisen. Die PIQUANT GmbH ist Ihr verl\u00e4sslicher Partner f\u00fcr IT-Service-Management (ITSM) und IT-Infrastruktur-Management (ITIM). Seit \u00fcber<\/p>","protected":false},"author":2,"featured_media":0,"parent":0,"menu_order":0,"comment_status":"closed","ping_status":"closed","template":"","meta":{"_monsterinsights_skip_tracking":false,"_monsterinsights_sitenote_active":false,"_monsterinsights_sitenote_note":"","_monsterinsights_sitenote_category":0,"footnotes":""},"class_list":["post-8062","page","type-page","status-publish","hentry"],"aioseo_notices":[],"_links":{"self":[{"href":"https:\/\/www.piquant.me\/en\/wp-json\/wp\/v2\/pages\/8062","targetHints":{"allow":["GET"]}}],"collection":[{"href":"https:\/\/www.piquant.me\/en\/wp-json\/wp\/v2\/pages"}],"about":[{"href":"https:\/\/www.piquant.me\/en\/wp-json\/wp\/v2\/types\/page"}],"author":[{"embeddable":true,"href":"https:\/\/www.piquant.me\/en\/wp-json\/wp\/v2\/users\/2"}],"replies":[{"embeddable":true,"href":"https:\/\/www.piquant.me\/en\/wp-json\/wp\/v2\/comments?post=8062"}],"version-history":[{"count":57,"href":"https:\/\/www.piquant.me\/en\/wp-json\/wp\/v2\/pages\/8062\/revisions"}],"predecessor-version":[{"id":10637,"href":"https:\/\/www.piquant.me\/en\/wp-json\/wp\/v2\/pages\/8062\/revisions\/10637"}],"wp:attachment":[{"href":"https:\/\/www.piquant.me\/en\/wp-json\/wp\/v2\/media?parent=8062"}],"curies":[{"name":"wp","href":"https:\/\/api.w.org\/{rel}","templated":true}]}}