{"id":8003,"date":"2021-08-02T01:37:14","date_gmt":"2021-08-02T01:37:14","guid":{"rendered":"https:\/\/tplabs.co\/ametok\/?page_id=8003"},"modified":"2025-02-06T13:01:07","modified_gmt":"2025-02-06T12:01:07","slug":"contact","status":"publish","type":"page","link":"https:\/\/www.piquant.me\/en\/contact\/","title":{"rendered":"Contact"},"content":{"rendered":"<div data-elementor-type=\"wp-page\" data-elementor-id=\"8003\" class=\"elementor elementor-8003\">\n\t\t\t\t\t\t<section class=\"elementor-section elementor-top-section elementor-element elementor-element-094a891 elementor-section-boxed elementor-section-height-default elementor-section-height-default\" data-id=\"094a891\" data-element_type=\"section\">\n\t\t\t\t\t\t<div class=\"elementor-container elementor-column-gap-no\">\n\t\t\t\t\t<div class=\"elementor-column elementor-col-100 elementor-top-column elementor-element elementor-element-4cd2644\" data-id=\"4cd2644\" data-element_type=\"column\">\n\t\t\t<div class=\"elementor-widget-wrap elementor-element-populated\">\n\t\t\t\t\t\t<div class=\"elementor-element elementor-element-7e8f627 elementor-widget elementor-widget-spacer\" data-id=\"7e8f627\" data-element_type=\"widget\" data-widget_type=\"spacer.default\">\n\t\t\t\t<div class=\"elementor-widget-container\">\n\t\t\t\t\t\t\t<div class=\"elementor-spacer\">\n\t\t\t<div class=\"elementor-spacer-inner\"><\/div>\n\t\t<\/div>\n\t\t\t\t\t\t<\/div>\n\t\t\t\t<\/div>\n\t\t\t\t<div class=\"elementor-element elementor-element-410fe8e align-center elementor-invisible elementor-widget elementor-widget-mae-headings\" data-id=\"410fe8e\" data-element_type=\"widget\" data-widget_type=\"mae-headings.default\">\n\t\t\t\t<div class=\"elementor-widget-container\">\n\t\t\t\t\t\t\t<div class=\"master-heading sep-top\">\n\t\t\t<div class=\"sep\"><\/div>\t        \t        \t<div class=\"pre-heading\">PIQUANT GmbH<\/div>\n\t        \n\t        \n\t        \t        <h2 class=\"main-heading\">Im Rheinauhafen in K\u00f6ln<\/h2>\n\t        \n\t        \n\t        \t    <\/div>\n\t    \t\t\t\t<\/div>\n\t\t\t\t<\/div>\n\t\t\t\t<div class=\"elementor-element elementor-element-22ffb59 text-box icon-default elementor-widget elementor-widget-mae-text-box-grid\" data-id=\"22ffb59\" data-element_type=\"widget\" data-widget_type=\"mae-text-box-grid.default\">\n\t\t\t\t<div class=\"elementor-widget-container\">\n\t\t\t\t\t\n\t\t<div class=\"master-text-box-grid grid-container\" data-active=\"2\">\n\t\t\t\t\t\t\t<div class=\"column elementor-repeater-item-1cd8775\">\n\t\t\t\t\t<div class=\"master-text-box\">\n\t\t\t\t\t\t<h3 class=\"title\">\n\t\t\t\t\t\t\t\n\t\t\t\t\t\t\tK\u00f6ln | Cologne | Germany\t\t\t\t\t\t<\/h3>\n\t\t\t\t        \n\t\t\t\t        <div class=\"text\">Harry Blum platz 2, 50678 K\u00f6ln\nTel: +49 (0)221 29436585 | 86\n\nEmail: info[at]pi-quant.com<\/div>\t\t\t\t    <\/div>\n\t\t\t\t<\/div>\n\t\t    \t\t<\/div>\n\t\t\t\t\t\t<\/div>\n\t\t\t\t<\/div>\n\t\t\t\t<div class=\"elementor-element elementor-element-b76fe01 elementor-widget elementor-widget-spacer\" data-id=\"b76fe01\" data-element_type=\"widget\" data-widget_type=\"spacer.default\">\n\t\t\t\t<div class=\"elementor-widget-container\">\n\t\t\t\t\t\t\t<div class=\"elementor-spacer\">\n\t\t\t<div class=\"elementor-spacer-inner\"><\/div>\n\t\t<\/div>\n\t\t\t\t\t\t<\/div>\n\t\t\t\t<\/div>\n\t\t\t\t\t<\/div>\n\t\t<\/div>\n\t\t\t\t\t<\/div>\n\t\t<\/section>\n\t\t\t\t<section class=\"elementor-section elementor-top-section elementor-element elementor-element-cb59505 elementor-section-boxed elementor-section-height-default elementor-section-height-default\" data-id=\"cb59505\" data-element_type=\"section\">\n\t\t\t\t\t\t<div class=\"elementor-container elementor-column-gap-default\">\n\t\t\t\t\t<div class=\"elementor-column elementor-col-50 elementor-top-column elementor-element elementor-element-42d4f1b\" data-id=\"42d4f1b\" data-element_type=\"column\">\n\t\t\t<div class=\"elementor-widget-wrap elementor-element-populated\">\n\t\t\t\t\t\t<div class=\"elementor-element elementor-element-6737dbd elementor-invisible elementor-widget elementor-widget-mae-headings\" data-id=\"6737dbd\" data-element_type=\"widget\" data-widget_type=\"mae-headings.default\">\n\t\t\t\t<div class=\"elementor-widget-container\">\n\t\t\t\t\t\t\t<div class=\"master-heading sep-top\">\n\t\t\t<div class=\"sep\"><\/div>\t        \t        \t<div class=\"pre-heading\">PIQUANT | Power in IT Service & Infrastruktur Management<\/div>\n\t        \n\t        \n\t        \t        <h2 class=\"main-heading\">Wie k\u00f6nnen wir Ihnen behilflich sein?\n<\/h2>\n\t        \n\t        \n\t        \t            <div class=\"sub-heading\">Wenn Sie uns kontaktieren oder uns etwas mitteilen m\u00f6chten, verwenden Sie bitte das Formular. Im Rahmen unserer M\u00f6glichkeiten werden wir Sie so schnell wie m\u00f6glich kontaktieren.<\/div>\n\t        \t    <\/div>\n\t    \t\t\t\t<\/div>\n\t\t\t\t<\/div>\n\t\t\t\t<div class=\"elementor-element elementor-element-d758e9e icon-default shake-hover elementor-widget elementor-widget-mae-cta\" data-id=\"d758e9e\" data-element_type=\"widget\" data-widget_type=\"mae-cta.default\">\n\t\t\t\t<div class=\"elementor-widget-container\">\n\t\t\t\t\t\n        <a class=\"master-cta\" href=\"\">\n            <span class=\"image-wrap\"><img fetchpriority=\"high\" decoding=\"async\" width=\"520\" height=\"240\" src=\"https:\/\/www.piquant.me\/wp-content\/uploads\/2021\/08\/image-contact.jpg\" class=\"attachment-full size-full\" alt=\"Image\" srcset=\"https:\/\/www.piquant.me\/wp-content\/uploads\/2021\/08\/image-contact.jpg 520w, https:\/\/www.piquant.me\/wp-content\/uploads\/2021\/08\/image-contact-300x138.jpg 300w\" sizes=\"(max-width: 520px) 100vw, 520px\" \/><\/span>            <span class=\"content-wrap\">\n                <span class=\"icon\"><i aria-hidden=\"true\" class=\"ci-phone-call\"><\/i><\/span>\n                <span class=\"texts\">\n                    <span class=\"text\">+49 (0) 221 29436585<\/span>                    <span class=\"phone\">Der k\u00fcrzeste Weg zu uns!<\/span>                <\/span>\n            <\/span>\n        <\/a>\n\n        \t\t\t\t<\/div>\n\t\t\t\t<\/div>\n\t\t\t\t\t<\/div>\n\t\t<\/div>\n\t\t\t\t<div class=\"elementor-column elementor-col-50 elementor-top-column elementor-element elementor-element-bf90561\" data-id=\"bf90561\" data-element_type=\"column\">\n\t\t\t<div class=\"elementor-widget-wrap elementor-element-populated\">\n\t\t\t\t\t\t<div class=\"elementor-element elementor-element-56cb007 decor-border-top-1 cf7-style-1 elementor-widget elementor-widget-mae-contact-form-7\" data-id=\"56cb007\" data-element_type=\"widget\" data-widget_type=\"mae-contact-form-7.default\">\n\t\t\t\t<div class=\"elementor-widget-container\">\n\t\t\t\t\t<div class=\"elementor-shortcode ametok-cf7-0\">\n<div class=\"wpcf7 no-js\" id=\"wpcf7-f3720-o1\" lang=\"en-US\" dir=\"ltr\" data-wpcf7-id=\"3720\">\n<div class=\"screen-reader-response\"><p role=\"status\" aria-live=\"polite\" aria-atomic=\"true\"><\/p> <ul><\/ul><\/div>\n<form action=\"\/en\/wp-json\/wp\/v2\/pages\/8003#wpcf7-f3720-o1\" method=\"post\" class=\"wpcf7-form init\" aria-label=\"Contact form\" novalidate=\"novalidate\" data-status=\"init\" data-trp-original-action=\"\/en\/wp-json\/wp\/v2\/pages\/8003#wpcf7-f3720-o1\">\n<fieldset class=\"hidden-fields-container\"><input type=\"hidden\" name=\"_wpcf7\" value=\"3720\" \/><input type=\"hidden\" name=\"_wpcf7_version\" value=\"6.1.3\" \/><input type=\"hidden\" name=\"_wpcf7_locale\" value=\"en_US\" \/><input type=\"hidden\" name=\"_wpcf7_unit_tag\" value=\"wpcf7-f3720-o1\" \/><input type=\"hidden\" name=\"_wpcf7_container_post\" value=\"0\" \/><input type=\"hidden\" name=\"_wpcf7_posted_data_hash\" value=\"\" \/>\n<\/fieldset>\n<span class=\"wpcf7-form-control-wrap\" data-name=\"your-name\"><input size=\"40\" maxlength=\"400\" class=\"wpcf7-form-control wpcf7-text wpcf7-validates-as-required\" aria-required=\"true\" aria-invalid=\"false\" placeholder=\"Name \/ Unternehmen\" value=\"\" type=\"text\" name=\"your-name\" \/><\/span>\n\n<span class=\"wpcf7-form-control-wrap\" data-name=\"your-email\"><input size=\"40\" maxlength=\"400\" class=\"wpcf7-form-control wpcf7-email wpcf7-validates-as-required wpcf7-text wpcf7-validates-as-email\" aria-required=\"true\" aria-invalid=\"false\" placeholder=\"Email Adresse\" value=\"\" type=\"email\" name=\"your-email\" \/><\/span>\n\n<span class=\"input-wrap\"><span class=\"wpcf7-form-control-wrap\" data-name=\"tel-617\"><input size=\"40\" maxlength=\"400\" class=\"wpcf7-form-control wpcf7-tel wpcf7-validates-as-required wpcf7-text wpcf7-validates-as-tel\" aria-required=\"true\" aria-invalid=\"false\" placeholder=\"Phone Number\" value=\"\" type=\"tel\" name=\"tel-617\" \/><\/span><span class=\"wpcf7-form-control-wrap\" data-name=\"your-subject\"><select class=\"wpcf7-form-control wpcf7-select styled\" aria-invalid=\"false\" name=\"your-subject\"><option value=\"\">Serviceauswahl<\/option><option value=\"Projektanfrage\">Projektanfrage<\/option><option value=\"Anderes\">Anderes<\/option><\/select><\/span><\/span>\n\n<span class=\"wpcf7-form-control-wrap\" data-name=\"your-message\"><textarea cols=\"40\" rows=\"10\" maxlength=\"2000\" class=\"wpcf7-form-control wpcf7-textarea wpcf7-validates-as-required\" aria-required=\"true\" aria-invalid=\"false\" placeholder=\"Schreibe eine Nachricht\" name=\"your-message\"><\/textarea><\/span>\n\n\n<input class=\"wpcf7-form-control wpcf7-submit has-spinner\" type=\"submit\" value=\"Senden\" \/><div class=\"wpcf7-response-output\" aria-hidden=\"true\"><\/div>\n<input type=\"hidden\" name=\"trp-form-language\" value=\"en\"\/><\/form>\n<\/div>\n<\/div>\t\t\t\t<\/div>\n\t\t\t\t<\/div>\n\t\t\t\t\t<\/div>\n\t\t<\/div>\n\t\t\t\t\t<\/div>\n\t\t<\/section>\n\t\t\t\t<section class=\"elementor-section elementor-top-section elementor-element elementor-element-0f542ea elementor-section-full_width elementor-section-stretched elementor-section-height-default elementor-section-height-default\" data-id=\"0f542ea\" data-element_type=\"section\" data-settings=\"{&quot;stretch_section&quot;:&quot;section-stretched&quot;}\">\n\t\t\t\t\t\t<div class=\"elementor-container elementor-column-gap-default\">\n\t\t\t\t\t<div class=\"elementor-column elementor-col-100 elementor-top-column elementor-element elementor-element-599e34b\" data-id=\"599e34b\" data-element_type=\"column\">\n\t\t\t<div class=\"elementor-widget-wrap elementor-element-populated\">\n\t\t\t\t\t\t<div class=\"elementor-element elementor-element-12cdb48 elementor-widget elementor-widget-google_maps\" data-id=\"12cdb48\" data-element_type=\"widget\" data-widget_type=\"google_maps.default\">\n\t\t\t\t<div class=\"elementor-widget-container\">\n\t\t\t\t\t\t\t<div class=\"elementor-custom-embed\">\n\t\t\t<iframe loading=\"lazy\"\n\t\t\t\t\tsrc=\"https:\/\/maps.google.com\/maps?q=k%C3%B6ln%2C%20Harry-Blum-Platz%202&#038;t=m&#038;z=12&#038;output=embed&#038;iwloc=near\"\n\t\t\t\t\ttitle=\"k\u00f6ln, Harry-Blum-Platz 2\"\n\t\t\t\t\taria-label=\"k\u00f6ln, Harry-Blum-Platz 2\"\n\t\t\t><\/iframe>\n\t\t<\/div>\n\t\t\t\t\t\t<\/div>\n\t\t\t\t<\/div>\n\t\t\t\t\t<\/div>\n\t\t<\/div>\n\t\t\t\t\t<\/div>\n\t\t<\/section>\n\t\t\t\t<\/div>","protected":false},"excerpt":{"rendered":"<p>PIQUANT GmbH Im Rheinauhafen in K\u00f6ln K\u00f6ln | Cologne | Germany Harry Blum platz 2, 50678 K\u00f6ln Tel: +49 (0)221 29436585 | 86 Email: info[at]pi-quant.com PIQUANT | Power in IT Service &#038; Infrastruktur Management Wie k\u00f6nnen wir Ihnen behilflich sein? Wenn Sie uns kontaktieren oder uns etwas mitteilen m\u00f6chten, verwenden<\/p>","protected":false},"author":2,"featured_media":0,"parent":0,"menu_order":0,"comment_status":"closed","ping_status":"closed","template":"","meta":{"_monsterinsights_skip_tracking":false,"_monsterinsights_sitenote_active":false,"_monsterinsights_sitenote_note":"","_monsterinsights_sitenote_category":0,"footnotes":""},"class_list":["post-8003","page","type-page","status-publish","hentry"],"aioseo_notices":[],"_links":{"self":[{"href":"https:\/\/www.piquant.me\/en\/wp-json\/wp\/v2\/pages\/8003","targetHints":{"allow":["GET"]}}],"collection":[{"href":"https:\/\/www.piquant.me\/en\/wp-json\/wp\/v2\/pages"}],"about":[{"href":"https:\/\/www.piquant.me\/en\/wp-json\/wp\/v2\/types\/page"}],"author":[{"embeddable":true,"href":"https:\/\/www.piquant.me\/en\/wp-json\/wp\/v2\/users\/2"}],"replies":[{"embeddable":true,"href":"https:\/\/www.piquant.me\/en\/wp-json\/wp\/v2\/comments?post=8003"}],"version-history":[{"count":28,"href":"https:\/\/www.piquant.me\/en\/wp-json\/wp\/v2\/pages\/8003\/revisions"}],"predecessor-version":[{"id":9177,"href":"https:\/\/www.piquant.me\/en\/wp-json\/wp\/v2\/pages\/8003\/revisions\/9177"}],"wp:attachment":[{"href":"https:\/\/www.piquant.me\/en\/wp-json\/wp\/v2\/media?parent=8003"}],"curies":[{"name":"wp","href":"https:\/\/api.w.org\/{rel}","templated":true}]}}