{"id":10805,"date":"2025-11-28T16:32:53","date_gmt":"2025-11-28T15:32:53","guid":{"rendered":"https:\/\/www.piquant.me\/?page_id=10805"},"modified":"2025-11-29T13:19:04","modified_gmt":"2025-11-29T12:19:04","slug":"aufwiedersehen","status":"publish","type":"page","link":"https:\/\/www.piquant.me\/en\/aufwiedersehen\/","title":{"rendered":"Aufwiedersehen"},"content":{"rendered":"<div data-elementor-type=\"wp-page\" data-elementor-id=\"10805\" class=\"elementor elementor-10805\">\n\t\t\t\t<div class=\"elementor-element elementor-element-9618152 e-flex e-con-boxed e-con e-parent\" data-id=\"9618152\" data-element_type=\"container\">\n\t\t\t\t\t<div class=\"e-con-inner\">\n\t\t<div class=\"elementor-element elementor-element-248b692 e-con-full e-flex e-con e-child\" data-id=\"248b692\" data-element_type=\"container\">\n\t\t<div class=\"elementor-element elementor-element-d15ec8c e-con-full e-flex e-con e-child\" data-id=\"d15ec8c\" data-element_type=\"container\">\n\t\t\t\t<div class=\"elementor-element elementor-element-e14aa53 elementor-widget elementor-widget-mae-headings\" data-id=\"e14aa53\" data-element_type=\"widget\" data-widget_type=\"mae-headings.default\">\n\t\t\t\t<div class=\"elementor-widget-container\">\n\t\t\t\t\t\t\t<div class=\"master-heading sep-top\">\n\t\t\t<div class=\"sep\"><\/div>\t        \t        \t<div class=\"pre-heading\">Gut dass Sie sich bei uns gemeldet haben<\/div>\n\t        \n\t        \n\t        \t        <h2 class=\"main-heading\">Vielen Dank f\u00fcr die R\u00fcckmeldung<\/h2>\n\t        \n\t        \n\t        \t            <div class=\"sub-heading\">Und wir freuen uns auf Sie<\/div>\n\t        \t    <\/div>\n\t    \t\t\t\t<\/div>\n\t\t\t\t<\/div>\n\t\t\t\t<\/div>\n\t\t<div class=\"elementor-element elementor-element-312f8bb e-con-full e-flex e-con e-child\" data-id=\"312f8bb\" data-element_type=\"container\">\n\t\t\t\t<\/div>\n\t\t\t\t<\/div>\n\t\t<div class=\"elementor-element elementor-element-ded27ad e-con-full e-flex e-con e-child\" data-id=\"ded27ad\" data-element_type=\"container\">\n\t\t\t\t<div class=\"elementor-element elementor-element-6d589a4 shake-hover icon-has-bg elementor-widget elementor-widget-mae-cta\" data-id=\"6d589a4\" data-element_type=\"widget\" data-widget_type=\"mae-cta.default\">\n\t\t\t\t<div class=\"elementor-widget-container\">\n\t\t\t\t\t\n        <a class=\"master-cta\" href=\"tel:+4922129436585\">\n            <span class=\"image-wrap\"><img fetchpriority=\"high\" decoding=\"async\" width=\"2048\" height=\"1367\" src=\"https:\/\/www.piquant.me\/wp-content\/uploads\/2025\/02\/section-bg-3.jpg\" class=\"attachment-full size-full\" alt=\"\" srcset=\"https:\/\/www.piquant.me\/wp-content\/uploads\/2025\/02\/section-bg-3.jpg 2048w, https:\/\/www.piquant.me\/wp-content\/uploads\/2025\/02\/section-bg-3-300x200.jpg 300w, https:\/\/www.piquant.me\/wp-content\/uploads\/2025\/02\/section-bg-3-1024x684.jpg 1024w, https:\/\/www.piquant.me\/wp-content\/uploads\/2025\/02\/section-bg-3-768x513.jpg 768w, https:\/\/www.piquant.me\/wp-content\/uploads\/2025\/02\/section-bg-3-1536x1025.jpg 1536w\" sizes=\"(max-width: 2048px) 100vw, 2048px\" \/><\/span>            <span class=\"content-wrap\">\n                <span class=\"icon\"><i aria-hidden=\"true\" class=\"ci-phone-call\"><\/i><\/span>\n                <span class=\"texts\">\n                    <span class=\"text\">Rufen Sie uns an!<\/span>                    <span class=\"phone\">+49 221 29436585<\/span>                <\/span>\n            <\/span>\n        <\/a>\n\n        \t\t\t\t<\/div>\n\t\t\t\t<\/div>\n\t\t\t\t<\/div>\n\t\t\t\t\t<\/div>\n\t\t\t\t<\/div>\n\t\t<div class=\"elementor-element elementor-element-88170a7 e-flex e-con-boxed e-con e-parent\" data-id=\"88170a7\" data-element_type=\"container\">\n\t\t\t\t\t<div class=\"e-con-inner\">\n\t\t\t\t<div class=\"elementor-element elementor-element-bad8b81 elementor-widget elementor-widget-menu-anchor\" data-id=\"bad8b81\" data-element_type=\"widget\" data-widget_type=\"menu-anchor.default\">\n\t\t\t\t<div class=\"elementor-widget-container\">\n\t\t\t\t\t\t\t<div class=\"elementor-menu-anchor\" id=\"contactform\"><\/div>\n\t\t\t\t\t\t<\/div>\n\t\t\t\t<\/div>\n\t\t\t\t\t<\/div>\n\t\t\t\t<\/div>\n\t\t<div class=\"elementor-element elementor-element-79f8164 e-flex e-con-boxed e-con e-parent\" data-id=\"79f8164\" data-element_type=\"container\">\n\t\t\t\t\t<div class=\"e-con-inner\">\n\t\t<div class=\"elementor-element elementor-element-e052679 e-con-full e-flex e-con e-child\" data-id=\"e052679\" data-element_type=\"container\">\n\t\t\t\t<div class=\"elementor-element elementor-element-619f65d elementor-widget elementor-widget-text-editor\" data-id=\"619f65d\" data-element_type=\"widget\" data-widget_type=\"text-editor.default\">\n\t\t\t\t<div class=\"elementor-widget-container\">\n\t\t\t\t\t\t\t\t\t<h2>Die Reise zum Harry-Blum-Platz<\/h2><p>Der Harry-Blum-Platz liegt mitten im modernen K\u00f6lner Rheinauhafen und ist bequem mit \u00f6ffentlichen Verkehrsmitteln erreichbar.<\/p><ul><li><p><strong>Mit der Stadtbahn (KVB):<\/strong> Linie <strong>15 oder 16<\/strong> bis <strong>Ubierring<\/strong> \u2013 von dort f\u00fchrt ein sch\u00f6ner Spaziergang am Rhein entlang in etwa 10 Minuten zum Rheinauhafen. Alternativ mit Linie <strong>17<\/strong> bis <strong>Severinstra\u00dfe<\/strong>, ebenfalls ca. 10 Minuten Fu\u00dfweg.<\/p><\/li><li><p><strong>Mit dem Bus:<\/strong> Die Linie <strong>106<\/strong> h\u00e4lt direkt an der Station <strong>Rheinauhafen<\/strong>, nur wenige Schritte vom Platz entfernt. Auch die Linien <strong>132 und 133<\/strong> bringen euch bis <strong>Severinstra\u00dfe<\/strong>.<\/p><\/li><li><p><strong>Vom Hauptbahnhof K\u00f6ln:<\/strong> Mit den Linien <strong>16 oder 17<\/strong> Richtung S\u00fcden bis <strong>Severinstra\u00dfe<\/strong> (Fahrzeit ca. 8 Minuten), anschlie\u00dfend kurzer Fu\u00dfweg. Wer Lust hat, kann auch direkt zu Fu\u00df gehen \u2013 etwa 15 Minuten entlang der Rheinpromenade.<\/p><\/li><li><p><strong>Vom Flughafen K\u00f6ln\/Bonn:<\/strong> Mit der S-Bahn <strong>S19<\/strong> bis K\u00f6ln Hauptbahnhof, dort in die Stadtbahn <strong>16 oder 17<\/strong> umsteigen und bis <strong>Severinstra\u00dfe<\/strong> fahren. Danach ca. 10 Minuten zu Fu\u00df.<\/p><\/li><li><p><strong>F\u00fcr Autofahrer:<\/strong> Parkm\u00f6glichkeiten gibt es im <strong>Rheinauhafen<\/strong> (5 \u20ac pro angefangene Stunde) oder im <strong>B\u00fcrgerhaus Stollwerck<\/strong> (2 \u20ac pro angefangene Stunde).<\/p><\/li><\/ul>\t\t\t\t\t\t\t\t<\/div>\n\t\t\t\t<\/div>\n\t\t\t\t<\/div>\n\t\t<div class=\"elementor-element elementor-element-615bbc0 e-con-full e-flex e-con e-child\" data-id=\"615bbc0\" data-element_type=\"container\">\n\t\t<div class=\"elementor-element elementor-element-0436743 e-con-full e-flex e-con e-child\" data-id=\"0436743\" data-element_type=\"container\" data-settings=\"{&quot;background_background&quot;:&quot;classic&quot;}\">\n\t\t\t\t<div class=\"elementor-element elementor-element-0f2d9c2 elementor-widget elementor-widget-mae-headings\" data-id=\"0f2d9c2\" data-element_type=\"widget\" data-widget_type=\"mae-headings.default\">\n\t\t\t\t<div class=\"elementor-widget-container\">\n\t\t\t\t\t\t\t<div class=\"master-heading sep-none\">\n\t\t\t\t        \n\t        \n\t        \t        <h2 class=\"main-heading\">K\u00f6ln | Rheinland<\/h2>\n\t        \n\t        \n\t        \t    <\/div>\n\t    \t\t\t\t<\/div>\n\t\t\t\t<\/div>\n\t\t\t\t<div class=\"elementor-element elementor-element-4faf7a8 elementor-widget elementor-widget-text-editor\" data-id=\"4faf7a8\" data-element_type=\"widget\" data-widget_type=\"text-editor.default\">\n\t\t\t\t<div class=\"elementor-widget-container\">\n\t\t\t\t\t\t\t\t\t<p>Harry-Blum-Platz 2<br \/>50678 Cologne<br \/>Tel.: +49 (0) 221 29436585 | 86<br \/>Email: info@pi-quant.com<\/p>\t\t\t\t\t\t\t\t<\/div>\n\t\t\t\t<\/div>\n\t\t\t\t<\/div>\n\t\t\t\t<\/div>\n\t\t\t\t\t<\/div>\n\t\t\t\t<\/div>\n\t\t<div class=\"elementor-element elementor-element-25d2180 e-flex e-con-boxed e-con e-parent\" data-id=\"25d2180\" data-element_type=\"container\">\n\t\t\t\t\t<div class=\"e-con-inner\">\n\t\t\t\t<div class=\"elementor-element elementor-element-a515df2 elementor-widget elementor-widget-spacer\" data-id=\"a515df2\" data-element_type=\"widget\" data-widget_type=\"spacer.default\">\n\t\t\t\t<div class=\"elementor-widget-container\">\n\t\t\t\t\t\t\t<div class=\"elementor-spacer\">\n\t\t\t<div class=\"elementor-spacer-inner\"><\/div>\n\t\t<\/div>\n\t\t\t\t\t\t<\/div>\n\t\t\t\t<\/div>\n\t\t\t\t<div class=\"elementor-element elementor-element-f653ee5 elementor-widget elementor-widget-google_maps\" data-id=\"f653ee5\" data-element_type=\"widget\" data-widget_type=\"google_maps.default\">\n\t\t\t\t<div class=\"elementor-widget-container\">\n\t\t\t\t\t\t\t<div class=\"elementor-custom-embed\">\n\t\t\t<iframe loading=\"lazy\"\n\t\t\t\t\tsrc=\"https:\/\/maps.google.com\/maps?q=K%C3%B6ln%2C%20Harry%20Blum%20Platz%202&#038;t=m&#038;z=11&#038;output=embed&#038;iwloc=near\"\n\t\t\t\t\ttitle=\"K\u00f6ln, Harry Blum Platz 2\"\n\t\t\t\t\taria-label=\"K\u00f6ln, Harry Blum Platz 2\"\n\t\t\t><\/iframe>\n\t\t<\/div>\n\t\t\t\t\t\t<\/div>\n\t\t\t\t<\/div>\n\t\t\t\t\t<\/div>\n\t\t\t\t<\/div>\n\t\t\t\t<\/div>","protected":false},"excerpt":{"rendered":"<p>Gut dass Sie sich bei uns gemeldet haben Vielen Dank f\u00fcr die R\u00fcckmeldung Und wir freuen uns auf Sie Rufen Sie uns an! +49 221 29436585 Die Reise zum Harry-Blum-Platz Der Harry-Blum-Platz liegt mitten im modernen K\u00f6lner Rheinauhafen und ist bequem mit \u00f6ffentlichen Verkehrsmitteln erreichbar. Mit der Stadtbahn (KVB): Linie<\/p>","protected":false},"author":2,"featured_media":0,"parent":0,"menu_order":0,"comment_status":"closed","ping_status":"closed","template":"","meta":{"_monsterinsights_skip_tracking":false,"_monsterinsights_sitenote_active":false,"_monsterinsights_sitenote_note":"","_monsterinsights_sitenote_category":0,"footnotes":""},"class_list":["post-10805","page","type-page","status-publish","hentry"],"aioseo_notices":[],"_links":{"self":[{"href":"https:\/\/www.piquant.me\/en\/wp-json\/wp\/v2\/pages\/10805","targetHints":{"allow":["GET"]}}],"collection":[{"href":"https:\/\/www.piquant.me\/en\/wp-json\/wp\/v2\/pages"}],"about":[{"href":"https:\/\/www.piquant.me\/en\/wp-json\/wp\/v2\/types\/page"}],"author":[{"embeddable":true,"href":"https:\/\/www.piquant.me\/en\/wp-json\/wp\/v2\/users\/2"}],"replies":[{"embeddable":true,"href":"https:\/\/www.piquant.me\/en\/wp-json\/wp\/v2\/comments?post=10805"}],"version-history":[{"count":22,"href":"https:\/\/www.piquant.me\/en\/wp-json\/wp\/v2\/pages\/10805\/revisions"}],"predecessor-version":[{"id":10859,"href":"https:\/\/www.piquant.me\/en\/wp-json\/wp\/v2\/pages\/10805\/revisions\/10859"}],"wp:attachment":[{"href":"https:\/\/www.piquant.me\/en\/wp-json\/wp\/v2\/media?parent=10805"}],"curies":[{"name":"wp","href":"https:\/\/api.w.org\/{rel}","templated":true}]}}