{"id":10505,"date":"2025-07-10T10:28:36","date_gmt":"2025-07-10T08:28:36","guid":{"rendered":"https:\/\/www.piquant.me\/?page_id=10505"},"modified":"2025-07-18T13:20:31","modified_gmt":"2025-07-18T11:20:31","slug":"unser-team","status":"publish","type":"page","link":"https:\/\/www.piquant.me\/en\/unser-team\/","title":{"rendered":"Unser Team"},"content":{"rendered":"<div data-elementor-type=\"wp-page\" data-elementor-id=\"10505\" class=\"elementor elementor-10505\">\n\t\t\t\t<div class=\"elementor-element elementor-element-444aeaa e-flex e-con-boxed e-con e-parent\" data-id=\"444aeaa\" data-element_type=\"container\">\n\t\t\t\t\t<div class=\"e-con-inner\">\n\t\t\t\t<div class=\"elementor-element elementor-element-55a8f5a align-center elementor-widget elementor-widget-mae-headings\" data-id=\"55a8f5a\" data-element_type=\"widget\" data-widget_type=\"mae-headings.default\">\n\t\t\t\t<div class=\"elementor-widget-container\">\n\t\t\t\t\t\t\t<div class=\"master-heading sep-before\">\n\t\t\t\t        \t        \t<div class=\"pre-heading\">Das sind wir<\/div>\n\t        \n\t        <div class=\"sep\"><\/div>\n\t        \t        <h2 class=\"main-heading\">Unser Team<\/h2>\n\t        \n\t        \n\t        \t            <div class=\"sub-heading\">Unsere hochwertigen Services k\u00f6nnten wir ohne unser engagiertes Team nicht anbieten. Alle unsere Mitarbeiter sind bestens ausgebildet und bringen fundiertes Fachwissen in ihren spezifischen Bereichen mit. Eine hervorragende Expertise ist notwendig, um schwerwiegende Fehler zu vermeiden und Ziele mit h\u00f6chster Qualit\u00e4t abzuschlie\u00dfen. Wir f\u00f6rdern aktiv Teamgeist und ein kollegiales Miteinander \u2013 sei es bei der Zusammenarbeit an Projekten oder beim gemeinsamen Kaffeetrinken in den Pausen. Mit Blick auf die Zukunft m\u00f6chten wir weiter wachsen, um noch mehr Unternehmen mit unseren Kenntnissen in der IT-Beratung zuverl\u00e4ssig zu unterst\u00fctzen.<\/div>\n\t        \t    <\/div>\n\t    \t\t\t\t<\/div>\n\t\t\t\t<\/div>\n\t\t\t\t\t<\/div>\n\t\t\t\t<\/div>\n\t\t<div class=\"elementor-element elementor-element-6b8ec78 e-flex e-con-boxed e-con e-parent\" data-id=\"6b8ec78\" data-element_type=\"container\">\n\t\t\t\t\t<div class=\"e-con-inner\">\n\t\t\t\t<div class=\"elementor-element elementor-element-8f77519 team-style-1 elementor-widget elementor-widget-mae-team-carousel\" data-id=\"8f77519\" data-element_type=\"widget\" data-widget_type=\"mae-team-carousel.default\">\n\t\t\t\t<div class=\"elementor-widget-container\">\n\t\t\t\t\t\n        <div class=\"master-carousel-box mlr-1853592060\" data-config='{\"column\":\"3\",\"gap\":\"30px\",\"arrowPosition\":\"middle\",\"arrowMiddleOffset\":\"60px\",\"arrowTopOffset\":null,\"dotOffset\":null,\"stretch\":\"no\",\"autoPlay\":true,\"prevNextButtons\":true,\"pageDots\":false,\"activeIndex\":\"\"}'>\n                            <div class=\"master-team item-carousel\">\n                    <div class=\"inner\">\n                        <div class=\"avatar\"><a aria-label=\"avatar\" href=\"#\"><img fetchpriority=\"high\" decoding=\"async\" width=\"2560\" height=\"2560\" src=\"https:\/\/www.piquant.me\/wp-content\/uploads\/2025\/05\/PortraitGazi-scaled.jpg\" class=\"attachment-full size-full\" alt=\"\" srcset=\"https:\/\/www.piquant.me\/wp-content\/uploads\/2025\/05\/PortraitGazi-scaled.jpg 2560w, https:\/\/www.piquant.me\/wp-content\/uploads\/2025\/05\/PortraitGazi-300x300.jpg 300w, https:\/\/www.piquant.me\/wp-content\/uploads\/2025\/05\/PortraitGazi-1024x1024.jpg 1024w, https:\/\/www.piquant.me\/wp-content\/uploads\/2025\/05\/PortraitGazi-150x150.jpg 150w, https:\/\/www.piquant.me\/wp-content\/uploads\/2025\/05\/PortraitGazi-768x768.jpg 768w, https:\/\/www.piquant.me\/wp-content\/uploads\/2025\/05\/PortraitGazi-1536x1536.jpg 1536w, https:\/\/www.piquant.me\/wp-content\/uploads\/2025\/05\/PortraitGazi-2048x2048.jpg 2048w, https:\/\/www.piquant.me\/wp-content\/uploads\/2025\/05\/PortraitGazi-12x12.jpg 12w, https:\/\/www.piquant.me\/wp-content\/uploads\/2025\/05\/PortraitGazi-60x60.jpg 60w\" sizes=\"(max-width: 2560px) 100vw, 2560px\" \/><\/a><\/div>                        <div class=\"content-wrap\">\n                            <div class=\"name-role-info\">\n                                <h3 class=\"team-name\"><a href=\"#\">Dr. Gazi Barut<\/a><\/h3><span class=\"team-role\">Gesch\u00e4ftsf\u00fchrer und IT-Architekt<\/span>                            <\/div>\n\n                            <div class=\"socials-wrap\"><a aria-label=\"icon\" href=\"#\"><\/a><a aria-label=\"icon\" href=\"#\"><\/a><a aria-label=\"icon\" href=\"#\"><\/a><a aria-label=\"icon\" href=\"#\"><\/a><\/div>                        <\/div>\n                    <\/div>\n                <\/div>\n                            <div class=\"master-team item-carousel\">\n                    <div class=\"inner\">\n                        <div class=\"avatar\"><a aria-label=\"avatar\" href=\"#\"><img decoding=\"async\" width=\"2560\" height=\"2560\" src=\"https:\/\/www.piquant.me\/wp-content\/uploads\/2025\/05\/PortraitPaul-scaled.jpg\" class=\"attachment-full size-full\" alt=\"\" srcset=\"https:\/\/www.piquant.me\/wp-content\/uploads\/2025\/05\/PortraitPaul-scaled.jpg 2560w, https:\/\/www.piquant.me\/wp-content\/uploads\/2025\/05\/PortraitPaul-300x300.jpg 300w, https:\/\/www.piquant.me\/wp-content\/uploads\/2025\/05\/PortraitPaul-1024x1024.jpg 1024w, https:\/\/www.piquant.me\/wp-content\/uploads\/2025\/05\/PortraitPaul-150x150.jpg 150w, https:\/\/www.piquant.me\/wp-content\/uploads\/2025\/05\/PortraitPaul-768x768.jpg 768w, https:\/\/www.piquant.me\/wp-content\/uploads\/2025\/05\/PortraitPaul-1536x1536.jpg 1536w, https:\/\/www.piquant.me\/wp-content\/uploads\/2025\/05\/PortraitPaul-2048x2048.jpg 2048w, https:\/\/www.piquant.me\/wp-content\/uploads\/2025\/05\/PortraitPaul-12x12.jpg 12w, https:\/\/www.piquant.me\/wp-content\/uploads\/2025\/05\/PortraitPaul-60x60.jpg 60w\" sizes=\"(max-width: 2560px) 100vw, 2560px\" \/><\/a><\/div>                        <div class=\"content-wrap\">\n                            <div class=\"name-role-info\">\n                                <h3 class=\"team-name\"><a href=\"#\">Paul Koch<\/a><\/h3><span class=\"team-role\">Anwendungs- und Systemadministrator<\/span>                            <\/div>\n\n                            <div class=\"socials-wrap\"><a aria-label=\"icon\" href=\"#\"><\/a><a aria-label=\"icon\" href=\"#\"><\/a><a aria-label=\"icon\" href=\"#\"><\/a><a aria-label=\"icon\" href=\"#\"><\/a><\/div>                        <\/div>\n                    <\/div>\n                <\/div>\n                            <div class=\"master-team item-carousel\">\n                    <div class=\"inner\">\n                        <div class=\"avatar\"><a aria-label=\"avatar\" href=\"#\"><img decoding=\"async\" width=\"2560\" height=\"2560\" src=\"https:\/\/www.piquant.me\/wp-content\/uploads\/2025\/05\/PortraitBerfin-scaled.jpg\" class=\"attachment-full size-full\" alt=\"\" srcset=\"https:\/\/www.piquant.me\/wp-content\/uploads\/2025\/05\/PortraitBerfin-scaled.jpg 2560w, https:\/\/www.piquant.me\/wp-content\/uploads\/2025\/05\/PortraitBerfin-300x300.jpg 300w, https:\/\/www.piquant.me\/wp-content\/uploads\/2025\/05\/PortraitBerfin-1024x1024.jpg 1024w, https:\/\/www.piquant.me\/wp-content\/uploads\/2025\/05\/PortraitBerfin-150x150.jpg 150w, https:\/\/www.piquant.me\/wp-content\/uploads\/2025\/05\/PortraitBerfin-768x768.jpg 768w, https:\/\/www.piquant.me\/wp-content\/uploads\/2025\/05\/PortraitBerfin-1536x1536.jpg 1536w, https:\/\/www.piquant.me\/wp-content\/uploads\/2025\/05\/PortraitBerfin-2048x2048.jpg 2048w, https:\/\/www.piquant.me\/wp-content\/uploads\/2025\/05\/PortraitBerfin-12x12.jpg 12w, https:\/\/www.piquant.me\/wp-content\/uploads\/2025\/05\/PortraitBerfin-60x60.jpg 60w\" sizes=\"(max-width: 2560px) 100vw, 2560px\" \/><\/a><\/div>                        <div class=\"content-wrap\">\n                            <div class=\"name-role-info\">\n                                <h3 class=\"team-name\"><a href=\"#\">Berfin Alatas<\/a><\/h3><span class=\"team-role\">IT-Projektmanagerin<\/span>                            <\/div>\n\n                            <div class=\"socials-wrap\"><a aria-label=\"icon\" href=\"#\"><\/a><a aria-label=\"icon\" href=\"#\"><\/a><a aria-label=\"icon\" href=\"#\"><\/a><a aria-label=\"icon\" href=\"#\"><\/a><\/div>                        <\/div>\n                    <\/div>\n                <\/div>\n                            <div class=\"master-team item-carousel\">\n                    <div class=\"inner\">\n                        <div class=\"avatar\"><a aria-label=\"avatar\" href=\"#\"><img loading=\"lazy\" decoding=\"async\" width=\"2560\" height=\"2560\" src=\"https:\/\/www.piquant.me\/wp-content\/uploads\/2025\/05\/PortraitSercan-scaled.jpg\" class=\"attachment-full size-full\" alt=\"\" srcset=\"https:\/\/www.piquant.me\/wp-content\/uploads\/2025\/05\/PortraitSercan-scaled.jpg 2560w, https:\/\/www.piquant.me\/wp-content\/uploads\/2025\/05\/PortraitSercan-300x300.jpg 300w, https:\/\/www.piquant.me\/wp-content\/uploads\/2025\/05\/PortraitSercan-1024x1024.jpg 1024w, https:\/\/www.piquant.me\/wp-content\/uploads\/2025\/05\/PortraitSercan-150x150.jpg 150w, https:\/\/www.piquant.me\/wp-content\/uploads\/2025\/05\/PortraitSercan-768x768.jpg 768w, https:\/\/www.piquant.me\/wp-content\/uploads\/2025\/05\/PortraitSercan-1536x1536.jpg 1536w, https:\/\/www.piquant.me\/wp-content\/uploads\/2025\/05\/PortraitSercan-2048x2048.jpg 2048w, https:\/\/www.piquant.me\/wp-content\/uploads\/2025\/05\/PortraitSercan-12x12.jpg 12w, https:\/\/www.piquant.me\/wp-content\/uploads\/2025\/05\/PortraitSercan-60x60.jpg 60w\" sizes=\"(max-width: 2560px) 100vw, 2560px\" \/><\/a><\/div>                        <div class=\"content-wrap\">\n                            <div class=\"name-role-info\">\n                                <h3 class=\"team-name\"><a href=\"#\">Sercan Alatas<\/a><\/h3><span class=\"team-role\">IT-Architekt<\/span>                            <\/div>\n\n                            <div class=\"socials-wrap\"><a aria-label=\"icon\" href=\"#\"><\/a><a aria-label=\"icon\" href=\"#\"><\/a><a aria-label=\"icon\" href=\"#\"><\/a><a aria-label=\"icon\" href=\"#\"><\/a><\/div>                        <\/div>\n                    <\/div>\n                <\/div>\n                            <div class=\"master-team item-carousel\">\n                    <div class=\"inner\">\n                        <div class=\"avatar\"><a aria-label=\"avatar\" href=\"#\"><img loading=\"lazy\" decoding=\"async\" width=\"1920\" height=\"1920\" src=\"https:\/\/www.piquant.me\/wp-content\/uploads\/2025\/05\/20250527_094350-scaled-e1752837588603.jpg\" class=\"attachment-full size-full\" alt=\"\" srcset=\"https:\/\/www.piquant.me\/wp-content\/uploads\/2025\/05\/20250527_094350-scaled-e1752837588603.jpg 1920w, https:\/\/www.piquant.me\/wp-content\/uploads\/2025\/05\/20250527_094350-scaled-e1752837588603-300x300.jpg 300w, https:\/\/www.piquant.me\/wp-content\/uploads\/2025\/05\/20250527_094350-scaled-e1752837588603-1024x1024.jpg 1024w, https:\/\/www.piquant.me\/wp-content\/uploads\/2025\/05\/20250527_094350-scaled-e1752837588603-150x150.jpg 150w, https:\/\/www.piquant.me\/wp-content\/uploads\/2025\/05\/20250527_094350-scaled-e1752837588603-768x768.jpg 768w, https:\/\/www.piquant.me\/wp-content\/uploads\/2025\/05\/20250527_094350-scaled-e1752837588603-1536x1536.jpg 1536w, https:\/\/www.piquant.me\/wp-content\/uploads\/2025\/05\/20250527_094350-scaled-e1752837588603-12x12.jpg 12w, https:\/\/www.piquant.me\/wp-content\/uploads\/2025\/05\/20250527_094350-scaled-e1752837588603-60x60.jpg 60w\" sizes=\"(max-width: 1920px) 100vw, 1920px\" \/><\/a><\/div>                        <div class=\"content-wrap\">\n                            <div class=\"name-role-info\">\n                                <h3 class=\"team-name\"><a href=\"#\">Meryem Berfin Aydin<\/a><\/h3><span class=\"team-role\">Trainee IT-Management<\/span>                            <\/div>\n\n                            <div class=\"socials-wrap\"><a aria-label=\"icon\" href=\"#\"><\/a><a aria-label=\"icon\" href=\"#\"><\/a><a aria-label=\"icon\" href=\"#\"><\/a><a aria-label=\"icon\" href=\"#\"><\/a><\/div>                        <\/div>\n                    <\/div>\n                <\/div>\n                            <div class=\"master-team item-carousel\">\n                    <div class=\"inner\">\n                        <div class=\"avatar\"><a aria-label=\"avatar\" href=\"#\"><img loading=\"lazy\" decoding=\"async\" width=\"512\" height=\"512\" src=\"https:\/\/www.piquant.me\/wp-content\/uploads\/2025\/05\/cropped-Screenshot-11.png\" class=\"attachment-full size-full\" alt=\"\" srcset=\"https:\/\/www.piquant.me\/wp-content\/uploads\/2025\/05\/cropped-Screenshot-11.png 512w, https:\/\/www.piquant.me\/wp-content\/uploads\/2025\/05\/cropped-Screenshot-11-300x300.png 300w, https:\/\/www.piquant.me\/wp-content\/uploads\/2025\/05\/cropped-Screenshot-11-150x150.png 150w, https:\/\/www.piquant.me\/wp-content\/uploads\/2025\/05\/cropped-Screenshot-11-60x60.png 60w, https:\/\/www.piquant.me\/wp-content\/uploads\/2025\/05\/cropped-Screenshot-11-270x270.png 270w, https:\/\/www.piquant.me\/wp-content\/uploads\/2025\/05\/cropped-Screenshot-11-192x192.png 192w, https:\/\/www.piquant.me\/wp-content\/uploads\/2025\/05\/cropped-Screenshot-11-180x180.png 180w, https:\/\/www.piquant.me\/wp-content\/uploads\/2025\/05\/cropped-Screenshot-11-32x32.png 32w\" sizes=\"(max-width: 512px) 100vw, 512px\" \/><\/a><\/div>                        <div class=\"content-wrap\">\n                            <div class=\"name-role-info\">\n                                <h3 class=\"team-name\"><a href=\"#\">Levin Barut<\/a><\/h3><span class=\"team-role\">Trainee IT-Management<\/span>                            <\/div>\n\n                            <div class=\"socials-wrap\"><a aria-label=\"icon\" href=\"#\"><\/a><a aria-label=\"icon\" href=\"#\"><\/a><a aria-label=\"icon\" href=\"#\"><\/a><a aria-label=\"icon\" href=\"#\"><\/a><\/div>                        <\/div>\n                    <\/div>\n                <\/div>\n                    <\/div>\n\n        \t\t\t\t<\/div>\n\t\t\t\t<\/div>\n\t\t\t\t\t<\/div>\n\t\t\t\t<\/div>\n\t\t\t\t<\/div>","protected":false},"excerpt":{"rendered":"<p>Das sind wir Unser Team Unsere hochwertigen Services k\u00f6nnten wir ohne unser engagiertes Team nicht anbieten. Alle unsere Mitarbeiter sind bestens ausgebildet und bringen fundiertes Fachwissen in ihren spezifischen Bereichen mit. Eine hervorragende Expertise ist notwendig, um schwerwiegende Fehler zu vermeiden und Ziele mit h\u00f6chster Qualit\u00e4t abzuschlie\u00dfen. Wir f\u00f6rdern aktiv<\/p>","protected":false},"author":2,"featured_media":0,"parent":0,"menu_order":0,"comment_status":"closed","ping_status":"closed","template":"","meta":{"_monsterinsights_skip_tracking":false,"_monsterinsights_sitenote_active":false,"_monsterinsights_sitenote_note":"","_monsterinsights_sitenote_category":0,"footnotes":""},"class_list":["post-10505","page","type-page","status-publish","hentry"],"aioseo_notices":[],"_links":{"self":[{"href":"https:\/\/www.piquant.me\/en\/wp-json\/wp\/v2\/pages\/10505","targetHints":{"allow":["GET"]}}],"collection":[{"href":"https:\/\/www.piquant.me\/en\/wp-json\/wp\/v2\/pages"}],"about":[{"href":"https:\/\/www.piquant.me\/en\/wp-json\/wp\/v2\/types\/page"}],"author":[{"embeddable":true,"href":"https:\/\/www.piquant.me\/en\/wp-json\/wp\/v2\/users\/2"}],"replies":[{"embeddable":true,"href":"https:\/\/www.piquant.me\/en\/wp-json\/wp\/v2\/comments?post=10505"}],"version-history":[{"count":10,"href":"https:\/\/www.piquant.me\/en\/wp-json\/wp\/v2\/pages\/10505\/revisions"}],"predecessor-version":[{"id":10643,"href":"https:\/\/www.piquant.me\/en\/wp-json\/wp\/v2\/pages\/10505\/revisions\/10643"}],"wp:attachment":[{"href":"https:\/\/www.piquant.me\/en\/wp-json\/wp\/v2\/media?parent=10505"}],"curies":[{"name":"wp","href":"https:\/\/api.w.org\/{rel}","templated":true}]}}